{"id":16201,"date":"2025-08-18T19:25:49","date_gmt":"2025-08-18T16:25:49","guid":{"rendered":"https:\/\/pesu24.ee\/?post_type=product&#038;p=16201"},"modified":"2025-08-20T14:54:47","modified_gmt":"2025-08-20T11:54:47","slug":"kehasukk-obsessive-g332","status":"publish","type":"product","link":"https:\/\/pesu24.ee\/en\/kehasukad\/kehasukk-obsessive-g332\/","title":{"rendered":"Kehasukk Obsessive G332"},"content":{"rendered":"<p>Obsessive G332 on omap\u00e4rase l\u00f5ikega kehasukk, mille laia koega v\u00f5rk ei j\u00e4ta palju ruumi kujutlusv\u00f5imele. Kehasukk on valmistatud elastsest ja vastupidavast kangast, mille avatud jalgevahe lisab omakorda v\u00fcrtsikust.<\/p>\n<p><strong><span style=\"color: #008000;\">KOMPLEKT SISALDAB:<\/span><\/strong><\/p>\n<ul>\n<li>kehasukk<\/li>\n<\/ul>\n<p><span style=\"color: #008000;\"><strong>OMADUSED<\/strong><\/span><\/p>\n<ul>\n<li>must kehasukk<\/li>\n<li>avatud selg<\/li>\n<li>laia koega v\u00f5rk<\/li>\n<li>omap\u00e4rane disain<\/li>\n<li>avatud jalgevahe<\/li>\n<li>universaalsuurus &#8211; S\/M\/L<\/li>\n<li>elastne &amp; vastupidav kangas (90% nailon, 10% elastaan)<\/li>\n<\/ul>","protected":false},"excerpt":{"rendered":"<p>&#46;&#46;&#46;<\/p>","protected":false},"featured_media":16387,"comment_status":"open","ping_status":"closed","template":"","meta":{"_glsr_average":0,"_glsr_ranking":0,"_glsr_reviews":0},"product_brand":[500],"product_cat":[103],"product_tag":[160],"class_list":{"0":"post-16201","1":"product","2":"type-product","3":"status-publish","4":"has-post-thumbnail","6":"product_brand-obsessive","7":"product_cat-kehasukad","8":"product_tag-obsessive","9":"pa_suurus-universaalsuurus","10":"pa_varvus-must","12":"first","13":"instock","14":"sold-individually","15":"taxable","16":"shipping-taxable","17":"purchasable","18":"product-type-simple"},"_links":{"self":[{"href":"https:\/\/pesu24.ee\/en\/wp-json\/wp\/v2\/product\/16201","targetHints":{"allow":["GET"]}}],"collection":[{"href":"https:\/\/pesu24.ee\/en\/wp-json\/wp\/v2\/product"}],"about":[{"href":"https:\/\/pesu24.ee\/en\/wp-json\/wp\/v2\/types\/product"}],"replies":[{"embeddable":true,"href":"https:\/\/pesu24.ee\/en\/wp-json\/wp\/v2\/comments?post=16201"}],"wp:featuredmedia":[{"embeddable":true,"href":"https:\/\/pesu24.ee\/en\/wp-json\/wp\/v2\/media\/16387"}],"wp:attachment":[{"href":"https:\/\/pesu24.ee\/en\/wp-json\/wp\/v2\/media?parent=16201"}],"wp:term":[{"taxonomy":"product_brand","embeddable":true,"href":"https:\/\/pesu24.ee\/en\/wp-json\/wp\/v2\/product_brand?post=16201"},{"taxonomy":"product_cat","embeddable":true,"href":"https:\/\/pesu24.ee\/en\/wp-json\/wp\/v2\/product_cat?post=16201"},{"taxonomy":"product_tag","embeddable":true,"href":"https:\/\/pesu24.ee\/en\/wp-json\/wp\/v2\/product_tag?post=16201"}],"curies":[{"name":"wp","href":"https:\/\/api.w.org\/{rel}","templated":true}]}}