{"id":16219,"date":"2025-08-18T19:26:15","date_gmt":"2025-08-18T16:26:15","guid":{"rendered":"https:\/\/pesu24.ee\/?post_type=product&#038;p=16219"},"modified":"2026-03-30T13:51:10","modified_gmt":"2026-03-30T11:51:10","slug":"kehasukk-obsessive-g326","status":"publish","type":"product","link":"https:\/\/pesu24.ee\/en\/kehasukad\/kehasukk-obsessive-g326\/","title":{"rendered":"Kehasukk Obsessive G326"},"content":{"rendered":"<p>See \u00fclimalt v\u00f5rgutav ja ahvatlev Obsessive G326 kehasukk on pakkumine v\u00fcrtside austajatele, mis on kombineeritud peene elegantsiga. M\u00f5nusa puudutusega kudum katab keha seksikalt nagu teine \u200b\u200bnahk ning ainulaadne muster s\u00fctitab meeli ja \u00f5hutab ulakatele pahandustele.<\/p>\n<p>S\u00fcgav kaelus esi- ja tagak\u00fcljel lisab seksapiili ning avatud jalgevahe t\u00f5stab armum\u00e4ngu temperatuuri magamistoas veelgi. Kas olete valmis v\u00fcrtsikaks elamuseks?<\/p>\n<p><strong><span style=\"color: #008000;\">KOMPLEKT SISALDAB:<\/span><\/strong><\/p>\n<ul>\n<li>kehasukk<\/li>\n<\/ul>\n<p><span style=\"color: #008000;\"><strong>OMADUSED<\/strong><\/span><\/p>\n<ul>\n<li>ahvatlev must kehasukk<\/li>\n<li>kvaliteetne kudum<\/li>\n<li>unikaalne ja seksikas mao muster<\/li>\n<li>pikad varrukad s\u00f5rmeaasadega<\/li>\n<li>avatud jalgevahe<\/li>\n<li>universaal suurus &#8211; S\/M\/L<\/li>\n<li>mugav &amp; elastne kangas (90% nailon, 10% elastaan)<\/li>\n<\/ul>\n<p><span style=\"color: #008000;\"><strong>VIDEO<\/strong><\/span><\/p>\n<div class=\"video-container\"><iframe loading=\"lazy\" title=\"UNIK\u00c1TN\u00cd BODY G326 BODYSTOCKING - OBSESSIVE\" width=\"500\" height=\"281\" src=\"https:\/\/www.youtube.com\/embed\/NWMbuZFg7t8?feature=oembed&#038;wmode=opaque\" frameborder=\"0\" allow=\"accelerometer; autoplay; clipboard-write; encrypted-media; gyroscope; picture-in-picture; web-share\" referrerpolicy=\"strict-origin-when-cross-origin\" allowfullscreen><\/iframe><\/div>","protected":false},"excerpt":{"rendered":"<p>&#46;&#46;&#46;<\/p>","protected":false},"featured_media":16360,"comment_status":"open","ping_status":"closed","template":"","meta":{"_glsr_average":0,"_glsr_ranking":0,"_glsr_reviews":0},"product_brand":[500],"product_cat":[103],"product_tag":[160],"class_list":{"0":"post-16219","1":"product","2":"type-product","3":"status-publish","4":"has-post-thumbnail","6":"product_brand-obsessive","7":"product_cat-kehasukad","8":"product_tag-obsessive","9":"pa_suurus-universaalsuurus","10":"pa_varvus-must","12":"first","13":"instock","14":"sold-individually","15":"taxable","16":"shipping-taxable","17":"purchasable","18":"product-type-simple"},"_links":{"self":[{"href":"https:\/\/pesu24.ee\/en\/wp-json\/wp\/v2\/product\/16219","targetHints":{"allow":["GET"]}}],"collection":[{"href":"https:\/\/pesu24.ee\/en\/wp-json\/wp\/v2\/product"}],"about":[{"href":"https:\/\/pesu24.ee\/en\/wp-json\/wp\/v2\/types\/product"}],"replies":[{"embeddable":true,"href":"https:\/\/pesu24.ee\/en\/wp-json\/wp\/v2\/comments?post=16219"}],"wp:featuredmedia":[{"embeddable":true,"href":"https:\/\/pesu24.ee\/en\/wp-json\/wp\/v2\/media\/16360"}],"wp:attachment":[{"href":"https:\/\/pesu24.ee\/en\/wp-json\/wp\/v2\/media?parent=16219"}],"wp:term":[{"taxonomy":"product_brand","embeddable":true,"href":"https:\/\/pesu24.ee\/en\/wp-json\/wp\/v2\/product_brand?post=16219"},{"taxonomy":"product_cat","embeddable":true,"href":"https:\/\/pesu24.ee\/en\/wp-json\/wp\/v2\/product_cat?post=16219"},{"taxonomy":"product_tag","embeddable":true,"href":"https:\/\/pesu24.ee\/en\/wp-json\/wp\/v2\/product_tag?post=16219"}],"curies":[{"name":"wp","href":"https:\/\/api.w.org\/{rel}","templated":true}]}}