{"id":16221,"date":"2025-08-18T19:26:15","date_gmt":"2025-08-18T16:26:15","guid":{"rendered":"https:\/\/pesu24.ee\/?post_type=product&#038;p=16221"},"modified":"2025-08-20T14:54:46","modified_gmt":"2025-08-20T11:54:46","slug":"kehasukk-obsessive-n122","status":"publish","type":"product","link":"https:\/\/pesu24.ee\/en\/kehasukad\/kehasukk-obsessive-n122\/","title":{"rendered":"Kehasukk Obsessive N122"},"content":{"rendered":"<p>Obsessive N122 kehasuka tuline punane v\u00e4rv ja motiiv annavad teile enesekindlust ja s\u00fc\u00fctavad meeled kirglikeks hetkedeks. Geomeetriline muster katab sensuaalselt teie keha ja v\u00e4ljal\u00f5ige seljal on ahvatlev sihtm\u00e4rgiks.<\/p>\n<p>V\u00f5rkmuster ei piira liikumist ja muudab selle pesuosa teile sobivaks nagu teine nahk. Seksikust lisab avatud jalgevahe, mis ei j\u00e4ta palju ruumi kujutlusv\u00f5imele.<\/p>\n<p><strong><span style=\"color: #008000;\">KOMPLEKT SISALDAB:<\/span><\/strong><\/p>\n<ul>\n<li>kehasukk<\/li>\n<\/ul>\n<p><span style=\"color: #008000;\"><strong>OMADUSED<\/strong><\/span><\/p>\n<ul>\n<li>punane kehasukk<\/li>\n<li>optiliselt salendav<\/li>\n<li>geomeetrilised mustrid<\/li>\n<li>toob esile naiselikud kumerused<\/li>\n<li>avatud jalgevahe<\/li>\n<li>elastne &amp; vastupidav kangas (90% nailon, 10% elastaan)<\/li>\n<\/ul>","protected":false},"excerpt":{"rendered":"<p>&#46;&#46;&#46;<\/p>","protected":false},"featured_media":16408,"comment_status":"open","ping_status":"closed","template":"","meta":{"_glsr_average":0,"_glsr_ranking":0,"_glsr_reviews":0},"product_brand":[500],"product_cat":[103],"product_tag":[160],"class_list":{"0":"post-16221","1":"product","2":"type-product","3":"status-publish","4":"has-post-thumbnail","6":"product_brand-obsessive","7":"product_cat-kehasukad","8":"product_tag-obsessive","9":"pa_suurus-universaalsuurus","10":"pa_suurus-xl-xxl","11":"pa_varvus-punane","13":"first","14":"instock","15":"sold-individually","16":"taxable","17":"shipping-taxable","18":"purchasable","19":"product-type-variable"},"_links":{"self":[{"href":"https:\/\/pesu24.ee\/en\/wp-json\/wp\/v2\/product\/16221","targetHints":{"allow":["GET"]}}],"collection":[{"href":"https:\/\/pesu24.ee\/en\/wp-json\/wp\/v2\/product"}],"about":[{"href":"https:\/\/pesu24.ee\/en\/wp-json\/wp\/v2\/types\/product"}],"replies":[{"embeddable":true,"href":"https:\/\/pesu24.ee\/en\/wp-json\/wp\/v2\/comments?post=16221"}],"wp:featuredmedia":[{"embeddable":true,"href":"https:\/\/pesu24.ee\/en\/wp-json\/wp\/v2\/media\/16408"}],"wp:attachment":[{"href":"https:\/\/pesu24.ee\/en\/wp-json\/wp\/v2\/media?parent=16221"}],"wp:term":[{"taxonomy":"product_brand","embeddable":true,"href":"https:\/\/pesu24.ee\/en\/wp-json\/wp\/v2\/product_brand?post=16221"},{"taxonomy":"product_cat","embeddable":true,"href":"https:\/\/pesu24.ee\/en\/wp-json\/wp\/v2\/product_cat?post=16221"},{"taxonomy":"product_tag","embeddable":true,"href":"https:\/\/pesu24.ee\/en\/wp-json\/wp\/v2\/product_tag?post=16221"}],"curies":[{"name":"wp","href":"https:\/\/api.w.org\/{rel}","templated":true}]}}