{"id":16238,"date":"2025-08-18T19:26:38","date_gmt":"2025-08-18T16:26:38","guid":{"rendered":"https:\/\/pesu24.ee\/?post_type=product&#038;p=16238"},"modified":"2026-03-05T10:01:56","modified_gmt":"2026-03-05T08:01:56","slug":"kehasukk-beauty-night-lorna","status":"publish","type":"product","link":"https:\/\/pesu24.ee\/en\/kehasukad\/kehasukk-beauty-night-lorna\/","title":{"rendered":"Kehasukk Beauty Night Lorna"},"content":{"rendered":"<p>Beauty Night\u00a0Lorna kehasukk on loodud selleks, et t\u00f5sta Teie enesekindlust ja muuta iga hetk eriliseks. Selle sensuaalne disain ja luksuslikud detailid toovad esile Teie naiselikkuse ning loovad unustamatud hetked. Olgu tegemist romantilise kohtinguga v\u00f5i kirgliku \u00f6\u00f6ga, Beauty Night Lorna kehasukk muudab Teid vastupandamatuks ning toob esile Teie sensuaalsuse parimal v\u00f5imalikul moel.<\/p>\n<p><span style=\"color: #008000;\"><strong>KOMPLEKT SISALDAB:<\/strong><\/span><\/p>\n<ul>\n<li>kehasukk<\/li>\n<\/ul>\n<p><span style=\"color: #008000;\"><strong>DETAILS:<\/strong><\/span><\/p>\n<ul>\n<li>geomeetriline v\u00f5rkmuster<\/li>\n<li>3\/4 pikkusega varrukad<\/li>\n<li>avatud jalgevahe<\/li>\n<li>saadaval universaalsuuruses S\/M\/L<\/li>\n<li>valmistatud mugavast &amp; elastsest kangast (90% pol\u00fcamiid ja 10% elastaan)<\/li>\n<\/ul>","protected":false},"excerpt":{"rendered":"<p>&#46;&#46;&#46;<\/p>","protected":false},"featured_media":16429,"comment_status":"open","ping_status":"closed","template":"","meta":{"_glsr_average":0,"_glsr_ranking":0,"_glsr_reviews":0},"product_brand":[503],"product_cat":[103],"product_tag":[403],"class_list":{"0":"post-16238","1":"product","2":"type-product","3":"status-publish","4":"has-post-thumbnail","6":"product_brand-beauty-night","7":"product_cat-kehasukad","8":"product_tag-beauty-night","9":"pa_suurus-universaalsuurus","10":"pa_varvus-must","11":"pa_varvus-punane","13":"first","14":"instock","15":"sold-individually","16":"taxable","17":"shipping-taxable","18":"purchasable","19":"product-type-variable"},"_links":{"self":[{"href":"https:\/\/pesu24.ee\/en\/wp-json\/wp\/v2\/product\/16238","targetHints":{"allow":["GET"]}}],"collection":[{"href":"https:\/\/pesu24.ee\/en\/wp-json\/wp\/v2\/product"}],"about":[{"href":"https:\/\/pesu24.ee\/en\/wp-json\/wp\/v2\/types\/product"}],"replies":[{"embeddable":true,"href":"https:\/\/pesu24.ee\/en\/wp-json\/wp\/v2\/comments?post=16238"}],"wp:featuredmedia":[{"embeddable":true,"href":"https:\/\/pesu24.ee\/en\/wp-json\/wp\/v2\/media\/16429"}],"wp:attachment":[{"href":"https:\/\/pesu24.ee\/en\/wp-json\/wp\/v2\/media?parent=16238"}],"wp:term":[{"taxonomy":"product_brand","embeddable":true,"href":"https:\/\/pesu24.ee\/en\/wp-json\/wp\/v2\/product_brand?post=16238"},{"taxonomy":"product_cat","embeddable":true,"href":"https:\/\/pesu24.ee\/en\/wp-json\/wp\/v2\/product_cat?post=16238"},{"taxonomy":"product_tag","embeddable":true,"href":"https:\/\/pesu24.ee\/en\/wp-json\/wp\/v2\/product_tag?post=16238"}],"curies":[{"name":"wp","href":"https:\/\/api.w.org\/{rel}","templated":true}]}}