{"id":16239,"date":"2025-08-18T19:26:38","date_gmt":"2025-08-18T16:26:38","guid":{"rendered":"https:\/\/pesu24.ee\/?post_type=product&#038;p=16239"},"modified":"2025-09-23T09:55:56","modified_gmt":"2025-09-23T06:55:56","slug":"kehasukk-beauty-night-courtney","status":"publish","type":"product","link":"https:\/\/pesu24.ee\/en\/kehasukad\/kehasukk-beauty-night-courtney\/","title":{"rendered":"Kehasukk Beauty Night Courtney"},"content":{"rendered":"<p>Beauty Night Courtney kehasukk toob esile Teie sensuaalsuse ja v\u00f5lu, pakkudes samal ajal elegantset ja luksuslikku stiili. Selle kehasuka elegantne disain ja seksikas l\u00f5ige muudavad iga hetke eriliseks, olgu tegemist romantilise \u00f5htus\u00f6\u00f6gi v\u00f5i kirgliku \u00f6\u00f6ga.<\/p>\n<p><span style=\"color: #008000;\"><strong>KOMPLEKT SISALDAB:<\/strong><\/span><\/p>\n<ul>\n<li>kehasukk<\/li>\n<\/ul>\n<p><span style=\"color: #008000;\"><strong>DETAILS:<\/strong><\/span><\/p>\n<ul>\n<li>geomeetriline v\u00f5rkmuster<\/li>\n<li>l\u00fchikesed varrukad<\/li>\n<li>avatud jalgevahe<\/li>\n<li>saadaval universaalsuuruses S\/M\/L<\/li>\n<li>valmistatud mugavast &amp; elastsest kangast (90% pol\u00fcamiid ja 10% elastaan)<\/li>\n<\/ul>","protected":false},"excerpt":{"rendered":"<p>&#46;&#46;&#46;<\/p>","protected":false},"featured_media":16441,"comment_status":"open","ping_status":"closed","template":"","meta":{"_glsr_average":0,"_glsr_ranking":0,"_glsr_reviews":0},"product_brand":[503],"product_cat":[103],"product_tag":[403],"class_list":{"0":"post-16239","1":"product","2":"type-product","3":"status-publish","4":"has-post-thumbnail","6":"product_brand-beauty-night","7":"product_cat-kehasukad","8":"product_tag-beauty-night","9":"pa_suurus-universaalsuurus","10":"pa_varvus-must","11":"pa_varvus-punane","13":"first","14":"instock","15":"sold-individually","16":"taxable","17":"shipping-taxable","18":"purchasable","19":"product-type-variable"},"_links":{"self":[{"href":"https:\/\/pesu24.ee\/en\/wp-json\/wp\/v2\/product\/16239","targetHints":{"allow":["GET"]}}],"collection":[{"href":"https:\/\/pesu24.ee\/en\/wp-json\/wp\/v2\/product"}],"about":[{"href":"https:\/\/pesu24.ee\/en\/wp-json\/wp\/v2\/types\/product"}],"replies":[{"embeddable":true,"href":"https:\/\/pesu24.ee\/en\/wp-json\/wp\/v2\/comments?post=16239"}],"wp:featuredmedia":[{"embeddable":true,"href":"https:\/\/pesu24.ee\/en\/wp-json\/wp\/v2\/media\/16441"}],"wp:attachment":[{"href":"https:\/\/pesu24.ee\/en\/wp-json\/wp\/v2\/media?parent=16239"}],"wp:term":[{"taxonomy":"product_brand","embeddable":true,"href":"https:\/\/pesu24.ee\/en\/wp-json\/wp\/v2\/product_brand?post=16239"},{"taxonomy":"product_cat","embeddable":true,"href":"https:\/\/pesu24.ee\/en\/wp-json\/wp\/v2\/product_cat?post=16239"},{"taxonomy":"product_tag","embeddable":true,"href":"https:\/\/pesu24.ee\/en\/wp-json\/wp\/v2\/product_tag?post=16239"}],"curies":[{"name":"wp","href":"https:\/\/api.w.org\/{rel}","templated":true}]}}