{"id":16240,"date":"2025-08-18T19:26:38","date_gmt":"2025-08-18T16:26:38","guid":{"rendered":"https:\/\/pesu24.ee\/?post_type=product&#038;p=16240"},"modified":"2025-08-21T15:31:26","modified_gmt":"2025-08-21T12:31:26","slug":"kehasukk-obsessive-n123","status":"publish","type":"product","link":"https:\/\/pesu24.ee\/en\/kehasukad\/kehasukk-obsessive-n123\/","title":{"rendered":"Kehasukk Obsessive N123"},"content":{"rendered":"<p>Sisene maailma, kus elegants kohtub kiusatusega &#8211; Obsessive N123 kehasukk on rohkem kui lihtsalt pesu, see on sensuaalsuse kunstiteos. Kujundatud t\u00e4iuslikkuse poole, see kehasukk \u00fchendab luksusliku pitsi, pehme mikrokiudmaterjali ja meisterliku l\u00f5ike, et esile tuua sinu naiselikku ilu.<\/p>\n<p>Obsessive N123 kehasukk kallistab su keha, r\u00f5hutades graatsiliselt su kurve, olles samal ajal mugav ja kergelt kiusakas. See on vastupandamatu valik neile, kes soovivad kogeda unustamatuid hetki sensuaalsuses.<\/p>\n<p><strong><span style=\"color: #008000;\">KOMPLEKT SISALDAB:<\/span><\/strong><\/p>\n<ul>\n<li>kehasukk<\/li>\n<\/ul>\n<p><span style=\"color: #008000;\"><strong>OMADUSED<\/strong><\/span><\/p>\n<ul>\n<li>intrigeeriv muster<\/li>\n<li>ebatavalise l\u00f5ikega<\/li>\n<li>avatud jalgevahe<\/li>\n<li>universaalsuurus &#8211; S\/M\/L<\/li>\n<li>elastne &amp; vastupidav kangas (88% pol\u00fcamiid, 12% elastaan)<\/li>\n<\/ul>","protected":false},"excerpt":{"rendered":"<p>&#46;&#46;&#46;<\/p>","protected":false},"featured_media":16450,"comment_status":"open","ping_status":"closed","template":"","meta":{"_glsr_average":0,"_glsr_ranking":0,"_glsr_reviews":0},"product_brand":[500],"product_cat":[103],"product_tag":[160],"class_list":{"0":"post-16240","1":"product","2":"type-product","3":"status-publish","4":"has-post-thumbnail","6":"product_brand-obsessive","7":"product_cat-kehasukad","8":"product_tag-obsessive","9":"pa_suurus-universaalsuurus","10":"pa_varvus-must","12":"first","13":"instock","14":"sold-individually","15":"taxable","16":"shipping-taxable","17":"purchasable","18":"product-type-simple"},"_links":{"self":[{"href":"https:\/\/pesu24.ee\/en\/wp-json\/wp\/v2\/product\/16240","targetHints":{"allow":["GET"]}}],"collection":[{"href":"https:\/\/pesu24.ee\/en\/wp-json\/wp\/v2\/product"}],"about":[{"href":"https:\/\/pesu24.ee\/en\/wp-json\/wp\/v2\/types\/product"}],"replies":[{"embeddable":true,"href":"https:\/\/pesu24.ee\/en\/wp-json\/wp\/v2\/comments?post=16240"}],"wp:featuredmedia":[{"embeddable":true,"href":"https:\/\/pesu24.ee\/en\/wp-json\/wp\/v2\/media\/16450"}],"wp:attachment":[{"href":"https:\/\/pesu24.ee\/en\/wp-json\/wp\/v2\/media?parent=16240"}],"wp:term":[{"taxonomy":"product_brand","embeddable":true,"href":"https:\/\/pesu24.ee\/en\/wp-json\/wp\/v2\/product_brand?post=16240"},{"taxonomy":"product_cat","embeddable":true,"href":"https:\/\/pesu24.ee\/en\/wp-json\/wp\/v2\/product_cat?post=16240"},{"taxonomy":"product_tag","embeddable":true,"href":"https:\/\/pesu24.ee\/en\/wp-json\/wp\/v2\/product_tag?post=16240"}],"curies":[{"name":"wp","href":"https:\/\/api.w.org\/{rel}","templated":true}]}}