{"id":16256,"date":"2025-08-18T19:27:02","date_gmt":"2025-08-18T16:27:02","guid":{"rendered":"https:\/\/pesu24.ee\/?post_type=product&#038;p=16256"},"modified":"2025-10-02T14:29:35","modified_gmt":"2025-10-02T11:29:35","slug":"kehasukk-obsessive-g139","status":"publish","type":"product","link":"https:\/\/pesu24.ee\/en\/kehasukad\/kehasukk-obsessive-g139\/","title":{"rendered":"Kehasukk Obsessive G139 (universaalsuurus)"},"content":{"rendered":"<p>Obsessive G139 kehasukk on ideaalne valik kui otsite ebatraditsioonilist pesu, mis v\u00f5lub sinu teist poolt.<\/p>\n<p>See kehasukk \u00fchendab endas kerguse, ebatavalise l\u00f5ike ja lisab v\u00fcrtsika iseloomu. Geomeetrilised motiivid levivad kaunilt \u00fcle keha, r\u00f5hutades teie naiselikku figuuri.<\/p>\n<p>Omadused<\/p>\n<ul>\n<li>komplektis kehasukk<\/li>\n<li><strong>\u00fcks suurus:<\/strong> S\/M\/L (universaalsuurus)<\/li>\n<li>h\u00e4sti l\u00e4bim\u00f5eldud &amp; pilkup\u00fc\u00fcdev muster<\/li>\n<li>avatud jalgevahe<\/li>\n<li>elastne &amp; vastupidav kangas (90% nailon, 10% elastaan)<\/li>\n<\/ul>","protected":false},"excerpt":{"rendered":"<p>Omadused<\/p>\n<ul>\n<li>komplektis kehasukk<\/li>\n<li><strong>\u00fcks suurus:<\/strong> S\/M\/L (universaalsuurus)<\/li>\n<li>h\u00e4sti l\u00e4bim\u00f5eldud &amp; pilkup\u00fc\u00fcdev muster<\/li>\n<li>avatud jalgevahe<\/li>\n<li>elastne &amp; vastupidav kangas (90% nailon, 10% elastaan)<\/li>\n<\/ul>","protected":false},"featured_media":16457,"comment_status":"open","ping_status":"closed","template":"","meta":{"_glsr_average":0,"_glsr_ranking":0,"_glsr_reviews":0},"product_brand":[500],"product_cat":[103],"product_tag":[160],"class_list":{"0":"post-16256","1":"product","2":"type-product","3":"status-publish","4":"has-post-thumbnail","6":"product_brand-obsessive","7":"product_cat-kehasukad","8":"product_tag-obsessive","9":"pa_suurus-universaalsuurus","10":"pa_varvus-must","12":"first","13":"instock","14":"sold-individually","15":"taxable","16":"shipping-taxable","17":"purchasable","18":"product-type-simple"},"_links":{"self":[{"href":"https:\/\/pesu24.ee\/en\/wp-json\/wp\/v2\/product\/16256","targetHints":{"allow":["GET"]}}],"collection":[{"href":"https:\/\/pesu24.ee\/en\/wp-json\/wp\/v2\/product"}],"about":[{"href":"https:\/\/pesu24.ee\/en\/wp-json\/wp\/v2\/types\/product"}],"replies":[{"embeddable":true,"href":"https:\/\/pesu24.ee\/en\/wp-json\/wp\/v2\/comments?post=16256"}],"wp:featuredmedia":[{"embeddable":true,"href":"https:\/\/pesu24.ee\/en\/wp-json\/wp\/v2\/media\/16457"}],"wp:attachment":[{"href":"https:\/\/pesu24.ee\/en\/wp-json\/wp\/v2\/media?parent=16256"}],"wp:term":[{"taxonomy":"product_brand","embeddable":true,"href":"https:\/\/pesu24.ee\/en\/wp-json\/wp\/v2\/product_brand?post=16256"},{"taxonomy":"product_cat","embeddable":true,"href":"https:\/\/pesu24.ee\/en\/wp-json\/wp\/v2\/product_cat?post=16256"},{"taxonomy":"product_tag","embeddable":true,"href":"https:\/\/pesu24.ee\/en\/wp-json\/wp\/v2\/product_tag?post=16256"}],"curies":[{"name":"wp","href":"https:\/\/api.w.org\/{rel}","templated":true}]}}