{"id":16420,"date":"2025-08-18T19:31:07","date_gmt":"2025-08-18T16:31:07","guid":{"rendered":"https:\/\/pesu24.ee\/?post_type=product&#038;p=16420"},"modified":"2025-08-21T15:31:42","modified_gmt":"2025-08-21T12:31:42","slug":"kehasukk-obsessive-g336","status":"publish","type":"product","link":"https:\/\/pesu24.ee\/en\/kehasukad\/kehasukk-obsessive-g336\/","title":{"rendered":"Kehasukk Obsessive G336"},"content":{"rendered":"<p>Soovid lisada oma magamistoale v\u00fcrtsi? Sel juhul on ideaalseks lahenduseks Obsessive G336 kehasukk, mis lausa v\u00f5lub oma t\u00e4iesti unikaalse disainiga.<\/p>\n<p>V\u00f5rkmaterjal istub kehale ideaalselt, r\u00f5hutades naiselikke vorme, lisades veetlust ja tagades samal ajal mugavuse. Mustad lainelised triibud, mis jooksevad kogu keha pikkuses koos paljastatud tagumiku ja avatud jalgevahega loovad ahvatleva terviku, mis s\u00fctitab kirge igal sammul.<\/p>\n<p><span style=\"color: #008000;\"><strong>KOMPLEKT SISALDAB:<\/strong><\/span><\/p>\n<ul>\n<li>kehasukk<\/li>\n<\/ul>\n<p><span style=\"color: #008000;\"><strong>DETAILS:<\/strong><\/span><\/p>\n<ul>\n<li>ahvatlev kehasukk<\/li>\n<li>avatud jalgevahe<\/li>\n<li>geomeetriline muster<\/li>\n<li>saadaval universaalsuuruses &#8211; S\/M\/L<\/li>\n<li>mugav &amp; elastne kangas (90% nailon &amp; 10% elastaan)<\/li>\n<\/ul>","protected":false},"excerpt":{"rendered":"<p>&#46;&#46;&#46;<\/p>","protected":false},"featured_media":16463,"comment_status":"open","ping_status":"closed","template":"","meta":{"_glsr_average":0,"_glsr_ranking":0,"_glsr_reviews":0},"product_brand":[500],"product_cat":[103],"product_tag":[160],"class_list":{"0":"post-16420","1":"product","2":"type-product","3":"status-publish","4":"has-post-thumbnail","6":"product_brand-obsessive","7":"product_cat-kehasukad","8":"product_tag-obsessive","9":"pa_suurus-universaalsuurus","10":"pa_varvus-must","12":"first","13":"instock","14":"sold-individually","15":"taxable","16":"shipping-taxable","17":"purchasable","18":"product-type-simple"},"_links":{"self":[{"href":"https:\/\/pesu24.ee\/en\/wp-json\/wp\/v2\/product\/16420","targetHints":{"allow":["GET"]}}],"collection":[{"href":"https:\/\/pesu24.ee\/en\/wp-json\/wp\/v2\/product"}],"about":[{"href":"https:\/\/pesu24.ee\/en\/wp-json\/wp\/v2\/types\/product"}],"replies":[{"embeddable":true,"href":"https:\/\/pesu24.ee\/en\/wp-json\/wp\/v2\/comments?post=16420"}],"wp:featuredmedia":[{"embeddable":true,"href":"https:\/\/pesu24.ee\/en\/wp-json\/wp\/v2\/media\/16463"}],"wp:attachment":[{"href":"https:\/\/pesu24.ee\/en\/wp-json\/wp\/v2\/media?parent=16420"}],"wp:term":[{"taxonomy":"product_brand","embeddable":true,"href":"https:\/\/pesu24.ee\/en\/wp-json\/wp\/v2\/product_brand?post=16420"},{"taxonomy":"product_cat","embeddable":true,"href":"https:\/\/pesu24.ee\/en\/wp-json\/wp\/v2\/product_cat?post=16420"},{"taxonomy":"product_tag","embeddable":true,"href":"https:\/\/pesu24.ee\/en\/wp-json\/wp\/v2\/product_tag?post=16420"}],"curies":[{"name":"wp","href":"https:\/\/api.w.org\/{rel}","templated":true}]}}