{"id":16422,"date":"2025-08-18T19:31:07","date_gmt":"2025-08-18T16:31:07","guid":{"rendered":"https:\/\/pesu24.ee\/?post_type=product&#038;p=16422"},"modified":"2025-08-20T14:54:46","modified_gmt":"2025-08-20T11:54:46","slug":"kehasukk-obsessive-f241","status":"publish","type":"product","link":"https:\/\/pesu24.ee\/en\/kehasukad\/kehasukk-obsessive-f241\/","title":{"rendered":"Kehasukk Obsessive F241"},"content":{"rendered":"<p>Astuge t\u00e4helepanu keskpunkti Obsessive F241 kehasukaga, mis on loodud selleks, et t\u00f5sta esile teie naiselikkust ja lisada teie v\u00e4limusele julget stiili. See kehasukk \u00fchendab peene v\u00f5rgu ja intrigeerivad mustrid, luues lummava ja meeldej\u00e4\u00e4va disaini, mis ei j\u00e4ta kedagi k\u00fclmaks. Iga detail on hoolikalt l\u00e4bi m\u00f5eldud, et pakkuda t\u00e4iuslikku kombinatsiooni elegantsist ja sensuaalsusest.<\/p>\n<p>F241 kehasuka paindlik kangas j\u00e4rgib teie keha kumerusi, pakkudes samal ajal t\u00e4ielikku mugavust. See t\u00e4hendab, et saate end vabalt ja enesekindlalt tunda, olenemata olukorrast. Kehasukka kandes on teil v\u00f5imalus v\u00e4ljendada oma unikaalset stiili ja tuua oma \u00f5htusse veidi rohkem p\u00f5nevust ja salap\u00e4ra.<\/p>\n<p>Olgu tegu erilise s\u00fcndmuse v\u00f5i lihtsalt sooviga midagi uut proovida, Obsessive F241 kehasukk on ideaalne valik. See unikaalne ja lummav disain kutsub teid laskma oma kujutlusv\u00f5imel lennata ja avastama uusi stiilseid v\u00f5imalusi. Lase F241 kehasukal olla sinu saladuslik ja v\u00f5rgutav liitlane igal \u00f5htul.<\/p>\n<p style=\"text-align: justify;\"><span style=\"color: #008000;\"><strong>DETAILS:<\/strong><\/span><\/p>\n<ul>\n<li style=\"text-align: justify;\">universaalne suurus (S\/M\/L)<\/li>\n<li style=\"text-align: justify;\">avatud jalgevahega<\/li>\n<li style=\"text-align: justify;\">optiliselt salendav efekt<\/li>\n<li>vastupidav materjal<\/li>\n<li>intigreeriv disain<\/li>\n<li style=\"text-align: justify;\">mugav ning veniv materjal (88% pol\u00fcamiid, 12% elastaan)<\/li>\n<\/ul>","protected":false},"excerpt":{"rendered":"<ul>\n<li>\u00fcliseksikas must kehasukk<\/li>\n<li>avatud jalgevahe<\/li>\n<li>mugav ning veniv materjal (90% nailon, 10% elastaan)<\/li>\n<li>\u00fcks suurus sobib enamikule &#8211; S\/M\/L<\/li>\n<\/ul>","protected":false},"featured_media":16475,"comment_status":"open","ping_status":"closed","template":"","meta":{"_glsr_average":0,"_glsr_ranking":0,"_glsr_reviews":0},"product_brand":[500],"product_cat":[103],"product_tag":[160],"class_list":{"0":"post-16422","1":"product","2":"type-product","3":"status-publish","4":"has-post-thumbnail","6":"product_brand-obsessive","7":"product_cat-kehasukad","8":"product_tag-obsessive","9":"pa_suurus-universaalsuurus","10":"pa_varvus-must","12":"first","13":"instock","14":"sold-individually","15":"taxable","16":"shipping-taxable","17":"purchasable","18":"product-type-simple"},"_links":{"self":[{"href":"https:\/\/pesu24.ee\/en\/wp-json\/wp\/v2\/product\/16422","targetHints":{"allow":["GET"]}}],"collection":[{"href":"https:\/\/pesu24.ee\/en\/wp-json\/wp\/v2\/product"}],"about":[{"href":"https:\/\/pesu24.ee\/en\/wp-json\/wp\/v2\/types\/product"}],"replies":[{"embeddable":true,"href":"https:\/\/pesu24.ee\/en\/wp-json\/wp\/v2\/comments?post=16422"}],"wp:featuredmedia":[{"embeddable":true,"href":"https:\/\/pesu24.ee\/en\/wp-json\/wp\/v2\/media\/16475"}],"wp:attachment":[{"href":"https:\/\/pesu24.ee\/en\/wp-json\/wp\/v2\/media?parent=16422"}],"wp:term":[{"taxonomy":"product_brand","embeddable":true,"href":"https:\/\/pesu24.ee\/en\/wp-json\/wp\/v2\/product_brand?post=16422"},{"taxonomy":"product_cat","embeddable":true,"href":"https:\/\/pesu24.ee\/en\/wp-json\/wp\/v2\/product_cat?post=16422"},{"taxonomy":"product_tag","embeddable":true,"href":"https:\/\/pesu24.ee\/en\/wp-json\/wp\/v2\/product_tag?post=16422"}],"curies":[{"name":"wp","href":"https:\/\/api.w.org\/{rel}","templated":true}]}}