{"id":16439,"date":"2025-08-18T19:31:31","date_gmt":"2025-08-18T16:31:31","guid":{"rendered":"https:\/\/pesu24.ee\/?post_type=product&#038;p=16439"},"modified":"2025-08-21T16:40:24","modified_gmt":"2025-08-21T13:40:24","slug":"kehasukk-obsessive-f240","status":"publish","type":"product","link":"https:\/\/pesu24.ee\/en\/kehasukad\/kehasukk-obsessive-f240\/","title":{"rendered":"Kehasukk Obsessive F240"},"content":{"rendered":"<p>S\u00fc\u00fcta kirg ja lisa oma garderoobi unikaalne Obsessive F240 kehasukk, mis on loodud, et tekitada sensatsiooniline efekt. See must kehasukk, millel on lummav lilleline muster, toob esile sinu sensuaalsuse ja enesekindluse. Avatud disain ja dekoratiivne l\u00f5ige rinna all lisavad elegantsi ja flirtivat nooti, samas kui kaela rihm t\u00e4iendab disaini ja annab sellele peene puudutuse.<\/p>\n<p>F240 kehasukk on t\u00e4iuslik kombinatsioon stiilist ja mugavusest, pakkudes t\u00e4ielikku vabadust ja m\u00e4ngulisust. Sukad, mis on sujuvalt integreeritud kehasukka, lisavad t\u00e4iendavat v\u00f5lu ja l\u00f5petavad t\u00e4iuslikult sinu v\u00e4limuse. Iga detail on hoolikalt l\u00e4bi m\u00f5eldud, et pakkuda luksuslikku ja ahvatlevat v\u00e4limust, mis muudab iga hetke meeldej\u00e4\u00e4vaks.<\/p>\n<p>Olgu tegemist erilise \u00f5htu v\u00f5i lihtsalt sooviga tunda end v\u00f5rgutavana, Obsessive F240 kehasukk on ideaalne valik. Selle avatud disain ja ainulaadsed detailid loovad sensuaalse ja unustamatu v\u00e4limuse, mis tagab, et tunned end erilisena igas olukorras. Lase oma stiilil s\u00e4rada ja avasta oma seksuaalsus uuel tasemel koos F240 kehasukaga.<\/p>\n<p style=\"text-align: justify;\"><span style=\"color: #008000;\"><strong>DETAILS:<\/strong><\/span><\/p>\n<ul>\n<li style=\"text-align: justify;\">avatud jalgevahega<\/li>\n<li style=\"text-align: justify;\">optiliselt salendav efekt<\/li>\n<li>vastupidav materjal<\/li>\n<li>lillemotiiviga muster<\/li>\n<li style=\"text-align: justify;\">mugav ning veniv materjal (90% pol\u00fcamiid, 10% elastaan)<\/li>\n<\/ul>","protected":false},"excerpt":{"rendered":"<ul>\n<li>\u00fcliseksikas must kehasukk<\/li>\n<li>avatud jalgevahe<\/li>\n<li>mugav ning veniv materjal (90% nailon, 10% elastaan)<\/li>\n<li>\u00fcks suurus sobib enamikule &#8211; S\/M\/L<\/li>\n<\/ul>","protected":false},"featured_media":16480,"comment_status":"open","ping_status":"closed","template":"","meta":{"_glsr_average":0,"_glsr_ranking":0,"_glsr_reviews":0},"product_brand":[500],"product_cat":[103],"product_tag":[160],"class_list":{"0":"post-16439","1":"product","2":"type-product","3":"status-publish","4":"has-post-thumbnail","6":"product_brand-obsessive","7":"product_cat-kehasukad","8":"product_tag-obsessive","9":"pa_suurus-universaalsuurus","10":"pa_suurus-xl-xxl","11":"pa_varvus-must","13":"first","14":"instock","15":"sold-individually","16":"taxable","17":"shipping-taxable","18":"purchasable","19":"product-type-variable"},"_links":{"self":[{"href":"https:\/\/pesu24.ee\/en\/wp-json\/wp\/v2\/product\/16439","targetHints":{"allow":["GET"]}}],"collection":[{"href":"https:\/\/pesu24.ee\/en\/wp-json\/wp\/v2\/product"}],"about":[{"href":"https:\/\/pesu24.ee\/en\/wp-json\/wp\/v2\/types\/product"}],"replies":[{"embeddable":true,"href":"https:\/\/pesu24.ee\/en\/wp-json\/wp\/v2\/comments?post=16439"}],"wp:featuredmedia":[{"embeddable":true,"href":"https:\/\/pesu24.ee\/en\/wp-json\/wp\/v2\/media\/16480"}],"wp:attachment":[{"href":"https:\/\/pesu24.ee\/en\/wp-json\/wp\/v2\/media?parent=16439"}],"wp:term":[{"taxonomy":"product_brand","embeddable":true,"href":"https:\/\/pesu24.ee\/en\/wp-json\/wp\/v2\/product_brand?post=16439"},{"taxonomy":"product_cat","embeddable":true,"href":"https:\/\/pesu24.ee\/en\/wp-json\/wp\/v2\/product_cat?post=16439"},{"taxonomy":"product_tag","embeddable":true,"href":"https:\/\/pesu24.ee\/en\/wp-json\/wp\/v2\/product_tag?post=16439"}],"curies":[{"name":"wp","href":"https:\/\/api.w.org\/{rel}","templated":true}]}}