{"id":17713,"date":"2025-08-18T19:58:28","date_gmt":"2025-08-18T16:58:28","guid":{"rendered":"https:\/\/pesu24.ee\/?post_type=product&#038;p=17713"},"modified":"2025-11-25T05:38:41","modified_gmt":"2025-11-25T02:38:41","slug":"2-osaline-avatud-pesukomplekt-obsessive-heavenlly","status":"publish","type":"product","link":"https:\/\/pesu24.ee\/en\/pesukomplektid\/2-osaline-avatud-pesukomplekt-obsessive-heavenlly\/","title":{"rendered":"2-osaline avatud pesukomplekt Obsessive Heavenlly"},"content":{"rendered":"<p>Obsessive Heavenlly pesukomplekt on unikaalne ja luksuslik valik, mis \u00fchendab elegantsi, sensuaalsust ja mugavust. See komplekt koosneb \u00f5rnast avatud rinnahoidjast ja avatud stringidest.<\/p>\n<p>Rinnahoidja on valmistatud kvaliteetsest materjalist, mis tagab mugavuse ja toetuse terveks p\u00e4evaks. Sellel on peen pitsist viimistlus, mis lisab sellele erilist v\u00f5lu ja naiselikkust. Reguleeritavad \u00f5lapaelad v\u00f5imaldavad t\u00e4pset sobivust vastavalt teie kehakujule.<\/p>\n<p>Avatud stringid t\u00e4iendavad rinnahoidjat suurep\u00e4raselt, olles samuti kaunistatud pitsi ja elegantsete detailidega. Need on mugavad ning r\u00f5hutavad teie keha ilu. Neil on elastsed \u00e4\u00e4red, mis tagavad hea istuvuse ja mugavuse kandmisel.<\/p>\n<p>Obsessive Heavenlly pesukomplekt on saadaval erinevates suurustes, v\u00f5imaldades teil leida t\u00e4pselt teie kehakujule ja maitsele sobiva komplekti. See komplekt on ideaalne valik romantilisteks \u00f5htuteks v\u00f5i erilisteks s\u00fcndmusteks, andes teile enesekindluse ja k\u00fctkestava v\u00e4limuse. Olles nii stiilne kui ka mugav, paneb Obsessive Heavenlly pesukomplekt teid tundma end kaunina ning looma unustamatuid hetki.<\/p>\n<p>Tutvuge ka teiste Obsessive Heavenlly pesukollektsiooni toodetega.<\/p>\n<p><span style=\"color: #008000;\"><strong>KOMPLEKT SISALDAB:<\/strong><\/span><\/p>\n<ul>\n<li>avatud rinnahoidja<\/li>\n<li>avatud stringid<\/li>\n<\/ul>\n<p><span style=\"color: #008000;\"><strong>DETAILS:<\/strong><\/span><\/p>\n<ul>\n<li>sensuaalne &amp; seksikas komplekt<\/li>\n<li>reguleeritavad \u00f5lapaelad<\/li>\n<li>avatud rinnakorv ja jalgevahe<\/li>\n<li>kaunistatud pitsiga<\/li>\n<li>tugikaartega rinnahoidja<\/li>\n<li>valmistatud mugavast &amp; elastsest kangast (90% pol\u00fcamiid &amp; 10% elastaan)<\/li>\n<\/ul>\n<p><span style=\"color: #008000;\"><strong>VIDEO<\/strong><\/span><\/p>\n<div class=\"video-container\"><iframe loading=\"lazy\" title=\"ROMANTICK\u00dd SET OTEV\u0158EN\u00dd HEAVENLLY CUPLESS SET - OBSESSIVE\" width=\"500\" height=\"281\" src=\"https:\/\/www.youtube.com\/embed\/rx9jaTWeJkg?feature=oembed&#038;wmode=opaque\" frameborder=\"0\" allow=\"accelerometer; autoplay; clipboard-write; encrypted-media; gyroscope; picture-in-picture; web-share\" referrerpolicy=\"strict-origin-when-cross-origin\" allowfullscreen><\/iframe><\/div>","protected":false},"excerpt":{"rendered":"<p>&#46;&#46;&#46;<\/p>","protected":false},"featured_media":18234,"comment_status":"open","ping_status":"closed","template":"","meta":{"_glsr_average":0,"_glsr_ranking":0,"_glsr_reviews":0},"product_brand":[500],"product_cat":[16],"product_tag":[443,160],"class_list":{"0":"post-17713","1":"product","2":"type-product","3":"status-publish","4":"has-post-thumbnail","6":"product_brand-obsessive","7":"product_cat-pesukomplektid","8":"product_tag-heavenlly","9":"product_tag-obsessive","10":"pa_suurus-m-l","11":"pa_suurus-xl-xxl","12":"pa_suurus-xs-s","13":"pa_varvus-valge","15":"first","16":"instock","17":"sale","18":"sold-individually","19":"taxable","20":"shipping-taxable","21":"purchasable","22":"product-type-variable"},"_links":{"self":[{"href":"https:\/\/pesu24.ee\/en\/wp-json\/wp\/v2\/product\/17713","targetHints":{"allow":["GET"]}}],"collection":[{"href":"https:\/\/pesu24.ee\/en\/wp-json\/wp\/v2\/product"}],"about":[{"href":"https:\/\/pesu24.ee\/en\/wp-json\/wp\/v2\/types\/product"}],"replies":[{"embeddable":true,"href":"https:\/\/pesu24.ee\/en\/wp-json\/wp\/v2\/comments?post=17713"}],"wp:featuredmedia":[{"embeddable":true,"href":"https:\/\/pesu24.ee\/en\/wp-json\/wp\/v2\/media\/18234"}],"wp:attachment":[{"href":"https:\/\/pesu24.ee\/en\/wp-json\/wp\/v2\/media?parent=17713"}],"wp:term":[{"taxonomy":"product_brand","embeddable":true,"href":"https:\/\/pesu24.ee\/en\/wp-json\/wp\/v2\/product_brand?post=17713"},{"taxonomy":"product_cat","embeddable":true,"href":"https:\/\/pesu24.ee\/en\/wp-json\/wp\/v2\/product_cat?post=17713"},{"taxonomy":"product_tag","embeddable":true,"href":"https:\/\/pesu24.ee\/en\/wp-json\/wp\/v2\/product_tag?post=17713"}],"curies":[{"name":"wp","href":"https:\/\/api.w.org\/{rel}","templated":true}]}}