{"id":17714,"date":"2025-08-18T19:58:28","date_gmt":"2025-08-18T16:58:28","guid":{"rendered":"https:\/\/pesu24.ee\/?post_type=product&#038;p=17714"},"modified":"2026-02-19T10:10:33","modified_gmt":"2026-02-19T08:10:33","slug":"2-osaline-pesukomplekt-obsessive-heavenlly","status":"publish","type":"product","link":"https:\/\/pesu24.ee\/en\/pesukomplektid\/2-osaline-pesukomplekt-obsessive-heavenlly\/","title":{"rendered":"2-osaline pesukomplekt Obsessive Heavenlly"},"content":{"rendered":"<p>Obsessive Heavenlly pesukomplekt on t\u00e4iuslik segu elegantsist, sensuaalsusest ja luksusest, mis toob esile teie sisemise jumalanna. See komplekt koosneb seksikast rinnahoidjast ja kelmikatest stringidest.<\/p>\n<p>Rinnahoidja on valmistatud kvaliteetsest materjalist, mis tagab mugavuse ja toetuse terve p\u00e4eva jooksul. Sellel on \u00f5rnalt l\u00e4bipaistvad korvid, mis r\u00f5hutavad teie rindade ilu ja kumerusi. Rinnahoidja on kaunistatud kaunite pitsdetailidega, lisades talle luksusliku ja ahvatleva v\u00e4limuse. Reguleeritavad paelad tagavad t\u00e4pse sobivuse vastavalt teie kehakujule.<\/p>\n<p>Stringid t\u00e4iendavad rinnahoidjat t\u00e4iuslikult, olles samuti kaunistatud pitsi ja elegantsete detailidega. Need pakuvad mugavust ja t\u00e4iendavad teie keha kumerusi. Stringidel on elastsed \u00e4\u00e4red, mis tagavad hea istuvuse ja kandmismugavuse.<\/p>\n<p>Saadaval erinevates suurustes, v\u00f5imaldab Obsessive Heavenlly pesukomplekt teil leida t\u00e4pselt teie kehakujule ja stiilieelistustele sobiva komplekti. See komplekt on ideaalne valik romantilisteks \u00f5htuteks v\u00f5i erilisteks s\u00fcndmusteks, andes teile enesekindluse ja v\u00f5rgutava v\u00e4limuse. Olles nii stiilne kui ka mugav, paneb Obsessive Heavenlly pesukomplekt teid tundma end kaunina ning looma unustamatuid hetki.<\/p>\n<p>Tutvuge ka teiste Obsessive Heavenlly pesukollektsiooni toodetega.<\/p>\n<p><span style=\"color: #008000;\"><strong>KOMPLEKT SISALDAB:<\/strong><\/span><\/p>\n<ul>\n<li>rinnahoidja<\/li>\n<li>stringe<\/li>\n<\/ul>\n<p><span style=\"color: #008000;\"><strong>DETAILS:<\/strong><\/span><\/p>\n<ul>\n<li>sensuaalne &amp; seksikas komplekt<\/li>\n<li>reguleeritavad \u00f5la- ja seljapaelad<\/li>\n<li>kaunistatud sensuaalse pitsiga<\/li>\n<li>valmistatud mugavast &amp; elastsest kangast (90% pol\u00fcamiid &amp; 10% elastaan)<\/li>\n<\/ul>","protected":false},"excerpt":{"rendered":"<p>&#46;&#46;&#46;<\/p>","protected":false},"featured_media":18245,"comment_status":"open","ping_status":"closed","template":"","meta":{"_glsr_average":0,"_glsr_ranking":0,"_glsr_reviews":0},"product_brand":[500],"product_cat":[16],"product_tag":[443,160],"class_list":{"0":"post-17714","1":"product","2":"type-product","3":"status-publish","4":"has-post-thumbnail","6":"product_brand-obsessive","7":"product_cat-pesukomplektid","8":"product_tag-heavenlly","9":"product_tag-obsessive","10":"pa_suurus-m-l","11":"pa_suurus-xl-xxl","12":"pa_suurus-xs-s","13":"pa_varvus-valge","15":"first","16":"instock","17":"sold-individually","18":"taxable","19":"shipping-taxable","20":"purchasable","21":"product-type-variable"},"_links":{"self":[{"href":"https:\/\/pesu24.ee\/en\/wp-json\/wp\/v2\/product\/17714","targetHints":{"allow":["GET"]}}],"collection":[{"href":"https:\/\/pesu24.ee\/en\/wp-json\/wp\/v2\/product"}],"about":[{"href":"https:\/\/pesu24.ee\/en\/wp-json\/wp\/v2\/types\/product"}],"replies":[{"embeddable":true,"href":"https:\/\/pesu24.ee\/en\/wp-json\/wp\/v2\/comments?post=17714"}],"wp:featuredmedia":[{"embeddable":true,"href":"https:\/\/pesu24.ee\/en\/wp-json\/wp\/v2\/media\/18245"}],"wp:attachment":[{"href":"https:\/\/pesu24.ee\/en\/wp-json\/wp\/v2\/media?parent=17714"}],"wp:term":[{"taxonomy":"product_brand","embeddable":true,"href":"https:\/\/pesu24.ee\/en\/wp-json\/wp\/v2\/product_brand?post=17714"},{"taxonomy":"product_cat","embeddable":true,"href":"https:\/\/pesu24.ee\/en\/wp-json\/wp\/v2\/product_cat?post=17714"},{"taxonomy":"product_tag","embeddable":true,"href":"https:\/\/pesu24.ee\/en\/wp-json\/wp\/v2\/product_tag?post=17714"}],"curies":[{"name":"wp","href":"https:\/\/api.w.org\/{rel}","templated":true}]}}