{"id":17716,"date":"2025-08-18T19:58:28","date_gmt":"2025-08-18T16:58:28","guid":{"rendered":"https:\/\/pesu24.ee\/?post_type=product&#038;p=17716"},"modified":"2025-10-12T02:30:07","modified_gmt":"2025-10-11T23:30:07","slug":"avatud-pesukomplekt-obsessive-cordellis","status":"publish","type":"product","link":"https:\/\/pesu24.ee\/en\/pesukomplektid\/avatud-pesukomplekt-obsessive-cordellis\/","title":{"rendered":"Avatud pesukomplekt Obsessive Cordellis"},"content":{"rendered":"<p>Avatud pesukomplekt Obsessive Cordellis on julge variant enesekindlale naisele. Komplekt koosneb avatud rinnahoidjast ja stringidest, mis ei j\u00e4ta palju ruumi kujutlusv\u00f5imele. Lisaks on saadaval sama mudeli mitteavatud komplekt, mis on leitav <a href=\"https:\/\/pesu24.ee\/en\/pesukomplektid\/pesukomplekt-obsessive-cordellis\/\">siit<\/a>.<\/p>\n<p>Rinnahoidja ja stringide suurus on t\u00e4ielikult reguleeritavad t\u00e4nu k\u00f6ispaeltele. Tegemist on One Size tootega, mist\u00f5ttu sobib ka enamikele kandjatele.<\/p>\n<p>Tutvuge ka teiste <a href=\"https:\/\/pesu24.ee\/en\/omadus\/obsessive-Cordellis\/\">Obsessive Cordellis<\/a> pesukollektsiooni toodetega.<\/p>\n<p><span style=\"color: #008000;\"><strong>KOMPLEKT SISALDAB:<\/strong><\/span><\/p>\n<ul>\n<li>avatud rinnahoidja<\/li>\n<li>avatud stringid<\/li>\n<\/ul>\n<p><span style=\"color: #008000;\"><strong>DETAILS:<\/strong><\/span><\/p>\n<ul>\n<li>wet-look ilmega kangas<\/li>\n<li>avatud l\u00f5ige<\/li>\n<li>\u00fcks suurus sobib enamikele &#8211; One Size<\/li>\n<li>mugav &amp; elastne kangas (78% pol\u00fcamiid &amp; 22% elastaan))<\/li>\n<\/ul>","protected":false},"excerpt":{"rendered":"<p>&#46;&#46;&#46;<\/p>","protected":false},"featured_media":18260,"comment_status":"open","ping_status":"closed","template":"","meta":{"_glsr_average":0,"_glsr_ranking":0,"_glsr_reviews":0},"product_brand":[500],"product_cat":[16],"product_tag":[160,447],"class_list":{"0":"post-17716","1":"product","2":"type-product","3":"status-publish","4":"has-post-thumbnail","6":"product_brand-obsessive","7":"product_cat-pesukomplektid","8":"product_tag-obsessive","9":"product_tag-obsessive-cordellis","10":"pa_suurus-universaalsuurus","11":"pa_varvus-must","13":"first","14":"instock","15":"sold-individually","16":"taxable","17":"shipping-taxable","18":"purchasable","19":"product-type-simple"},"_links":{"self":[{"href":"https:\/\/pesu24.ee\/en\/wp-json\/wp\/v2\/product\/17716","targetHints":{"allow":["GET"]}}],"collection":[{"href":"https:\/\/pesu24.ee\/en\/wp-json\/wp\/v2\/product"}],"about":[{"href":"https:\/\/pesu24.ee\/en\/wp-json\/wp\/v2\/types\/product"}],"replies":[{"embeddable":true,"href":"https:\/\/pesu24.ee\/en\/wp-json\/wp\/v2\/comments?post=17716"}],"wp:featuredmedia":[{"embeddable":true,"href":"https:\/\/pesu24.ee\/en\/wp-json\/wp\/v2\/media\/18260"}],"wp:attachment":[{"href":"https:\/\/pesu24.ee\/en\/wp-json\/wp\/v2\/media?parent=17716"}],"wp:term":[{"taxonomy":"product_brand","embeddable":true,"href":"https:\/\/pesu24.ee\/en\/wp-json\/wp\/v2\/product_brand?post=17716"},{"taxonomy":"product_cat","embeddable":true,"href":"https:\/\/pesu24.ee\/en\/wp-json\/wp\/v2\/product_cat?post=17716"},{"taxonomy":"product_tag","embeddable":true,"href":"https:\/\/pesu24.ee\/en\/wp-json\/wp\/v2\/product_tag?post=17716"}],"curies":[{"name":"wp","href":"https:\/\/api.w.org\/{rel}","templated":true}]}}