{"id":17718,"date":"2025-08-18T19:58:28","date_gmt":"2025-08-18T16:58:28","guid":{"rendered":"https:\/\/pesu24.ee\/?post_type=product&#038;p=17718"},"modified":"2025-08-27T17:05:11","modified_gmt":"2025-08-27T14:05:11","slug":"punane-avatud-rinnahoidja-axami-v-9801","status":"publish","type":"product","link":"https:\/\/pesu24.ee\/en\/topid-rinnahoidjad\/punane-avatud-rinnahoidja-axami-v-9801\/","title":{"rendered":"Punane avatud rinnahoidja Axami V-9801"},"content":{"rendered":"<p><strong><a href=\"https:\/\/pesu24.ee\/en\/omadus\/love-cave\/\">Love Cave<\/a> pesukollektsiooni kuuluv punane avatud rinnahoidja Axami V-9801 on suurep\u00e4rane t\u00e4iendus avatud punastele stringidele <a href=\"https:\/\/pesu24.ee\/en\/stringid-puksikud\/avatud-punased-stringid-v-9808\/\">Axami V-9808<\/a> (n\u00e4ha tootefotodel). Lisaks soovitame toodet kombineerida punase pihav\u00f6\u00f6ga <a href=\"https:\/\/pesu24.ee\/en\/aksessuaarid\/punane-pihavoo-axami-v-9772\/\">Axami V-9772<\/a> ja isehoidvate punaste sukkadega <a href=\"https:\/\/pesu24.ee\/en\/sukad\/isehoidvad-punased-sukad-axami-v-7084\/\">Axami V-7084<\/a>.<\/strong><\/p>\n<p>Rinnahoidjal on tugikaared, mis pakuvad kindlat toetust, kuid polsterdusi ei ole, v\u00f5imaldades loomulikku ja mugavat tunnet. Rinnahoidja taga on kolmeastmeline kinnitus, mis koos reguleeritavate \u00f5lapaelade ja elastsusega tagab ideaalse sobivuse.<\/p>\n<p><span style=\"color: #008000;\"><strong>DETAILS<\/strong><\/span><\/p>\n<ul>\n<li>komplektis punane avatud rinnakorviga rinnahoidja<\/li>\n<li>stringid komplekti ei kuulu (saab osta eraldi)<\/li>\n<li>rinnahoidja tugikaartega, aga ilma polsterdusteta<\/li>\n<li>tagant 3-astmelise kinnitusega<\/li>\n<li>adjustable shoulder straps<\/li>\n<li>elastne ja kvaliteetne kangas<\/li>\n<li>62% pol\u00fcamiid, 17% elastaan, 10% puuvill, 7% pol\u00fcuretaan, 4% pol\u00fcester<\/li>\n<li>saadaval suurustes XS kuni XL<\/li>\n<\/ul>\n<p>Kui soovitud suurust ei ole valikus, siis v\u00f5tke meiega \u00fchendust support@pesu24.ee ja t\u00e4psustame tarneaja. K\u00f5ik teised valikus olevad suurused koheselt laos olemas. Lisaks antud toode on saavad ka musta kui ka valget v\u00e4rvi.<\/p>","protected":false},"excerpt":{"rendered":"<p>&#46;&#46;&#46;<\/p>","protected":false},"featured_media":18275,"comment_status":"open","ping_status":"closed","template":"","meta":{"_glsr_average":0,"_glsr_ranking":0,"_glsr_reviews":0},"product_brand":[502],"product_cat":[423],"product_tag":[333,445],"class_list":{"0":"post-17718","1":"product","2":"type-product","3":"status-publish","4":"has-post-thumbnail","6":"product_brand-axami","7":"product_cat-topid-rinnahoidjad","8":"product_tag-axami","9":"product_tag-love-cave","10":"pa_suurus-l","11":"pa_suurus-m","12":"pa_suurus-s","13":"pa_suurus-xl","14":"pa_varvus-punane","16":"first","17":"instock","18":"sold-individually","19":"taxable","20":"shipping-taxable","21":"purchasable","22":"product-type-variable"},"_links":{"self":[{"href":"https:\/\/pesu24.ee\/en\/wp-json\/wp\/v2\/product\/17718","targetHints":{"allow":["GET"]}}],"collection":[{"href":"https:\/\/pesu24.ee\/en\/wp-json\/wp\/v2\/product"}],"about":[{"href":"https:\/\/pesu24.ee\/en\/wp-json\/wp\/v2\/types\/product"}],"replies":[{"embeddable":true,"href":"https:\/\/pesu24.ee\/en\/wp-json\/wp\/v2\/comments?post=17718"}],"wp:featuredmedia":[{"embeddable":true,"href":"https:\/\/pesu24.ee\/en\/wp-json\/wp\/v2\/media\/18275"}],"wp:attachment":[{"href":"https:\/\/pesu24.ee\/en\/wp-json\/wp\/v2\/media?parent=17718"}],"wp:term":[{"taxonomy":"product_brand","embeddable":true,"href":"https:\/\/pesu24.ee\/en\/wp-json\/wp\/v2\/product_brand?post=17718"},{"taxonomy":"product_cat","embeddable":true,"href":"https:\/\/pesu24.ee\/en\/wp-json\/wp\/v2\/product_cat?post=17718"},{"taxonomy":"product_tag","embeddable":true,"href":"https:\/\/pesu24.ee\/en\/wp-json\/wp\/v2\/product_tag?post=17718"}],"curies":[{"name":"wp","href":"https:\/\/api.w.org\/{rel}","templated":true}]}}