{"id":17723,"date":"2025-08-18T19:58:28","date_gmt":"2025-08-18T16:58:28","guid":{"rendered":"https:\/\/pesu24.ee\/?post_type=product&#038;p=17723"},"modified":"2025-08-20T14:54:45","modified_gmt":"2025-08-20T11:54:45","slug":"3-osaline-pesukomplekt-obsessive-donna-dream","status":"publish","type":"product","link":"https:\/\/pesu24.ee\/en\/pesukomplektid\/3-osaline-pesukomplekt-obsessive-donna-dream\/","title":{"rendered":"3-osaline pesukomplekt Obsessive Donna Dream"},"content":{"rendered":"<p>Obsessive Donna Dream pesukomplekti eesm\u00e4rk on pakkuda naistele enesekindlust ja v\u00f5imalust tunda end eriliselt. Selle luksuslikud ja sensuaalsed detailid, t\u00e4helepanule p\u00f6\u00f6ratud viimistlus ning kvaliteetsed materjalid tagavad meeldej\u00e4\u00e4va pesukogemuse ja loovad erutava atmosf\u00e4\u00e4ri magamistoas.<\/p>\n<p>Pesukomplekti valik s\u00f5ltub individuaalsetest eelistustest ning v\u00f5ib sisaldada erinevaid kombinatsioone, mis sobivad iga naise unikaalsele stiilile ja kehat\u00fc\u00fcbile. Obsessive Donna Dream pesukomplekt on m\u00f5eldud naistele, kes soovivad end eriliselt tunda, olles samal ajal seksikas ja enesekindel.<\/p>\n<p>Tutvuge ka teiste <a href=\"https:\/\/pesu24.ee\/en\/omadus\/donna-dream\/\">Obsessive Donna Dream<\/a>\u00a0pesukollektsiooni toodetega.<\/p>\n<p><span style=\"color: #008000;\"><strong>KOMPLEKT SISALDAB:<\/strong><\/span><\/p>\n<ul>\n<li>rinnahoidja<\/li>\n<li>stringid<\/li>\n<li>sukahoidja<\/li>\n<\/ul>\n<p>Pesukomplekt sobib ideaalselt kokku <a href=\"https:\/\/pesu24.ee\/en\/sukad\/sukad-obsessive-s800\/\">mustade Obsessive S800 sukkadega<\/a>.<\/p>\n<p><span style=\"color: #008000;\"><strong>DETAILS:<\/strong><\/span><\/p>\n<ul>\n<li>imeline naiselik pesukomplekt<\/li>\n<li>reguleeritavad \u00f5lap- ja sukapaelad<\/li>\n<li>sukahoidjal ja rinnahoidjal taga astmeline kinnitus<\/li>\n<li>rinnakorvil tugikaared<\/li>\n<li>ees stiilne ripats<\/li>\n<li>valmistatud mugavast &amp; elastsest kangast (90% pol\u00fcamiid &amp; 10% elastaan)<\/li>\n<\/ul>\n<p><span style=\"color: #008000;\"><strong>VIDEO<\/strong><\/span><\/p>\n<div class=\"video-container\"><iframe loading=\"lazy\" title=\"JEDINE\u010cN\u00dd SET DONNA DREAM SET - OBSESSIVE\" width=\"500\" height=\"281\" src=\"https:\/\/www.youtube.com\/embed\/uEAPNpafdI8?feature=oembed&#038;wmode=opaque\" frameborder=\"0\" allow=\"accelerometer; autoplay; clipboard-write; encrypted-media; gyroscope; picture-in-picture; web-share\" referrerpolicy=\"strict-origin-when-cross-origin\" allowfullscreen><\/iframe><\/div>","protected":false},"excerpt":{"rendered":"<p>&#46;&#46;&#46;<\/p>","protected":false},"featured_media":18283,"comment_status":"open","ping_status":"closed","template":"","meta":{"_glsr_average":0,"_glsr_ranking":0,"_glsr_reviews":0},"product_brand":[500],"product_cat":[16],"product_tag":[449,160],"class_list":{"0":"post-17723","1":"product","2":"type-product","3":"status-publish","4":"has-post-thumbnail","6":"product_brand-obsessive","7":"product_cat-pesukomplektid","8":"product_tag-donna-dream","9":"product_tag-obsessive","10":"pa_suurus-m-l","11":"pa_suurus-xl-xxl","12":"pa_suurus-xs-s","13":"pa_varvus-must","15":"first","16":"instock","17":"sold-individually","18":"taxable","19":"shipping-taxable","20":"purchasable","21":"product-type-variable"},"_links":{"self":[{"href":"https:\/\/pesu24.ee\/en\/wp-json\/wp\/v2\/product\/17723","targetHints":{"allow":["GET"]}}],"collection":[{"href":"https:\/\/pesu24.ee\/en\/wp-json\/wp\/v2\/product"}],"about":[{"href":"https:\/\/pesu24.ee\/en\/wp-json\/wp\/v2\/types\/product"}],"replies":[{"embeddable":true,"href":"https:\/\/pesu24.ee\/en\/wp-json\/wp\/v2\/comments?post=17723"}],"wp:featuredmedia":[{"embeddable":true,"href":"https:\/\/pesu24.ee\/en\/wp-json\/wp\/v2\/media\/18283"}],"wp:attachment":[{"href":"https:\/\/pesu24.ee\/en\/wp-json\/wp\/v2\/media?parent=17723"}],"wp:term":[{"taxonomy":"product_brand","embeddable":true,"href":"https:\/\/pesu24.ee\/en\/wp-json\/wp\/v2\/product_brand?post=17723"},{"taxonomy":"product_cat","embeddable":true,"href":"https:\/\/pesu24.ee\/en\/wp-json\/wp\/v2\/product_cat?post=17723"},{"taxonomy":"product_tag","embeddable":true,"href":"https:\/\/pesu24.ee\/en\/wp-json\/wp\/v2\/product_tag?post=17723"}],"curies":[{"name":"wp","href":"https:\/\/api.w.org\/{rel}","templated":true}]}}