{"id":17726,"date":"2025-08-18T19:58:28","date_gmt":"2025-08-18T16:58:28","guid":{"rendered":"https:\/\/pesu24.ee\/?post_type=product&#038;p=17726"},"modified":"2025-08-28T10:35:20","modified_gmt":"2025-08-28T07:35:20","slug":"2-osaline-pesukomplekt-beauty-night-missy-valge","status":"publish","type":"product","link":"https:\/\/pesu24.ee\/en\/pesukomplektid\/2-osaline-pesukomplekt-beauty-night-missy-valge\/","title":{"rendered":"2-osaline pesukomplekt Beauty Night Missy"},"content":{"rendered":"<p>Beauty Night Missy on v\u00f5luv ja luksuslik valge pesukomplekt, mis on loodud naistele, kes soovivad end tunda sensuaalsena ja enesekindlana. Komplekti kuulub pluus ja p\u00fcksid.<\/p>\n<p>Pesukomplekti t\u00e4iendab \u00f5huline ja elegantne pluus, mis on valmistatud pehmest ja luksuslikust materjalist ning kaunistatud delikaatse pitsiga. Pitsmaterjal lisab pluusile elegantsi ja sensuaalsust, samas tagades toetava ja mugava istuvuse.<\/p>\n<p>Beauty Night Missy pesukomplekt on saadaval erinevates suurustes, tagades, et igal naisel on v\u00f5imalus leida enda jaoks sobiv suurus ja istuvus. See on t\u00e4iuslik valik romantiliseks \u00f5htuks partneriga v\u00f5i enesetunde t\u00f5stmiseks igap\u00e4evaelus. Selle pesukomplektiga tunned end kaunina ja enesekindlana ning see annab sulle v\u00f5imaluse v\u00e4ljendada oma individuaalsust ja naiselikku v\u00f5lu.<\/p>\n<p><span style=\"color: #008000;\"><strong>KOMPLEKT SISALDAB:<\/strong><\/span><\/p>\n<ul>\n<li>pluus<\/li>\n<li>p\u00fcksid<\/li>\n<\/ul>\n<p><strong><span style=\"color: #008000;\">DETAILS:<\/span><\/strong><\/p>\n<ul>\n<li>elegantne komplekt<\/li>\n<li>v\u00e4rvus valge<\/li>\n<li>kaunistatud \u00f5hulise pitsiga<\/li>\n<li>mugav ning elastne materjal (97% pol\u00fcester, 3% elastaan)<\/li>\n<\/ul>","protected":false},"excerpt":{"rendered":"<p>&#46;&#46;&#46;<\/p>","protected":false},"featured_media":18299,"comment_status":"open","ping_status":"closed","template":"","meta":{"_glsr_average":0,"_glsr_ranking":0,"_glsr_reviews":0},"product_brand":[503],"product_cat":[16],"product_tag":[403],"class_list":{"0":"post-17726","1":"product","2":"type-product","3":"status-publish","4":"has-post-thumbnail","6":"product_brand-beauty-night","7":"product_cat-pesukomplektid","8":"product_tag-beauty-night","9":"pa_suurus-l-xl","10":"pa_suurus-s-m","11":"pa_varvus-valge","13":"first","14":"instock","15":"sold-individually","16":"taxable","17":"shipping-taxable","18":"purchasable","19":"product-type-variable"},"_links":{"self":[{"href":"https:\/\/pesu24.ee\/en\/wp-json\/wp\/v2\/product\/17726","targetHints":{"allow":["GET"]}}],"collection":[{"href":"https:\/\/pesu24.ee\/en\/wp-json\/wp\/v2\/product"}],"about":[{"href":"https:\/\/pesu24.ee\/en\/wp-json\/wp\/v2\/types\/product"}],"replies":[{"embeddable":true,"href":"https:\/\/pesu24.ee\/en\/wp-json\/wp\/v2\/comments?post=17726"}],"wp:featuredmedia":[{"embeddable":true,"href":"https:\/\/pesu24.ee\/en\/wp-json\/wp\/v2\/media\/18299"}],"wp:attachment":[{"href":"https:\/\/pesu24.ee\/en\/wp-json\/wp\/v2\/media?parent=17726"}],"wp:term":[{"taxonomy":"product_brand","embeddable":true,"href":"https:\/\/pesu24.ee\/en\/wp-json\/wp\/v2\/product_brand?post=17726"},{"taxonomy":"product_cat","embeddable":true,"href":"https:\/\/pesu24.ee\/en\/wp-json\/wp\/v2\/product_cat?post=17726"},{"taxonomy":"product_tag","embeddable":true,"href":"https:\/\/pesu24.ee\/en\/wp-json\/wp\/v2\/product_tag?post=17726"}],"curies":[{"name":"wp","href":"https:\/\/api.w.org\/{rel}","templated":true}]}}