{"id":17727,"date":"2025-12-16T11:58:28","date_gmt":"2025-12-16T08:58:28","guid":{"rendered":"https:\/\/pesu24.ee\/?post_type=product&#038;p=17727"},"modified":"2025-12-16T15:01:17","modified_gmt":"2025-12-16T12:01:17","slug":"3-osaline-pesukomplekt-obsessive-selinne","status":"publish","type":"product","link":"https:\/\/pesu24.ee\/en\/pesukomplektid\/3-osaline-pesukomplekt-obsessive-selinne\/","title":{"rendered":"3-osaline pesukomplekt Obsessive Selinne"},"content":{"rendered":"<p>Obsessive Selinne pesukomplekti eesm\u00e4rk on pakkuda naistele enesekindlust ja v\u00f5imalust tunda end eriliselt. Selle luksuslikud ja sensuaalsed detailid, t\u00e4helepanule p\u00f6\u00f6ratud viimistlus ning kvaliteetsed materjalid tagavad meeldej\u00e4\u00e4va pesukogemuse ja loovad erutava atmosf\u00e4\u00e4ri magamistoas.<\/p>\n<p>Pesukomplekti valik s\u00f5ltub individuaalsetest eelistustest ning v\u00f5ib sisaldada erinevaid kombinatsioone, mis sobivad iga naise unikaalsele stiilile ja kehat\u00fc\u00fcbile. Obsessive Selinne pesukomplekt on m\u00f5eldud naistele, kes soovivad end eriliselt tunda, olles samal ajal s\u00e4rav ja enesekindel.<\/p>\n<p>Tutvuge ka teiste <a href=\"https:\/\/pesu24.ee\/en\/omadus\/Selinne\/\">Obsessive Selinne<\/a>\u00a0pesukollektsiooni toodetega.<\/p>\n<p>Omadused<\/p>\n<ul>\n<li>komplekt sisaldab rinnahoidjat, sukahoidjat ja stringe<\/li>\n<li>reguleeritavad \u00f5lapaelad<\/li>\n<li>taga astmeline kinnitus<\/li>\n<li>rinnakorvil tugikaared<\/li>\n<li>kaela tagant kinnituv<\/li>\n<li>rinnakorvi all kuldne dekoratsioon<\/li>\n<li>valmistatud mugavast &amp; elastsest kangast (85% pol\u00fcamiid &amp; 15% elastaan)<\/li>\n<\/ul>","protected":false},"excerpt":{"rendered":"<p>&#46;&#46;&#46;<\/p>","protected":false},"featured_media":30224,"comment_status":"open","ping_status":"closed","template":"","meta":{"_glsr_average":0,"_glsr_ranking":0,"_glsr_reviews":0},"product_brand":[500],"product_cat":[16],"product_tag":[160,450],"class_list":{"0":"post-17727","1":"product","2":"type-product","3":"status-publish","4":"has-post-thumbnail","6":"product_brand-obsessive","7":"product_cat-pesukomplektid","8":"product_tag-obsessive","9":"product_tag-selinne","10":"pa_suurus-m-l","11":"pa_suurus-xl-xxl","12":"pa_suurus-xs-s","13":"pa_varvus-must","15":"first","16":"instock","17":"sold-individually","18":"taxable","19":"shipping-taxable","20":"purchasable","21":"product-type-variable"},"_links":{"self":[{"href":"https:\/\/pesu24.ee\/en\/wp-json\/wp\/v2\/product\/17727","targetHints":{"allow":["GET"]}}],"collection":[{"href":"https:\/\/pesu24.ee\/en\/wp-json\/wp\/v2\/product"}],"about":[{"href":"https:\/\/pesu24.ee\/en\/wp-json\/wp\/v2\/types\/product"}],"replies":[{"embeddable":true,"href":"https:\/\/pesu24.ee\/en\/wp-json\/wp\/v2\/comments?post=17727"}],"wp:featuredmedia":[{"embeddable":true,"href":"https:\/\/pesu24.ee\/en\/wp-json\/wp\/v2\/media\/30224"}],"wp:attachment":[{"href":"https:\/\/pesu24.ee\/en\/wp-json\/wp\/v2\/media?parent=17727"}],"wp:term":[{"taxonomy":"product_brand","embeddable":true,"href":"https:\/\/pesu24.ee\/en\/wp-json\/wp\/v2\/product_brand?post=17727"},{"taxonomy":"product_cat","embeddable":true,"href":"https:\/\/pesu24.ee\/en\/wp-json\/wp\/v2\/product_cat?post=17727"},{"taxonomy":"product_tag","embeddable":true,"href":"https:\/\/pesu24.ee\/en\/wp-json\/wp\/v2\/product_tag?post=17727"}],"curies":[{"name":"wp","href":"https:\/\/api.w.org\/{rel}","templated":true}]}}