{"id":17747,"date":"2025-08-18T19:58:51","date_gmt":"2025-08-18T16:58:51","guid":{"rendered":"https:\/\/pesu24.ee\/?post_type=product&#038;p=17747"},"modified":"2025-11-12T12:22:28","modified_gmt":"2025-11-12T09:22:28","slug":"2-osaline-avatud-pesukomplekt-obsessive-rosenty","status":"publish","type":"product","link":"https:\/\/pesu24.ee\/en\/pesukomplektid\/2-osaline-avatud-pesukomplekt-obsessive-rosenty\/","title":{"rendered":"2-osaline avatud pesukomplekt Obsessive Rosenty"},"content":{"rendered":"<p>Obsessive Rosenty pesukomplekt on elegantne ja sensuaalne pesuvalik, mis \u00fchendab naiselikkuse, luksuse ja sensuaalsuse. See komplekt on m\u00f5eldud naistele, kes soovivad end eriliselt tunda, olgu see siis romantilisel \u00f5htul koos partneriga v\u00f5i lihtsalt enese hellitamiseks. V\u00fcrtsikust lisavad avatud jalgevahega stringid, mis ei j\u00e4ta k\u00fclmaks mitte \u00fchtegi partnerit teie magamistoas.<\/p>\n<p>See pesukomplekt on ideaalne valik eriliste hetkede jaoks, kus soovite tunda end enesekindlalt ja atraktiivselt. Olgu see siis romantiline \u00f5htu v\u00f5i lihtsalt soov end hellitada. Obsessive Rosenty pesukomplekt aitab teil luua unustamatuid ja sensuaalseid hetki.<\/p>\n<p>Tutvuge ka teiste <a href=\"https:\/\/pesu24.ee\/en\/omadus\/obsessive-rosenty\/\">Obsessive Rosenty<\/a> pesukollektsiooni toodetega.<\/p>\n<p><span style=\"color: #008000;\"><strong>KOMPLEKT SISALDAB:<\/strong><\/span><\/p>\n<ul>\n<li>rinnahoidja<\/li>\n<li>avatud stringid<\/li>\n<\/ul>\n<p><span style=\"color: #008000;\"><strong>DETAILS:<\/strong><\/span><\/p>\n<ul>\n<li>sensuaalne pesukomplekt<\/li>\n<li>kaunistatud punase roositeemalise pitsiga<\/li>\n<li>reguleeritavad \u00f5lapaelad<\/li>\n<li>taga astmeline kinnitus<\/li>\n<li>rinnakorvil tugikaared<\/li>\n<li>avatud jalgevahe<\/li>\n<li>mugav &amp; elastne kangas (90% pol\u00fcamiid &amp; 10% elastaan)<\/li>\n<\/ul>\n<p><span style=\"color: #008000;\"><strong>VIDEO<\/strong><\/span><\/p>\n<div class=\"video-container\"><iframe loading=\"lazy\" title=\"\u00da\u017dASN\u00dd SET OTEV\u0158EN\u00dd ROSENTY SET - OBSESSIVE\" width=\"500\" height=\"281\" src=\"https:\/\/www.youtube.com\/embed\/jtxnpdbROH0?feature=oembed&#038;wmode=opaque\" frameborder=\"0\" allow=\"accelerometer; autoplay; clipboard-write; encrypted-media; gyroscope; picture-in-picture; web-share\" referrerpolicy=\"strict-origin-when-cross-origin\" allowfullscreen><\/iframe><\/div>","protected":false},"excerpt":{"rendered":"<p>&#46;&#46;&#46;<\/p>","protected":false},"featured_media":18360,"comment_status":"open","ping_status":"closed","template":"","meta":{"_glsr_average":0,"_glsr_ranking":0,"_glsr_reviews":0},"product_brand":[500],"product_cat":[16],"product_tag":[392,160,455],"class_list":{"0":"post-17747","1":"product","2":"type-product","3":"status-publish","4":"has-post-thumbnail","6":"product_brand-obsessive","7":"product_cat-pesukomplektid","8":"product_tag-avatud-stringid","9":"product_tag-obsessive","10":"product_tag-obsessive-rosenty","11":"pa_suurus-m-l","12":"pa_suurus-xl-xxl","13":"pa_suurus-xs-s","14":"pa_varvus-lilla","15":"pa_varvus-must","17":"first","18":"instock","19":"sold-individually","20":"taxable","21":"shipping-taxable","22":"purchasable","23":"product-type-variable"},"_links":{"self":[{"href":"https:\/\/pesu24.ee\/en\/wp-json\/wp\/v2\/product\/17747","targetHints":{"allow":["GET"]}}],"collection":[{"href":"https:\/\/pesu24.ee\/en\/wp-json\/wp\/v2\/product"}],"about":[{"href":"https:\/\/pesu24.ee\/en\/wp-json\/wp\/v2\/types\/product"}],"replies":[{"embeddable":true,"href":"https:\/\/pesu24.ee\/en\/wp-json\/wp\/v2\/comments?post=17747"}],"wp:featuredmedia":[{"embeddable":true,"href":"https:\/\/pesu24.ee\/en\/wp-json\/wp\/v2\/media\/18360"}],"wp:attachment":[{"href":"https:\/\/pesu24.ee\/en\/wp-json\/wp\/v2\/media?parent=17747"}],"wp:term":[{"taxonomy":"product_brand","embeddable":true,"href":"https:\/\/pesu24.ee\/en\/wp-json\/wp\/v2\/product_brand?post=17747"},{"taxonomy":"product_cat","embeddable":true,"href":"https:\/\/pesu24.ee\/en\/wp-json\/wp\/v2\/product_cat?post=17747"},{"taxonomy":"product_tag","embeddable":true,"href":"https:\/\/pesu24.ee\/en\/wp-json\/wp\/v2\/product_tag?post=17747"}],"curies":[{"name":"wp","href":"https:\/\/api.w.org\/{rel}","templated":true}]}}