{"id":17748,"date":"2025-08-18T19:58:51","date_gmt":"2025-08-18T16:58:51","guid":{"rendered":"https:\/\/pesu24.ee\/?post_type=product&#038;p=17748"},"modified":"2025-08-20T17:12:20","modified_gmt":"2025-08-20T14:12:20","slug":"2-osaline-pesukomplekt-obsessive-rosenty","status":"publish","type":"product","link":"https:\/\/pesu24.ee\/en\/pesukomplektid\/2-osaline-pesukomplekt-obsessive-rosenty\/","title":{"rendered":"2-osaline pesukomplekt Obsessive Rosenty"},"content":{"rendered":"<p>Obsessive Rosenty 2-osaline pesukomplekt sisaldab toppi ja seelikut. See komplekt \u00fchendab elegantse disaini, luksuslikud materjalid ja sensuaalsuse, muutes selle ideaalseks valikuks romantilisteks hetkedeks v\u00f5i enese hellitamiseks.<\/p>\n<p>Obsessive Rosenty komplekt sobib suurep\u00e4raselt erilisteks \u00f6\u00f6deks koos oma partneriga, olgu selleks romantiline \u00f5htus\u00f6\u00f6k v\u00f5i intiimne hetk magamistoas. See pesuvalik aitab teil tunda end sensuaalsena, enesekindlalt ja v\u00f5rgutavalt ning annab v\u00f5imaluse luua unustamatuid ja kirglikke hetki.<\/p>\n<p><span style=\"color: #008000;\"><strong>KOMPLEKT SISALDAB:<\/strong><\/span><\/p>\n<ul>\n<li>toppi<\/li>\n<li>seelikut<\/li>\n<li>NB! sukad ei kuulu komplekti<\/li>\n<\/ul>\n<p>Kombineeriga komplekt omale meelep\u00e4raste <a href=\"https:\/\/pesu24.ee\/en\/sukad\/\">sukkadega<\/a>.<\/p>\n<p><span style=\"color: #008000;\"><strong>DETAILS:<\/strong><\/span><\/p>\n<ul>\n<li>imeline pesukomplekt<\/li>\n<li>kaunistatud roosimotiivilise pitsiga<\/li>\n<li>taga astmeline kinnitus toppil ja seelikul<\/li>\n<li>rinnakorvil tugikaared<\/li>\n<li>reguleeritavad &amp; eemaldatavad sukapaelad<\/li>\n<li>mugav &amp; elastne kangas (85% pol\u00fcamiid &amp; 15% elastaan)<\/li>\n<\/ul>","protected":false},"excerpt":{"rendered":"<p>&#46;&#46;&#46;<\/p>","protected":false},"featured_media":18369,"comment_status":"open","ping_status":"closed","template":"","meta":{"_glsr_average":0,"_glsr_ranking":0,"_glsr_reviews":0},"product_brand":[500],"product_cat":[16],"product_tag":[160,455],"class_list":{"0":"post-17748","1":"product","2":"type-product","3":"status-publish","4":"has-post-thumbnail","6":"product_brand-obsessive","7":"product_cat-pesukomplektid","8":"product_tag-obsessive","9":"product_tag-obsessive-rosenty","10":"pa_suurus-m-l","11":"pa_suurus-xl-xxl","12":"pa_suurus-xs-s","13":"pa_varvus-lilla","14":"pa_varvus-must","16":"first","17":"instock","18":"sold-individually","19":"taxable","20":"shipping-taxable","21":"purchasable","22":"product-type-variable"},"_links":{"self":[{"href":"https:\/\/pesu24.ee\/en\/wp-json\/wp\/v2\/product\/17748","targetHints":{"allow":["GET"]}}],"collection":[{"href":"https:\/\/pesu24.ee\/en\/wp-json\/wp\/v2\/product"}],"about":[{"href":"https:\/\/pesu24.ee\/en\/wp-json\/wp\/v2\/types\/product"}],"replies":[{"embeddable":true,"href":"https:\/\/pesu24.ee\/en\/wp-json\/wp\/v2\/comments?post=17748"}],"wp:featuredmedia":[{"embeddable":true,"href":"https:\/\/pesu24.ee\/en\/wp-json\/wp\/v2\/media\/18369"}],"wp:attachment":[{"href":"https:\/\/pesu24.ee\/en\/wp-json\/wp\/v2\/media?parent=17748"}],"wp:term":[{"taxonomy":"product_brand","embeddable":true,"href":"https:\/\/pesu24.ee\/en\/wp-json\/wp\/v2\/product_brand?post=17748"},{"taxonomy":"product_cat","embeddable":true,"href":"https:\/\/pesu24.ee\/en\/wp-json\/wp\/v2\/product_cat?post=17748"},{"taxonomy":"product_tag","embeddable":true,"href":"https:\/\/pesu24.ee\/en\/wp-json\/wp\/v2\/product_tag?post=17748"}],"curies":[{"name":"wp","href":"https:\/\/api.w.org\/{rel}","templated":true}]}}