{"id":17751,"date":"2025-08-18T19:58:51","date_gmt":"2025-08-18T16:58:51","guid":{"rendered":"https:\/\/pesu24.ee\/?post_type=product&#038;p=17751"},"modified":"2025-12-09T13:09:01","modified_gmt":"2025-12-09T10:09:01","slug":"2-osaline-avatud-pesukomplekt-obsessive-serafia","status":"publish","type":"product","link":"https:\/\/pesu24.ee\/en\/pesukomplektid\/2-osaline-avatud-pesukomplekt-obsessive-serafia\/","title":{"rendered":"2-osaline avatud pesukomplekt Obsessive Serafia"},"content":{"rendered":"<p>Obsessive Serafia avatud pesukomplekt on loodud selleks, et t\u00f5sta esile teise naiselikkust ja enesekindlust. See komplekt sisaldab avatud rinnahoidjat ja avatud p\u00fcksikuid, mis paljastavad teie keha v\u00f5luvad k\u00fcljed.<\/p>\n<p>Detailideni viimistletud pits ja lummavad \u00f5ieaktsendid lisavad sellele pesukomplektile elegantsi ja erootikat. See on ideaalne valik neile, kes soovivad \u00fcllatada ja v\u00f5luda oma partnerit v\u00f5i lihtsalt tunda end sensuaalselt ja enesekindlalt igal hetkel.<\/p>\n<p>Tutvuge ka teiste <a href=\"https:\/\/pesu24.ee\/en\/omadus\/obsessive-serafia\/\">Obsessive Serafia<\/a> pesukollektsiooni toodetega.<\/p>\n<p><span style=\"color: #008000;\"><strong>KOMPLEKT SISALDAB:<\/strong><\/span><\/p>\n<ul>\n<li>avatud rinnahoidja<\/li>\n<li>avatud p\u00fcksikud<\/li>\n<\/ul>\n<p><span style=\"color: #008000;\"><strong>DETAILS:<\/strong><\/span><\/p>\n<ul>\n<li>avatud rinnakorv<\/li>\n<li>avatud jalgevahe<\/li>\n<li>polsterdatud rinnakorv tugikaartega<\/li>\n<li>taga astmeline kinnitus<\/li>\n<li>reguleeritavad \u00f5lapaelad<\/li>\n<li>mugav &amp; elastne kangas (90% pol\u00fcamiid &amp; 10% elastaan)<\/li>\n<\/ul>","protected":false},"excerpt":{"rendered":"<p>&#46;&#46;&#46;<\/p>","protected":false},"featured_media":18392,"comment_status":"open","ping_status":"closed","template":"","meta":{"_glsr_average":0,"_glsr_ranking":0,"_glsr_reviews":0},"product_brand":[500],"product_cat":[16],"product_tag":[160,457],"class_list":{"0":"post-17751","1":"product","2":"type-product","3":"status-publish","4":"has-post-thumbnail","6":"product_brand-obsessive","7":"product_cat-pesukomplektid","8":"product_tag-obsessive","9":"product_tag-obsessive-serafia","10":"pa_suurus-m-l","11":"pa_suurus-xl-xxl","12":"pa_suurus-xs-s","13":"pa_varvus-must","15":"first","16":"instock","17":"sale","18":"sold-individually","19":"taxable","20":"shipping-taxable","21":"purchasable","22":"product-type-variable"},"_links":{"self":[{"href":"https:\/\/pesu24.ee\/en\/wp-json\/wp\/v2\/product\/17751","targetHints":{"allow":["GET"]}}],"collection":[{"href":"https:\/\/pesu24.ee\/en\/wp-json\/wp\/v2\/product"}],"about":[{"href":"https:\/\/pesu24.ee\/en\/wp-json\/wp\/v2\/types\/product"}],"replies":[{"embeddable":true,"href":"https:\/\/pesu24.ee\/en\/wp-json\/wp\/v2\/comments?post=17751"}],"wp:featuredmedia":[{"embeddable":true,"href":"https:\/\/pesu24.ee\/en\/wp-json\/wp\/v2\/media\/18392"}],"wp:attachment":[{"href":"https:\/\/pesu24.ee\/en\/wp-json\/wp\/v2\/media?parent=17751"}],"wp:term":[{"taxonomy":"product_brand","embeddable":true,"href":"https:\/\/pesu24.ee\/en\/wp-json\/wp\/v2\/product_brand?post=17751"},{"taxonomy":"product_cat","embeddable":true,"href":"https:\/\/pesu24.ee\/en\/wp-json\/wp\/v2\/product_cat?post=17751"},{"taxonomy":"product_tag","embeddable":true,"href":"https:\/\/pesu24.ee\/en\/wp-json\/wp\/v2\/product_tag?post=17751"}],"curies":[{"name":"wp","href":"https:\/\/api.w.org\/{rel}","templated":true}]}}