{"id":17754,"date":"2025-08-18T19:58:51","date_gmt":"2025-08-18T16:58:51","guid":{"rendered":"https:\/\/pesu24.ee\/?post_type=product&#038;p=17754"},"modified":"2025-11-12T12:24:42","modified_gmt":"2025-11-12T09:24:42","slug":"2-osaline-pesukomplekt-obsessive-medilla","status":"publish","type":"product","link":"https:\/\/pesu24.ee\/en\/pesukomplektid\/2-osaline-pesukomplekt-obsessive-medilla\/","title":{"rendered":"2-osaline pesukomplekt Obsessive Medilla"},"content":{"rendered":"<p>Obsessive Medilla 2-osaline pesukomplekt on loodud spetsiaalselt neile, kes hindavad kvaliteeti ja soovid tunda end enesekindlalt ning eriliselt. Antud pesukomplekt toob esile teie naiselikkuse ning imelise figuuri.<\/p>\n<p>Kandke seda erilisel \u00f5htul, et tekitada meeldej\u00e4\u00e4v mulje v\u00f5i tundke end igap\u00e4evaselt sensuaalsena. Obsessive Medilla pesukomplekt on suurep\u00e4rane kingitus iseendale, mis toob esile teie ainulaadsuse ja v\u00f5lu.<\/p>\n<p>Tutvuge ka teiste <a href=\"https:\/\/pesu24.ee\/en\/omadus\/obsessive-medilla\/\">Obsessive Medilla<\/a> pesukollektsiooni toodetega.<\/p>\n<p><span style=\"color: #008000;\"><strong>KOMPLEKT SISALDAB:<\/strong><\/span><\/p>\n<ul>\n<li>rinnahoidja<\/li>\n<li>stringid<\/li>\n<\/ul>\n<p><span style=\"color: #008000;\"><strong>DETAILS:<\/strong><\/span><\/p>\n<ul>\n<li>aegumatu klassikalise l\u00f5ikega pesukomplekt<\/li>\n<li>kaela tagant kinnituv<\/li>\n<li>osaliselt polsterdatud rinnakorv<\/li>\n<li>taga astmeline kinnitus<\/li>\n<li>mugav &amp; elastne kangas (90% pol\u00fcamiid &amp; 10% elastaan)<\/li>\n<\/ul>","protected":false},"excerpt":{"rendered":"<p>&#46;&#46;&#46;<\/p>","protected":false},"featured_media":18416,"comment_status":"open","ping_status":"closed","template":"","meta":{"_glsr_average":0,"_glsr_ranking":0,"_glsr_reviews":0},"product_brand":[500],"product_cat":[16],"product_tag":[160,458],"class_list":{"0":"post-17754","1":"product","2":"type-product","3":"status-publish","4":"has-post-thumbnail","6":"product_brand-obsessive","7":"product_cat-pesukomplektid","8":"product_tag-obsessive","9":"product_tag-obsessive-medilla","10":"pa_suurus-m-l","11":"pa_suurus-xl-xxl","12":"pa_suurus-xs-s","13":"pa_varvus-must","15":"first","16":"instock","17":"sold-individually","18":"taxable","19":"shipping-taxable","20":"purchasable","21":"product-type-variable"},"_links":{"self":[{"href":"https:\/\/pesu24.ee\/en\/wp-json\/wp\/v2\/product\/17754","targetHints":{"allow":["GET"]}}],"collection":[{"href":"https:\/\/pesu24.ee\/en\/wp-json\/wp\/v2\/product"}],"about":[{"href":"https:\/\/pesu24.ee\/en\/wp-json\/wp\/v2\/types\/product"}],"replies":[{"embeddable":true,"href":"https:\/\/pesu24.ee\/en\/wp-json\/wp\/v2\/comments?post=17754"}],"wp:featuredmedia":[{"embeddable":true,"href":"https:\/\/pesu24.ee\/en\/wp-json\/wp\/v2\/media\/18416"}],"wp:attachment":[{"href":"https:\/\/pesu24.ee\/en\/wp-json\/wp\/v2\/media?parent=17754"}],"wp:term":[{"taxonomy":"product_brand","embeddable":true,"href":"https:\/\/pesu24.ee\/en\/wp-json\/wp\/v2\/product_brand?post=17754"},{"taxonomy":"product_cat","embeddable":true,"href":"https:\/\/pesu24.ee\/en\/wp-json\/wp\/v2\/product_cat?post=17754"},{"taxonomy":"product_tag","embeddable":true,"href":"https:\/\/pesu24.ee\/en\/wp-json\/wp\/v2\/product_tag?post=17754"}],"curies":[{"name":"wp","href":"https:\/\/api.w.org\/{rel}","templated":true}]}}