{"id":17755,"date":"2025-08-18T19:58:51","date_gmt":"2025-08-18T16:58:51","guid":{"rendered":"https:\/\/pesu24.ee\/?post_type=product&#038;p=17755"},"modified":"2025-10-12T03:16:17","modified_gmt":"2025-10-12T00:16:17","slug":"2-osaline-avatud-pesukomplekt-obsessive-roxelia","status":"publish","type":"product","link":"https:\/\/pesu24.ee\/en\/pesukomplektid\/2-osaline-avatud-pesukomplekt-obsessive-roxelia\/","title":{"rendered":"2-osaline avatud pesukomplekt Obsessive Roxelia"},"content":{"rendered":"<p>Obsessive Roxelia avatud pesukomplekt toob teie garderoobi sensuaalsuse ja enesekindluse, mida olete alati ihaldanud. See ei ole lihtsalt pesu, see on kirglik avaldus, mis m\u00e4\u00e4ratleb teie ainulaadset stiili.<\/p>\n<p>Pesukomplekti disain on k\u00fctkestav ja ahvatlev, pitsi ja avatud l\u00f5ikega, mis paljastab just \u00f5ige koguse, et s\u00fctitada kire leegi. Roxelia pesukomplekt on valmistatud kvaliteetsest ja mugavast kangast, mis katsudes on siidiselt pehme.<\/p>\n<p>Kandke seda erilistel hetkedel, et tekitada m\u00e4letamatu iha ja kirg v\u00f5i igap\u00e4evaselt, et lisada oma riietusele sensuaalset elegantsi. Obsessive Roxelia avatud pesukomplekt on suurep\u00e4rane kingitus iseendale, mis toob esile teie ainulaadsuse ja kirgliku enesekindluse.<\/p>\n<p>Tutvuge ka teiste <a href=\"https:\/\/pesu24.ee\/en\/omadus\/obsessive-roxelia\/\">Obsessive Roxelia<\/a> pesukollektsiooni toodetega.<\/p>\n<p><span style=\"color: #008000;\"><strong>KOMPLEKT SISALDAB:<\/strong><\/span><\/p>\n<ul>\n<li>avatud rinnahoidja<\/li>\n<li>avatud stringid<\/li>\n<\/ul>\n<p><span style=\"color: #008000;\"><strong>DETAILS:<\/strong><\/span><\/p>\n<ul>\n<li>erilise disainiga rinnahoidja<\/li>\n<li>reguleeritavad \u00f5lapaelad<\/li>\n<li>osaliselt polsterdatud rinnakorv<\/li>\n<li>taga astmeline kinnitus<\/li>\n<li>rinnakorvil tugikaared<\/li>\n<li>avatud rinnakorv &amp; jalgevahe<\/li>\n<li>mugav &amp; elastne kangas (94% pol\u00fcamiid &amp; 6% elastaan)<\/li>\n<\/ul>\n<p><span style=\"color: #008000;\"><strong>VIDEO<\/strong><\/span><\/p>\n<div class=\"video-container\"><iframe loading=\"lazy\" title=\"ODV\u00c1\u017dN\u00dd SET OTEV\u0158EN\u00dd ROXELIA CROTCHLESS SET - OBSESSIVE\" width=\"500\" height=\"281\" src=\"https:\/\/www.youtube.com\/embed\/8RZ0mYkZwgw?feature=oembed&#038;wmode=opaque\" frameborder=\"0\" allow=\"accelerometer; autoplay; clipboard-write; encrypted-media; gyroscope; picture-in-picture; web-share\" referrerpolicy=\"strict-origin-when-cross-origin\" allowfullscreen><\/iframe><\/div>","protected":false},"excerpt":{"rendered":"<p>&#46;&#46;&#46;<\/p>","protected":false},"featured_media":18423,"comment_status":"open","ping_status":"closed","template":"","meta":{"_glsr_average":0,"_glsr_ranking":0,"_glsr_reviews":0},"product_brand":[500],"product_cat":[16],"product_tag":[160,459],"class_list":{"0":"post-17755","1":"product","2":"type-product","3":"status-publish","4":"has-post-thumbnail","6":"product_brand-obsessive","7":"product_cat-pesukomplektid","8":"product_tag-obsessive","9":"product_tag-obsessive-roxelia","10":"pa_suurus-m-l","11":"pa_suurus-xl-xxl","12":"pa_suurus-xs-s","13":"pa_varvus-must","15":"first","16":"instock","17":"sold-individually","18":"taxable","19":"shipping-taxable","20":"purchasable","21":"product-type-variable"},"_links":{"self":[{"href":"https:\/\/pesu24.ee\/en\/wp-json\/wp\/v2\/product\/17755","targetHints":{"allow":["GET"]}}],"collection":[{"href":"https:\/\/pesu24.ee\/en\/wp-json\/wp\/v2\/product"}],"about":[{"href":"https:\/\/pesu24.ee\/en\/wp-json\/wp\/v2\/types\/product"}],"replies":[{"embeddable":true,"href":"https:\/\/pesu24.ee\/en\/wp-json\/wp\/v2\/comments?post=17755"}],"wp:featuredmedia":[{"embeddable":true,"href":"https:\/\/pesu24.ee\/en\/wp-json\/wp\/v2\/media\/18423"}],"wp:attachment":[{"href":"https:\/\/pesu24.ee\/en\/wp-json\/wp\/v2\/media?parent=17755"}],"wp:term":[{"taxonomy":"product_brand","embeddable":true,"href":"https:\/\/pesu24.ee\/en\/wp-json\/wp\/v2\/product_brand?post=17755"},{"taxonomy":"product_cat","embeddable":true,"href":"https:\/\/pesu24.ee\/en\/wp-json\/wp\/v2\/product_cat?post=17755"},{"taxonomy":"product_tag","embeddable":true,"href":"https:\/\/pesu24.ee\/en\/wp-json\/wp\/v2\/product_tag?post=17755"}],"curies":[{"name":"wp","href":"https:\/\/api.w.org\/{rel}","templated":true}]}}