{"id":17756,"date":"2025-08-18T19:58:51","date_gmt":"2025-08-18T16:58:51","guid":{"rendered":"https:\/\/pesu24.ee\/?post_type=product&#038;p=17756"},"modified":"2025-08-21T15:48:41","modified_gmt":"2025-08-21T12:48:41","slug":"2-osaline-avatud-pesukomplekt-obsessive-ingridia","status":"publish","type":"product","link":"https:\/\/pesu24.ee\/en\/pesukomplektid\/2-osaline-avatud-pesukomplekt-obsessive-ingridia\/","title":{"rendered":"2-osaline avatud pesukomplekt Obsessive Ingridia"},"content":{"rendered":"<p>Obsessive Ingridia 2-osaline pesukomplekt v\u00f5lub teid oma unikaalse ja naiseliku disainiga. Avatud l\u00f5ige lisab v\u00fcrtsi ning ja aitab valmistuda romantiliseks kohtumiseks, mida m\u00e4letate igavesti.<\/p>\n<p>Ingridia punane pesukomplekt on ideaalne lahendus kirgliku \u00f5hkkonna loomiseks. Valige see, kui soovite, et teie intiimsed hetked oleksid meeldej\u00e4\u00e4vad ja kutsuksid esile kirgliku \u00f5hkkonna.<\/p>\n<p>Tutvuge ka teiste <a href=\"https:\/\/pesu24.ee\/en\/omadus\/obsessive-ingridia\/\">Obsessive Ingridia<\/a>\u00a0pesukollektsiooni toodetega.<\/p>\n<p><span style=\"color: #008000;\"><strong>KOMPLEKT SISALDAB:<\/strong><\/span><\/p>\n<ul>\n<li>avatud rinnahoidja<\/li>\n<li>avatud stringid<\/li>\n<\/ul>\n<p><span style=\"color: #008000;\"><strong>DETAILS:<\/strong><\/span><\/p>\n<ul>\n<li>avatud rinnakorv &amp; jalgevahe<\/li>\n<li>osaliselt polsterdatud ja tugikaartega rinnakorv<\/li>\n<li>taga astmeline kinnitus<\/li>\n<li>reguleeritavad \u00f5la- ja reiepaelad<\/li>\n<li>mugav &amp; elastne kangas (94% pol\u00fcamiid &amp; 6% elastaan)<\/li>\n<\/ul>","protected":false},"excerpt":{"rendered":"<p>&#46;&#46;&#46;<\/p>","protected":false},"featured_media":18432,"comment_status":"open","ping_status":"closed","template":"","meta":{"_glsr_average":0,"_glsr_ranking":0,"_glsr_reviews":0},"product_brand":[500],"product_cat":[16],"product_tag":[392,160,460],"class_list":{"0":"post-17756","1":"product","2":"type-product","3":"status-publish","4":"has-post-thumbnail","6":"product_brand-obsessive","7":"product_cat-pesukomplektid","8":"product_tag-avatud-stringid","9":"product_tag-obsessive","10":"product_tag-obsessive-ingridia","11":"pa_suurus-m-l","12":"pa_suurus-xl-xxl","13":"pa_suurus-xs-s","14":"pa_varvus-punane","16":"first","17":"instock","18":"sold-individually","19":"taxable","20":"shipping-taxable","21":"purchasable","22":"product-type-variable"},"_links":{"self":[{"href":"https:\/\/pesu24.ee\/en\/wp-json\/wp\/v2\/product\/17756","targetHints":{"allow":["GET"]}}],"collection":[{"href":"https:\/\/pesu24.ee\/en\/wp-json\/wp\/v2\/product"}],"about":[{"href":"https:\/\/pesu24.ee\/en\/wp-json\/wp\/v2\/types\/product"}],"replies":[{"embeddable":true,"href":"https:\/\/pesu24.ee\/en\/wp-json\/wp\/v2\/comments?post=17756"}],"wp:featuredmedia":[{"embeddable":true,"href":"https:\/\/pesu24.ee\/en\/wp-json\/wp\/v2\/media\/18432"}],"wp:attachment":[{"href":"https:\/\/pesu24.ee\/en\/wp-json\/wp\/v2\/media?parent=17756"}],"wp:term":[{"taxonomy":"product_brand","embeddable":true,"href":"https:\/\/pesu24.ee\/en\/wp-json\/wp\/v2\/product_brand?post=17756"},{"taxonomy":"product_cat","embeddable":true,"href":"https:\/\/pesu24.ee\/en\/wp-json\/wp\/v2\/product_cat?post=17756"},{"taxonomy":"product_tag","embeddable":true,"href":"https:\/\/pesu24.ee\/en\/wp-json\/wp\/v2\/product_tag?post=17756"}],"curies":[{"name":"wp","href":"https:\/\/api.w.org\/{rel}","templated":true}]}}