{"id":17773,"date":"2025-08-18T21:32:12","date_gmt":"2025-08-18T18:32:12","guid":{"rendered":"https:\/\/pesu24.ee\/?post_type=product&#038;p=17773"},"modified":"2026-02-19T10:19:00","modified_gmt":"2026-02-19T08:19:00","slug":"2-osaline-avatud-pesukomplekt-obsessive-870","status":"publish","type":"product","link":"https:\/\/pesu24.ee\/en\/pesukomplektid\/2-osaline-avatud-pesukomplekt-obsessive-870\/","title":{"rendered":"2-osaline avatud pesukomplekt Obsessive 870"},"content":{"rendered":"<p>2-osaline avatud pesukomplekt Obsessive 870 on t\u00f5eline punane kiusatus. Seksikas pitsiline l\u00f5ige, avatud rinnahoidja ja stringid, erkpunane v\u00e4rv ja kaunid aksessuaarid ei j\u00e4ta fantaasiale eriti palju ruumi.<\/p>\n<p>Komplektis stringid ja rinnahoidja. Rinnahoidja avatud ja polsterdatud tugipatjadega ning paeltest t\u00e4ielikult reguleeritav, luues ideaalse sobivuse ning tuues esile rinnad. Stringid kui ka rinnahoidja kaunistatud lipsude ja ehtega.<\/p>\n<p><span style=\"color: #008000;\"><strong>KOMPLEKT SISALDAB:<\/strong><\/span><\/p>\n<ul>\n<li>avatud rinnahoidja<\/li>\n<li>avatud stringid<\/li>\n<\/ul>\n<p><span style=\"color: #008000;\"><strong>DETAILS:<\/strong><\/span><\/p>\n<ul>\n<li>2-osaline avatud punane pesukomplekt<\/li>\n<li>pitsilised avatud rinnahoidja<\/li>\n<li>rinnahoidjal tugipadjad rindade toetamiseks<\/li>\n<li>rinnahoidja paeltes reguleeritud<\/li>\n<li>avatud stringid<\/li>\n<li>kaunistatud lipsude ja ehtega<\/li>\n<li>elastne materjal (94% pol\u00fcamiid, 6% elastaan)<\/li>\n<\/ul>\n<p><span style=\"color: #008000;\"><strong>VIDEO<\/strong><\/span><\/p>\n<div class=\"video-container\"><iframe loading=\"lazy\" title=\"PIKANTN\u00cd SET OTEV\u0158EN\u00dd 870 - SEC - OBSESSIVE\" width=\"500\" height=\"281\" src=\"https:\/\/www.youtube.com\/embed\/BEXPTFOuvic?feature=oembed&#038;wmode=opaque\" frameborder=\"0\" allow=\"accelerometer; autoplay; clipboard-write; encrypted-media; gyroscope; picture-in-picture; web-share\" referrerpolicy=\"strict-origin-when-cross-origin\" allowfullscreen><\/iframe><\/div>","protected":false},"excerpt":{"rendered":"<ul>\n<li>2-osaline avatud punane pesukomplekt<\/li>\n<li>pitsilised avatud rinnahoidja<\/li>\n<li>rinnahoidjal tugipadjad rindade toetamiseks<\/li>\n<li>avatud stringid<\/li>\n<li>komplektis on rinnahoidjad ja stringid<\/li>\n<li>elastne materjal (94% pol\u00fcamiid, 6% elastaan)<\/li>\n<\/ul>","protected":false},"featured_media":12136,"comment_status":"open","ping_status":"closed","template":"","meta":{"_glsr_average":0,"_glsr_ranking":0,"_glsr_reviews":0},"product_brand":[500],"product_cat":[16],"product_tag":[392,160],"class_list":{"0":"post-17773","1":"product","2":"type-product","3":"status-publish","4":"has-post-thumbnail","6":"product_brand-obsessive","7":"product_cat-pesukomplektid","8":"product_tag-avatud-stringid","9":"product_tag-obsessive","10":"pa_suurus-l-xl","11":"pa_suurus-s-m","12":"pa_varvus-punane","14":"first","15":"instock","16":"sold-individually","17":"taxable","18":"shipping-taxable","19":"purchasable","20":"product-type-variable"},"_links":{"self":[{"href":"https:\/\/pesu24.ee\/en\/wp-json\/wp\/v2\/product\/17773","targetHints":{"allow":["GET"]}}],"collection":[{"href":"https:\/\/pesu24.ee\/en\/wp-json\/wp\/v2\/product"}],"about":[{"href":"https:\/\/pesu24.ee\/en\/wp-json\/wp\/v2\/types\/product"}],"replies":[{"embeddable":true,"href":"https:\/\/pesu24.ee\/en\/wp-json\/wp\/v2\/comments?post=17773"}],"wp:featuredmedia":[{"embeddable":true,"href":"https:\/\/pesu24.ee\/en\/wp-json\/wp\/v2\/media\/12136"}],"wp:attachment":[{"href":"https:\/\/pesu24.ee\/en\/wp-json\/wp\/v2\/media?parent=17773"}],"wp:term":[{"taxonomy":"product_brand","embeddable":true,"href":"https:\/\/pesu24.ee\/en\/wp-json\/wp\/v2\/product_brand?post=17773"},{"taxonomy":"product_cat","embeddable":true,"href":"https:\/\/pesu24.ee\/en\/wp-json\/wp\/v2\/product_cat?post=17773"},{"taxonomy":"product_tag","embeddable":true,"href":"https:\/\/pesu24.ee\/en\/wp-json\/wp\/v2\/product_tag?post=17773"}],"curies":[{"name":"wp","href":"https:\/\/api.w.org\/{rel}","templated":true}]}}