{"id":17774,"date":"2025-12-10T10:00:12","date_gmt":"2025-12-10T07:00:12","guid":{"rendered":"https:\/\/pesu24.ee\/?post_type=product&#038;p=17774"},"modified":"2025-12-10T14:25:30","modified_gmt":"2025-12-10T11:25:30","slug":"3-osaline-pesukomplekt-obsessive-heartina-punane","status":"publish","type":"product","link":"https:\/\/pesu24.ee\/en\/pesukomplektid\/3-osaline-pesukomplekt-obsessive-heartina-punane\/","title":{"rendered":"3-osaline pesukomplekt Obsessive Heartina"},"content":{"rendered":"<p>3-osaline pesukomplekt Heartina on Obsessive pesubr\u00e4ndi \u00fcks mudelitest, mille disainimisel inspiratsiooniks on armastuse v\u00e4rvid ja s\u00fcmbolid, milleks on punane v\u00e4rv ja s\u00fcda.<\/p>\n<p>Lillelisest pitsist ja tugikaartega rinnahoidja kaunistab ja toob esile rinnad. Rinnahoidja tagant astmelise kinnitusega ja \u00f5lapaeltest reguleeritav, mis tagab ideaalse sobivuse.<\/p>\n<p>Sukav\u00f6\u00f6 samuti tagant astmelise kinnitusega, millel neli sukapaela. Sukapaelad reguleeritavad. Nii sukav\u00f6\u00f6 kui ka rinnahoidjatel s\u00fcdamekujuline l\u00e4ikiv kaunistus. Komplekti kuuluvad ka sama pesukollektsiooni stringid.<\/p>\n<div class=\"omadused\">\n<p>Details<\/p>\n<ul>\n<li>3-osaline pesukomplekt Heartina<\/li>\n<li>komplektis rinnahoidja, sukav\u00f6\u00f6 ja stringid<\/li>\n<li>rinnahoidja ja sukav\u00f6\u00f6 lillisest pitsist<\/li>\n<li>rinnahoidja ja sukav\u00f6\u00f6 astmelise kinnitusega<\/li>\n<li>rinnahoidjal ja sukav\u00f6\u00f6l s\u00fcdamekujuline kaunistus<\/li>\n<li>rinnahoidja ja sukapaelad reguleeritavad<\/li>\n<li>rinnahoidja tugikaartega<\/li>\n<li>komplektis sama kollektsiooni stringid<\/li>\n<li>elastne kangas, reguleeritavus tagab ideaalse sobivuse<\/li>\n<li>materjal 85% pol\u00fcamiid, 15% elastaan<\/li>\n<\/ul>\n<p>Pesukomplekt sobib kokku <a href=\"https:\/\/pesu24.ee\/en\/sukad\/sukad-obsessive-s800-punased-15-den\/\">Obsessive S800 sukkadega<\/a>. Samuti on saada sama mudeli <a href=\"https:\/\/pesu24.ee\/en\/pesukomplektid\/3-osaline-pesukomplekt-obsessive-heartina-must\/\">must versioon<\/a>.<\/p>\n<\/div>\n<p><span style=\"color: #008000;\"><strong>VIDEO<\/strong><\/span><\/p>\n<div class=\"video-container\"><iframe loading=\"lazy\" title=\"SET HEARTINA SET - OBSESSIVE\" width=\"500\" height=\"281\" src=\"https:\/\/www.youtube.com\/embed\/QTitQ1cO-mE?feature=oembed&#038;wmode=opaque\" frameborder=\"0\" allow=\"accelerometer; autoplay; clipboard-write; encrypted-media; gyroscope; picture-in-picture; web-share\" referrerpolicy=\"strict-origin-when-cross-origin\" allowfullscreen><\/iframe><\/div>","protected":false},"excerpt":{"rendered":"<p>https:\/\/www.youtube.com\/watch?v=QTitQ1cO-mE<\/p>","protected":false},"featured_media":30101,"comment_status":"open","ping_status":"closed","template":"","meta":{"_glsr_average":0,"_glsr_ranking":0,"_glsr_reviews":0},"product_brand":[500],"product_cat":[16],"product_tag":[160],"class_list":{"0":"post-17774","1":"product","2":"type-product","3":"status-publish","4":"has-post-thumbnail","6":"product_brand-obsessive","7":"product_cat-pesukomplektid","8":"product_tag-obsessive","9":"pa_suurus-l-xl","10":"pa_suurus-s-m","11":"pa_varvus-punane","13":"first","14":"instock","15":"sold-individually","16":"taxable","17":"shipping-taxable","18":"purchasable","19":"product-type-variable"},"_links":{"self":[{"href":"https:\/\/pesu24.ee\/en\/wp-json\/wp\/v2\/product\/17774","targetHints":{"allow":["GET"]}}],"collection":[{"href":"https:\/\/pesu24.ee\/en\/wp-json\/wp\/v2\/product"}],"about":[{"href":"https:\/\/pesu24.ee\/en\/wp-json\/wp\/v2\/types\/product"}],"replies":[{"embeddable":true,"href":"https:\/\/pesu24.ee\/en\/wp-json\/wp\/v2\/comments?post=17774"}],"wp:featuredmedia":[{"embeddable":true,"href":"https:\/\/pesu24.ee\/en\/wp-json\/wp\/v2\/media\/30101"}],"wp:attachment":[{"href":"https:\/\/pesu24.ee\/en\/wp-json\/wp\/v2\/media?parent=17774"}],"wp:term":[{"taxonomy":"product_brand","embeddable":true,"href":"https:\/\/pesu24.ee\/en\/wp-json\/wp\/v2\/product_brand?post=17774"},{"taxonomy":"product_cat","embeddable":true,"href":"https:\/\/pesu24.ee\/en\/wp-json\/wp\/v2\/product_cat?post=17774"},{"taxonomy":"product_tag","embeddable":true,"href":"https:\/\/pesu24.ee\/en\/wp-json\/wp\/v2\/product_tag?post=17774"}],"curies":[{"name":"wp","href":"https:\/\/api.w.org\/{rel}","templated":true}]}}