{"id":17775,"date":"2025-08-18T21:32:12","date_gmt":"2025-08-18T18:32:12","guid":{"rendered":"https:\/\/pesu24.ee\/?post_type=product&#038;p=17775"},"modified":"2025-11-12T12:31:37","modified_gmt":"2025-11-12T09:31:37","slug":"3-osaline-pesukomplekt-obsessive-838","status":"publish","type":"product","link":"https:\/\/pesu24.ee\/en\/pesukomplektid\/3-osaline-pesukomplekt-obsessive-838\/","title":{"rendered":"3-osaline pesukomplekt Obsessive 838"},"content":{"rendered":"<p>Uskumatult seksikas rinnahoidja, ahvatlev sukav\u00f6\u00f6 ja v\u00f5luvad stringid. See on 3-osaline pesukomplekt Obsessive 838. Lisa juurde sama pesukollektsiooni sukad ning muutud partneri jaoks vastupandamatuks.<\/p>\n<p>Komplektis lilleise motiiviga punasest pitsist rinnahoidjad, mille keskel l\u00e4ikiv kaunistus. Rinnahoidja on tagant astmelise kinnitusega, reguleeritavate kaelapaeltega ja valmistatud pehmest ja venivast kangast, mis tagab ideaalse sobivuse. Disain ja pooll\u00e4bipaistev materjal toob esile naiseliku ilu ja seksikuse, aga j\u00e4tab piisavalt ruumi fantaasiaks.<\/p>\n<p>Sukav\u00f6\u00f6 samuti pehmest-venivast materjalist, millel neli sukahoidjat. Sukahoidjad on reguleeritavad, luues ideaalse sobivuse. Komplekti kuuluvad ka stringid. Sukad komplekti ei kuulu, aga need saab samuti osta meie e-poest. Tutvu ja lisa ostukorvi sama pesukollektsiooni <a href=\"https:\/\/pesu24.ee\/en\/sukad\/\">Obsessive S838 sukad<\/a>.<\/p>\n<p><span style=\"color: #008000;\"><strong>KOMPLEKT SISALDAB:<\/strong><\/span><\/p>\n<ul>\n<li>rinnahoidja<\/li>\n<li>sukahoidja<\/li>\n<li>stringid<\/li>\n<li>NB! sukad ei kuulu komplekti<\/li>\n<\/ul>\n<p><span style=\"color: #008000;\"><strong>DETAILS:<\/strong><\/span><\/p>\n<ul>\n<li>kolmeosaline pitsist pesukomplekt<\/li>\n<li>rinnahoidja astmelise kinnitusega ja kaelapaeltes reguleeritav<\/li>\n<li>rinnahoidja l\u00e4ikiva kaunistusega<\/li>\n<li>sukav\u00f6\u00f6 nelja reguleeritava sukapaelaga<\/li>\n<li>kena, veniv kangas (90% pol\u00fcamiid, 10% elastaan)<\/li>\n<\/ul>\n<p>Samas pesukollektsioonis ka babydoll, \u00f6\u00f6s\u00e4rk, 2-osaline pesukomplekt ja korsett. Lisaks saadaval ka musta v\u00e4rvi. Teiste tootete ja v\u00e4rvide n\u00e4gemiseks tutvu 838 pesukollektsiooniga.<\/p>\n<p><span style=\"color: #008000;\"><strong>VIDEO<\/strong><\/span><\/p>\n<div class=\"video-container\"><iframe loading=\"lazy\" title=\"SOUPRAVA 838-SEG RED - OBSESSIVE\" width=\"500\" height=\"281\" src=\"https:\/\/www.youtube.com\/embed\/baAIJbD3-9s?feature=oembed&#038;wmode=opaque\" frameborder=\"0\" allow=\"accelerometer; autoplay; clipboard-write; encrypted-media; gyroscope; picture-in-picture; web-share\" referrerpolicy=\"strict-origin-when-cross-origin\" allowfullscreen><\/iframe><\/div>","protected":false},"excerpt":{"rendered":"<p>&#46;&#46;&#46;<\/p>","protected":false},"featured_media":12152,"comment_status":"open","ping_status":"closed","template":"","meta":{"_glsr_average":0,"_glsr_ranking":0,"_glsr_reviews":0},"product_brand":[500],"product_cat":[16],"product_tag":[160,129],"class_list":{"0":"post-17775","1":"product","2":"type-product","3":"status-publish","4":"has-post-thumbnail","6":"product_brand-obsessive","7":"product_cat-pesukomplektid","8":"product_tag-obsessive","9":"product_tag-obsessive-838-pesukollektsioon","10":"pa_suurus-l-xl","11":"pa_suurus-s-m","12":"pa_varvus-punane","14":"first","15":"instock","16":"sold-individually","17":"taxable","18":"shipping-taxable","19":"purchasable","20":"product-type-variable"},"_links":{"self":[{"href":"https:\/\/pesu24.ee\/en\/wp-json\/wp\/v2\/product\/17775","targetHints":{"allow":["GET"]}}],"collection":[{"href":"https:\/\/pesu24.ee\/en\/wp-json\/wp\/v2\/product"}],"about":[{"href":"https:\/\/pesu24.ee\/en\/wp-json\/wp\/v2\/types\/product"}],"replies":[{"embeddable":true,"href":"https:\/\/pesu24.ee\/en\/wp-json\/wp\/v2\/comments?post=17775"}],"wp:featuredmedia":[{"embeddable":true,"href":"https:\/\/pesu24.ee\/en\/wp-json\/wp\/v2\/media\/12152"}],"wp:attachment":[{"href":"https:\/\/pesu24.ee\/en\/wp-json\/wp\/v2\/media?parent=17775"}],"wp:term":[{"taxonomy":"product_brand","embeddable":true,"href":"https:\/\/pesu24.ee\/en\/wp-json\/wp\/v2\/product_brand?post=17775"},{"taxonomy":"product_cat","embeddable":true,"href":"https:\/\/pesu24.ee\/en\/wp-json\/wp\/v2\/product_cat?post=17775"},{"taxonomy":"product_tag","embeddable":true,"href":"https:\/\/pesu24.ee\/en\/wp-json\/wp\/v2\/product_tag?post=17775"}],"curies":[{"name":"wp","href":"https:\/\/api.w.org\/{rel}","templated":true}]}}