{"id":17776,"date":"2025-08-18T21:32:12","date_gmt":"2025-08-18T18:32:12","guid":{"rendered":"https:\/\/pesu24.ee\/?post_type=product&#038;p=17776"},"modified":"2025-08-20T14:54:41","modified_gmt":"2025-08-20T11:54:41","slug":"3-osaline-pesukomplekt-obsessive-818","status":"publish","type":"product","link":"https:\/\/pesu24.ee\/en\/pesukomplektid\/3-osaline-pesukomplekt-obsessive-818\/","title":{"rendered":"3-osaline pesukomplekt Obsessive 818"},"content":{"rendered":"<p>Roosimotiiviga 3-osaline must pesukomplekt Obsessive 818. Komplekti kuuluvad rinnahoidja, sukav\u00f6\u00f6 ja stringid. Fotodel olevad sukad komplekti ei kuulu, aga need saab osta samuti meie e-poest. Tutvu fotodel olevate <a href=\"https:\/\/pesu24.ee\/en\/sukad\/sukad-obsessive-s800\/\">Obsessive S800 sukkadega<\/a>.<\/p>\n<p>Pehme ja elastsest materjalist rinnahoidja, mis on reguleeritav \u00f5lapaeltest ja tagant astmelise kinnitusega. Reguleeritavus kui ka elastne materjal tagab ideaalse sobivuse. Rinnahoidja kaunistastud l\u00e4ikiva ehtega ning rinnakorvi \u00fclaosa paelad toovad esile ja r\u00f5hutavad rindu.<\/p>\n<p>Sukav\u00f6\u00f6 samuti kaunistatud l\u00e4ikiva ehtega. Sukav\u00f6\u00f6l neli reguleeritavat sukapaela, mis samuti tagab ideaalse sobivuse. Komplekti kuuluvad ka sama pesukollektsiooni stringid. Roosiline motiiv, \u00f5rnalt l\u00e4bipaistev pitsiline materjal ja paeltest inspireeritud disain toob esile naiselikkuse.<\/p>\n<p><span style=\"color: #008000;\"><strong>KOMPLEKT SISALDAB:<\/strong><\/span><\/p>\n<ul>\n<li>rinnahoidja<\/li>\n<li>sukav\u00f6\u00f6<\/li>\n<li>stringid<\/li>\n<li>NB! sukad ei kuulu komplekti<\/li>\n<\/ul>\n<p>Komplekt sobib suurep\u00e4raselt kokku <a class=\"sex_shop\" href=\"https:\/\/pesu24.ee\/en\/sukad\/sukad-obsessive-s800\/\">Obsessive S800 sukkadega<\/a>.<\/p>\n<p><span style=\"color: #008000;\"><strong>DETAILS:<\/strong><\/span><\/p>\n<ul>\n<li>kaunis roosimotiiviga pesukomplekt<\/li>\n<li>komplektis rinnahoidja, sukav\u00f6\u00f6 ja stringid<\/li>\n<li>rinnahoidja tagant astmelise kinnituse ja reguleeritavate \u00f5lapaeltega<\/li>\n<li>sukav\u00f6\u00f6 nelja reguleeritava sukapaelaga<\/li>\n<li>pitsist stringid<\/li>\n<li>pitsiline elastne materjal ja reguleeritavus tagab ideaalse sobivuse<\/li>\n<li>sukad ei kuulu komplekti<\/li>\n<li>veniv elastne materjal (85% pol\u00fcamiid, 15% elastaan)<\/li>\n<\/ul>\n<p><strong><span style=\"color: #008000;\">VIDEO<\/span><\/strong><\/p>\n<div class=\"video-container\"><iframe loading=\"lazy\" title=\"SET 818-SEG - OBSESSIVE\" width=\"500\" height=\"281\" src=\"https:\/\/www.youtube.com\/embed\/6Ky4N44ki_Q?feature=oembed&#038;wmode=opaque\" frameborder=\"0\" allow=\"accelerometer; autoplay; clipboard-write; encrypted-media; gyroscope; picture-in-picture; web-share\" referrerpolicy=\"strict-origin-when-cross-origin\" allowfullscreen><\/iframe><\/div>","protected":false},"excerpt":{"rendered":"<p>&#46;&#46;&#46;<\/p>","protected":false},"featured_media":12159,"comment_status":"open","ping_status":"closed","template":"","meta":{"_glsr_average":0,"_glsr_ranking":0,"_glsr_reviews":0},"product_brand":[500],"product_cat":[16],"product_tag":[160],"class_list":{"0":"post-17776","1":"product","2":"type-product","3":"status-publish","4":"has-post-thumbnail","6":"product_brand-obsessive","7":"product_cat-pesukomplektid","8":"product_tag-obsessive","9":"pa_suurus-l-xl","10":"pa_suurus-s-m","11":"pa_varvus-must","13":"first","14":"instock","15":"sold-individually","16":"taxable","17":"shipping-taxable","18":"purchasable","19":"product-type-variable"},"_links":{"self":[{"href":"https:\/\/pesu24.ee\/en\/wp-json\/wp\/v2\/product\/17776","targetHints":{"allow":["GET"]}}],"collection":[{"href":"https:\/\/pesu24.ee\/en\/wp-json\/wp\/v2\/product"}],"about":[{"href":"https:\/\/pesu24.ee\/en\/wp-json\/wp\/v2\/types\/product"}],"replies":[{"embeddable":true,"href":"https:\/\/pesu24.ee\/en\/wp-json\/wp\/v2\/comments?post=17776"}],"wp:featuredmedia":[{"embeddable":true,"href":"https:\/\/pesu24.ee\/en\/wp-json\/wp\/v2\/media\/12159"}],"wp:attachment":[{"href":"https:\/\/pesu24.ee\/en\/wp-json\/wp\/v2\/media?parent=17776"}],"wp:term":[{"taxonomy":"product_brand","embeddable":true,"href":"https:\/\/pesu24.ee\/en\/wp-json\/wp\/v2\/product_brand?post=17776"},{"taxonomy":"product_cat","embeddable":true,"href":"https:\/\/pesu24.ee\/en\/wp-json\/wp\/v2\/product_cat?post=17776"},{"taxonomy":"product_tag","embeddable":true,"href":"https:\/\/pesu24.ee\/en\/wp-json\/wp\/v2\/product_tag?post=17776"}],"curies":[{"name":"wp","href":"https:\/\/api.w.org\/{rel}","templated":true}]}}