{"id":17777,"date":"2025-12-16T11:32:12","date_gmt":"2025-12-16T08:32:12","guid":{"rendered":"https:\/\/pesu24.ee\/?post_type=product&#038;p=17777"},"modified":"2025-12-16T15:17:50","modified_gmt":"2025-12-16T12:17:50","slug":"3-osaline-pesukomplekt-obsessive-wonderia","status":"publish","type":"product","link":"https:\/\/pesu24.ee\/en\/pesukomplektid\/3-osaline-pesukomplekt-obsessive-wonderia\/","title":{"rendered":"3-osaline pesukomplekt Obsessive Wonderia"},"content":{"rendered":"<p>Tagasihoidlikuma disainiga 3-osaline pesukomplekt Obsessive Wonderia sobib ka h\u00e4belikumale naisele, kes alles magamistoas kompamas partneri piire. Komplekti kuulub rinnahoidja, sukav\u00f6\u00f6 ja stringid.<\/p>\n<p>Lillelise motiiviga, polsterdatud ja tugikaartega rinnahoidjad, mis on tagant astmelise kinnituse ja \u00f5lapaeltest reguleeritud. Reguleeritavus ja pitsiline pehme ning elastne materjal tagab ideaalse sobivuse. Rinnahoidjal kaunistuseks l\u00e4ikiv lipsuga ja rinnahoidla \u00fclemine osa kaunistatud pitsilise paelaga ning alumine satiinse v\u00f6\u00f6ga, mis r\u00f5hutab rindu.<\/p>\n<p>Samuti sukav\u00f6\u00f6l kasutatud sama stiili, mis rinnahoidjatel. Sukav\u00f6\u00f6 eest minimalistlikum. Komplekti kuuluvad ka sama pesukollektsiooni stringid. Sukad komplekti ei kuulu, aga need saab osta samuti meie e-poest.<\/p>\n<div class=\"omadused\">\n<p>Omadused<\/p>\n<ul>\n<li>komplekt sisaldab rinnahoidjat, stringi, ja sukahoidjat. Sukad komplekti ei kuulu ja need saab osta eraldi, sobides ideaalselt <a class=\"sex_shop\" href=\"https:\/\/pesu24.ee\/en\/sukad\/sukad-obsessive-s800\/\">Obsessive S800 sukkadega.<\/a><\/li>\n<li>sensuaalne 3-osaline pesukomplekt<\/li>\n<li>tugikaartega polsterdatud rinnahoidja<\/li>\n<li>rinnahoidja reguleeritavats \u00f5lapaelte ja tagant astmelise kinnitusega<\/li>\n<li>rinnahoidja \u00f5rnast, jumalikust pitsist ja siledast materjalist &#8211; ahvatlevalt paljastatud rinnaosa<\/li>\n<li>pehmest pitsiliselt materjalist sukav\u00f6\u00f6<\/li>\n<li>sukav\u00f6\u00f6l neli reguleeritavad sukapaela<\/li>\n<li>elastne pehme materjal (90% pol\u00fcamiidi, 10% elastaani)<\/li>\n<\/ul>\n<\/div>\n<p><span style=\"color: #008000;\"><strong>VIDEO<\/strong><\/span><\/p>\n<div class=\"video-container\"><iframe loading=\"lazy\" title=\"Obsessive Wonderia Set Review | PABO\" width=\"500\" height=\"281\" src=\"https:\/\/www.youtube.com\/embed\/yd7MiU7ZqyU?feature=oembed&#038;wmode=opaque\" frameborder=\"0\" allow=\"accelerometer; autoplay; clipboard-write; encrypted-media; gyroscope; picture-in-picture; web-share\" referrerpolicy=\"strict-origin-when-cross-origin\" allowfullscreen><\/iframe><\/div>","protected":false},"excerpt":{"rendered":"<p>&#46;&#46;&#46;<\/p>","protected":false},"featured_media":30230,"comment_status":"open","ping_status":"closed","template":"","meta":{"_glsr_average":0,"_glsr_ranking":0,"_glsr_reviews":0},"product_brand":[500],"product_cat":[16],"product_tag":[160],"class_list":{"0":"post-17777","1":"product","2":"type-product","3":"status-publish","4":"has-post-thumbnail","6":"product_brand-obsessive","7":"product_cat-pesukomplektid","8":"product_tag-obsessive","9":"pa_suurus-l-xl","10":"pa_suurus-s-m","11":"pa_varvus-must","13":"first","14":"instock","15":"sold-individually","16":"taxable","17":"shipping-taxable","18":"purchasable","19":"product-type-variable"},"_links":{"self":[{"href":"https:\/\/pesu24.ee\/en\/wp-json\/wp\/v2\/product\/17777","targetHints":{"allow":["GET"]}}],"collection":[{"href":"https:\/\/pesu24.ee\/en\/wp-json\/wp\/v2\/product"}],"about":[{"href":"https:\/\/pesu24.ee\/en\/wp-json\/wp\/v2\/types\/product"}],"replies":[{"embeddable":true,"href":"https:\/\/pesu24.ee\/en\/wp-json\/wp\/v2\/comments?post=17777"}],"wp:featuredmedia":[{"embeddable":true,"href":"https:\/\/pesu24.ee\/en\/wp-json\/wp\/v2\/media\/30230"}],"wp:attachment":[{"href":"https:\/\/pesu24.ee\/en\/wp-json\/wp\/v2\/media?parent=17777"}],"wp:term":[{"taxonomy":"product_brand","embeddable":true,"href":"https:\/\/pesu24.ee\/en\/wp-json\/wp\/v2\/product_brand?post=17777"},{"taxonomy":"product_cat","embeddable":true,"href":"https:\/\/pesu24.ee\/en\/wp-json\/wp\/v2\/product_cat?post=17777"},{"taxonomy":"product_tag","embeddable":true,"href":"https:\/\/pesu24.ee\/en\/wp-json\/wp\/v2\/product_tag?post=17777"}],"curies":[{"name":"wp","href":"https:\/\/api.w.org\/{rel}","templated":true}]}}