{"id":17782,"date":"2025-09-15T00:00:12","date_gmt":"2025-09-14T21:00:12","guid":{"rendered":"https:\/\/pesu24.ee\/?post_type=product&#038;p=17782"},"modified":"2025-11-12T12:20:33","modified_gmt":"2025-11-12T09:20:33","slug":"2-osaline-pesukomplekt-obsessive-860-valge","status":"publish","type":"product","link":"https:\/\/pesu24.ee\/en\/pesukomplektid\/2-osaline-pesukomplekt-obsessive-860-valge\/","title":{"rendered":"2-osaline pesukomplekt Obsessive 860"},"content":{"rendered":"<p>2-osaline pesukomplekt Obsessive 860, kuhu kuuluvad rinnahoidja ja stringid, mis valmistatud sensuaalsest valgest pitskangast.<\/p>\n<p>Rinnahoidja tugikaartega, kuid ilma polsterdusteta. Tagant mitmeastmelise kinnituse ja \u00f5laepaeladest reguleeritavusega tagab ideaalse sobivuse.<\/p>\n<div class=\"omadused\">\n<p>Omadused<\/p>\n<ul>\n<li>komplektis rinnahoidja ja stringid<\/li>\n<li>rinnahoidja pehme, ilma polsterdusteta<\/li>\n<li>rinnahoidja tugikaartega<\/li>\n<li>\u00f5lapaeladest reguleeritav, tagant mitmeastmelise kinnitusega<\/li>\n<li>v\u00e4ga kvaliteetne ja elastne kangas (90% pol\u00fcamiid, 10% elastaan)<\/li>\n<\/ul>\n<p>Pesukomplektist on saadaval ka <a href=\"https:\/\/pesu24.ee\/en\/pesukomplektid\/2-osaline-pesukomplekt-obsessive-860-must\/\">punane<\/a> ja <a href=\"https:\/\/pesu24.ee\/en\/pesukomplektid\/2-osaline-pesukomplekt-obsessive-860-must\/\">must<\/a> variant. V\u00e4ga populaarne ja m\u00fc\u00fcduim pesukomplekt. Ideaalse sobivusega.<\/p>\n<\/div>","protected":false},"excerpt":{"rendered":"<p>Omadused<\/p>\n<ul>\n<li>komplektis <strong>rinnahoidja<\/strong> ja <strong>stringid<\/strong><\/li>\n<li>rinnahoidja pehme, ilma polsterdusteta<\/li>\n<li>rinnahoidja tugikaartega<\/li>\n<li>\u00f5lapaeladest reguleeritav, tagant mitmeastmelise kinnitusega<\/li>\n<li>v\u00e4ga kvaliteetne ja elastne kangas (90% pol\u00fcamiid, 10% elastaan)<\/li>\n<\/ul>","protected":false},"featured_media":28656,"comment_status":"open","ping_status":"closed","template":"","meta":{"_glsr_average":0,"_glsr_ranking":0,"_glsr_reviews":0},"product_brand":[500],"product_cat":[16],"product_tag":[160,251],"class_list":{"0":"post-17782","1":"product","2":"type-product","3":"status-publish","4":"has-post-thumbnail","6":"product_brand-obsessive","7":"product_cat-pesukomplektid","8":"product_tag-obsessive","9":"product_tag-obsessive-860","10":"pa_suurus-l-xl","11":"pa_suurus-s-m","12":"pa_varvus-valge","14":"first","15":"instock","16":"sold-individually","17":"taxable","18":"shipping-taxable","19":"purchasable","20":"product-type-variable"},"_links":{"self":[{"href":"https:\/\/pesu24.ee\/en\/wp-json\/wp\/v2\/product\/17782","targetHints":{"allow":["GET"]}}],"collection":[{"href":"https:\/\/pesu24.ee\/en\/wp-json\/wp\/v2\/product"}],"about":[{"href":"https:\/\/pesu24.ee\/en\/wp-json\/wp\/v2\/types\/product"}],"replies":[{"embeddable":true,"href":"https:\/\/pesu24.ee\/en\/wp-json\/wp\/v2\/comments?post=17782"}],"wp:featuredmedia":[{"embeddable":true,"href":"https:\/\/pesu24.ee\/en\/wp-json\/wp\/v2\/media\/28656"}],"wp:attachment":[{"href":"https:\/\/pesu24.ee\/en\/wp-json\/wp\/v2\/media?parent=17782"}],"wp:term":[{"taxonomy":"product_brand","embeddable":true,"href":"https:\/\/pesu24.ee\/en\/wp-json\/wp\/v2\/product_brand?post=17782"},{"taxonomy":"product_cat","embeddable":true,"href":"https:\/\/pesu24.ee\/en\/wp-json\/wp\/v2\/product_cat?post=17782"},{"taxonomy":"product_tag","embeddable":true,"href":"https:\/\/pesu24.ee\/en\/wp-json\/wp\/v2\/product_tag?post=17782"}],"curies":[{"name":"wp","href":"https:\/\/api.w.org\/{rel}","templated":true}]}}