{"id":17784,"date":"2025-09-07T00:00:12","date_gmt":"2025-09-06T21:00:12","guid":{"rendered":"https:\/\/pesu24.ee\/?post_type=product&#038;p=17784"},"modified":"2025-11-30T23:53:48","modified_gmt":"2025-11-30T20:53:48","slug":"2-osaline-pesukomplekt-obsessive-tulia","status":"publish","type":"product","link":"https:\/\/pesu24.ee\/en\/pesukomplektid\/2-osaline-pesukomplekt-obsessive-tulia\/","title":{"rendered":"2-osaline pesukomplekt Obsessive Tulia"},"content":{"rendered":"<p>Kaheosaline pesukomplekt Tulia, millest on saadaval ka avatud p\u00fcksikute ja rinnahoidjaga versioon. Selleks <a href=\"https:\/\/pesu24.ee\/en\/pesukomplektid\/2-osaline-avatud-pesukomplekt-obsessive-tulia\/\">tutvu 2-osalise avatud pesukomplektiga Tulia<\/a>.<\/p>\n<div class=\"omadused\">\n<h3>Omadused<\/h3>\n<ul>\n<li>komplektis rinnahoidja ja p\u00fcksikud<\/li>\n<li>musta-punases toonis komplekt<\/li>\n<li>mustriks roosimotiiv<\/li>\n<li>rinnahoidja reguleeritavate \u00f5lapaeltega<\/li>\n<li>rinnahoidja tagant astmelise kinnitusega<\/li>\n<li>elastne kangas (90% pol\u00fcamiid, 10% elastaan)<\/li>\n<\/ul>\n<\/div>\n<p><span style=\"color: #008000;\"><strong>VIDEO<\/strong><\/span><\/p>\n<div class=\"video-container\"><iframe loading=\"lazy\" title=\"PERFEKTN\u00cd SET TULIA SET - OBSESSIVE\" width=\"500\" height=\"281\" src=\"https:\/\/www.youtube.com\/embed\/52PKex4kMF0?feature=oembed&#038;wmode=opaque\" frameborder=\"0\" allow=\"accelerometer; autoplay; clipboard-write; encrypted-media; gyroscope; picture-in-picture; web-share\" referrerpolicy=\"strict-origin-when-cross-origin\" allowfullscreen><\/iframe><\/div>","protected":false},"excerpt":{"rendered":"<p>Komplekti kiirinfo:<\/p>\n<ul>\n<li>komplektis rinnahoidja ja p\u00fcksikud<\/li>\n<li>musta-punases toonis komplekt<\/li>\n<li>mustriks roosimotiiv<\/li>\n<li>rinnahoidja reguleeritavate \u00f5lapaeltega<\/li>\n<li>rinnahoidja tagant astmelise kinnitusega<\/li>\n<li>elastne kangas (90% pol\u00fcamiid, 10% elastaan)<\/li>\n<\/ul>\n<p><strong>NB!<\/strong> Size <strong>S\/M hetkel<\/strong> v\u00e4lja m\u00fc\u00fcdud ja saabub selle v\u00f5i j\u00e4rgmise n\u00e4dala jooksul.<\/p>","protected":false},"featured_media":28465,"comment_status":"open","ping_status":"closed","template":"","meta":{"_glsr_average":0,"_glsr_ranking":0,"_glsr_reviews":0},"product_brand":[500],"product_cat":[16],"product_tag":[160,315],"class_list":{"0":"post-17784","1":"product","2":"type-product","3":"status-publish","4":"has-post-thumbnail","6":"product_brand-obsessive","7":"product_cat-pesukomplektid","8":"product_tag-obsessive","9":"product_tag-obsessive-tulia","10":"pa_suurus-l-xl","11":"pa_suurus-s-m","12":"pa_varvus-lilla","13":"pa_varvus-must","15":"first","16":"instock","17":"sold-individually","18":"taxable","19":"shipping-taxable","20":"purchasable","21":"product-type-variable"},"_links":{"self":[{"href":"https:\/\/pesu24.ee\/en\/wp-json\/wp\/v2\/product\/17784","targetHints":{"allow":["GET"]}}],"collection":[{"href":"https:\/\/pesu24.ee\/en\/wp-json\/wp\/v2\/product"}],"about":[{"href":"https:\/\/pesu24.ee\/en\/wp-json\/wp\/v2\/types\/product"}],"replies":[{"embeddable":true,"href":"https:\/\/pesu24.ee\/en\/wp-json\/wp\/v2\/comments?post=17784"}],"wp:featuredmedia":[{"embeddable":true,"href":"https:\/\/pesu24.ee\/en\/wp-json\/wp\/v2\/media\/28465"}],"wp:attachment":[{"href":"https:\/\/pesu24.ee\/en\/wp-json\/wp\/v2\/media?parent=17784"}],"wp:term":[{"taxonomy":"product_brand","embeddable":true,"href":"https:\/\/pesu24.ee\/en\/wp-json\/wp\/v2\/product_brand?post=17784"},{"taxonomy":"product_cat","embeddable":true,"href":"https:\/\/pesu24.ee\/en\/wp-json\/wp\/v2\/product_cat?post=17784"},{"taxonomy":"product_tag","embeddable":true,"href":"https:\/\/pesu24.ee\/en\/wp-json\/wp\/v2\/product_tag?post=17784"}],"curies":[{"name":"wp","href":"https:\/\/api.w.org\/{rel}","templated":true}]}}