{"id":17786,"date":"2025-12-16T11:32:12","date_gmt":"2025-12-16T08:32:12","guid":{"rendered":"https:\/\/pesu24.ee\/?post_type=product&#038;p=17786"},"modified":"2025-12-16T14:54:45","modified_gmt":"2025-12-16T11:54:45","slug":"2-osaline-pesukomplekt-obsessive-giftella","status":"publish","type":"product","link":"https:\/\/pesu24.ee\/en\/pesukomplektid\/2-osaline-pesukomplekt-obsessive-giftella\/","title":{"rendered":"2-osaline pesukomplekt Obsessive Giftella"},"content":{"rendered":"<p style=\"text-align: justify;\">Kui soovid oma partnerit \u00fcllatada millegi t\u00f5elisel s\u00e4rava ja kuumana, siis oled \u00f5iges kohas. Giftella 2-osaline pesukomplekt on suurep\u00e4rane idee, kuidas valmistada oma partnerile t\u00f5eliselt kuum ja imeline \u00fcllatus. Stiilne, punane ja atraktiivne.<\/p>\n<div class=\"omadused\">\n<p>Details<\/p>\n<ul>\n<li>komplektis rinnahoidja ja stringid<\/li>\n<li>2-osaline punane pesukomplekt<\/li>\n<li>stringid ja rinnahoidja kaunistatud lipsudega<\/li>\n<li>rinnahoidja tagant ja kaela pealt kinnituv paeltega<\/li>\n<li>mugav ning elastne materjal (94% pol\u00fcamiid, 6% elastaan)<\/li>\n<\/ul>\n<p style=\"text-align: justify;\">Giftella pesukomplektiga sobivad ideaalselt kokku S808 sukad (fotol), mis komplekti ei kuulu ja tuleb osta eraldi. S808 sukad saad osta meie lehelt <a class=\"sex_shop\" href=\"https:\/\/pesu24.ee\/en\/sukad\/\" target=\"_blank\" rel=\"noopener noreferrer\"><strong>SIIT<\/strong><\/a>.<\/p>\n<\/div>\n<p><span style=\"color: #008000;\"><b>Video<\/b><\/span><\/p>\n<div class=\"video-container\"><iframe loading=\"lazy\" title=\"JEDINE\u010cN\u00dd SET GIFTELLA SET - OBSESSIVE\" width=\"500\" height=\"281\" src=\"https:\/\/www.youtube.com\/embed\/tw_m61oscs8?feature=oembed&#038;wmode=opaque\" frameborder=\"0\" allow=\"accelerometer; autoplay; clipboard-write; encrypted-media; gyroscope; picture-in-picture; web-share\" referrerpolicy=\"strict-origin-when-cross-origin\" allowfullscreen><\/iframe><\/div>","protected":false},"excerpt":{"rendered":"<p>https:\/\/www.youtube.com\/watch?v=tw_m61oscs8<\/p>","protected":false},"featured_media":30221,"comment_status":"open","ping_status":"closed","template":"","meta":{"_glsr_average":0,"_glsr_ranking":0,"_glsr_reviews":0},"product_brand":[500],"product_cat":[16],"product_tag":[160,135],"class_list":{"0":"post-17786","1":"product","2":"type-product","3":"status-publish","4":"has-post-thumbnail","6":"product_brand-obsessive","7":"product_cat-pesukomplektid","8":"product_tag-obsessive","9":"product_tag-obsessive-giftella","10":"pa_suurus-l-xl","11":"pa_suurus-s-m","12":"pa_varvus-punane","14":"first","15":"instock","16":"sold-individually","17":"taxable","18":"shipping-taxable","19":"purchasable","20":"product-type-variable"},"_links":{"self":[{"href":"https:\/\/pesu24.ee\/en\/wp-json\/wp\/v2\/product\/17786","targetHints":{"allow":["GET"]}}],"collection":[{"href":"https:\/\/pesu24.ee\/en\/wp-json\/wp\/v2\/product"}],"about":[{"href":"https:\/\/pesu24.ee\/en\/wp-json\/wp\/v2\/types\/product"}],"replies":[{"embeddable":true,"href":"https:\/\/pesu24.ee\/en\/wp-json\/wp\/v2\/comments?post=17786"}],"wp:featuredmedia":[{"embeddable":true,"href":"https:\/\/pesu24.ee\/en\/wp-json\/wp\/v2\/media\/30221"}],"wp:attachment":[{"href":"https:\/\/pesu24.ee\/en\/wp-json\/wp\/v2\/media?parent=17786"}],"wp:term":[{"taxonomy":"product_brand","embeddable":true,"href":"https:\/\/pesu24.ee\/en\/wp-json\/wp\/v2\/product_brand?post=17786"},{"taxonomy":"product_cat","embeddable":true,"href":"https:\/\/pesu24.ee\/en\/wp-json\/wp\/v2\/product_cat?post=17786"},{"taxonomy":"product_tag","embeddable":true,"href":"https:\/\/pesu24.ee\/en\/wp-json\/wp\/v2\/product_tag?post=17786"}],"curies":[{"name":"wp","href":"https:\/\/api.w.org\/{rel}","templated":true}]}}