{"id":17788,"date":"2025-08-18T21:32:13","date_gmt":"2025-08-18T18:32:13","guid":{"rendered":"https:\/\/pesu24.ee\/?post_type=product&#038;p=17788"},"modified":"2025-08-20T14:54:26","modified_gmt":"2025-08-20T11:54:26","slug":"3-osaline-pesukomplekt-obsessive-emperita","status":"publish","type":"product","link":"https:\/\/pesu24.ee\/en\/pesukomplektid\/3-osaline-pesukomplekt-obsessive-emperita\/","title":{"rendered":"3-osaline pesukomplekt Obsessive Emperita"},"content":{"rendered":"<p>Obsessive Emperita on elegantne ja luksuslik pesukomplekt naistele, kes soovivad end tunda enesekindlalt ja v\u00f5rgutavalt. Komplekt koosneb rinnahoidjast, sukav\u00f6\u00f6st ja stringidest.<\/p>\n<p>Rinnahoidja on valmistatud kvaliteetsest ja pehmest materjalist, mis tagab mugavuse kogu p\u00e4eva v\u00e4ltel. Sellel on \u00f5hukesed reguleeritavad paelad, mis v\u00f5imaldavad sobiva kohandamise vastavalt individuaalsetele vajadustele.<\/p>\n<p>Stringid t\u00e4iendavad rinnahoidjat ja pakuvad t\u00e4ielikku mugavust. Need on valmistatud samast pehmest materjalist ning neil on \u00f5rn pitsist viimistlus, mis lisab komplektile elegantset ja naiselikku puudutust. Stringidel on elastsed \u00e4\u00e4red, mis tagavad \u00f5ige sobivuse ja ei tekita ebamugavusi.<\/p>\n<p>Obsessive Emperita pesukomplekt on saadaval erinevates suurustes (S\/M &amp; L\/XL), v\u00f5imaldades leida sobiva komplekti igale kehat\u00fc\u00fcbile ja eelistusele. Komplekti luksuslik disain ja kvaliteetsed materjalid muudavad selle ideaalseks valikuks erilisteks s\u00fcndmusteks v\u00f5i lihtsalt enesetunde t\u00f5stmiseks igap\u00e4evases rutiinis.<\/p>\n<p><span style=\"color: #008000;\"><strong>KOMPLEKT SISALDAB:<\/strong><\/span><\/p>\n<ul>\n<li>rinnahoidja<\/li>\n<li>sukav\u00f6\u00f6<\/li>\n<li>stringid<\/li>\n<\/ul>\n<p>NB! Sukad komplekti ei kuulu. Komplektiga sobivad kokku <a class=\"sex_shop\" href=\"https:\/\/pesu24.ee\/en\/sukad\/sukad-obsessive-s800\/\">S800 mustad sukad<\/a>.<\/p>\n<p><span style=\"color: #008000;\"><strong>DETAILS:<\/strong><\/span><\/p>\n<ul>\n<li style=\"text-align: justify;\">reguleeritavate \u00f5lapaeltega rinnahoidja<\/li>\n<li style=\"text-align: justify;\">rinnahoidjal taga astmeline kinnitus<\/li>\n<li style=\"text-align: justify;\">neli reguleeritavat sukapaela<\/li>\n<li style=\"text-align: justify;\">mugav ning elastne materjal (90% pol\u00fcamiid, 10% elastaan)<\/li>\n<\/ul>\n<p><strong><span style=\"color: #008000;\">VIDEO<\/span><\/strong><\/p>\n<div class=\"video-container\"><iframe loading=\"lazy\" title=\"SET EMPERITA - OBSESSIVE\" width=\"500\" height=\"281\" src=\"https:\/\/www.youtube.com\/embed\/vrM6Jd1p1nY?feature=oembed&#038;wmode=opaque\" frameborder=\"0\" allow=\"accelerometer; autoplay; clipboard-write; encrypted-media; gyroscope; picture-in-picture; web-share\" referrerpolicy=\"strict-origin-when-cross-origin\" allowfullscreen><\/iframe><\/div>","protected":false},"excerpt":{"rendered":"<p>&#46;&#46;&#46;<\/p>","protected":false},"featured_media":12434,"comment_status":"open","ping_status":"closed","template":"","meta":{"_glsr_average":0,"_glsr_ranking":0,"_glsr_reviews":0},"product_brand":[500],"product_cat":[16],"product_tag":[160],"class_list":{"0":"post-17788","1":"product","2":"type-product","3":"status-publish","4":"has-post-thumbnail","6":"product_brand-obsessive","7":"product_cat-pesukomplektid","8":"product_tag-obsessive","9":"pa_suurus-l-xl","10":"pa_suurus-s-m","11":"pa_varvus-must","13":"first","14":"instock","15":"sold-individually","16":"taxable","17":"shipping-taxable","18":"purchasable","19":"product-type-variable"},"_links":{"self":[{"href":"https:\/\/pesu24.ee\/en\/wp-json\/wp\/v2\/product\/17788","targetHints":{"allow":["GET"]}}],"collection":[{"href":"https:\/\/pesu24.ee\/en\/wp-json\/wp\/v2\/product"}],"about":[{"href":"https:\/\/pesu24.ee\/en\/wp-json\/wp\/v2\/types\/product"}],"replies":[{"embeddable":true,"href":"https:\/\/pesu24.ee\/en\/wp-json\/wp\/v2\/comments?post=17788"}],"wp:featuredmedia":[{"embeddable":true,"href":"https:\/\/pesu24.ee\/en\/wp-json\/wp\/v2\/media\/12434"}],"wp:attachment":[{"href":"https:\/\/pesu24.ee\/en\/wp-json\/wp\/v2\/media?parent=17788"}],"wp:term":[{"taxonomy":"product_brand","embeddable":true,"href":"https:\/\/pesu24.ee\/en\/wp-json\/wp\/v2\/product_brand?post=17788"},{"taxonomy":"product_cat","embeddable":true,"href":"https:\/\/pesu24.ee\/en\/wp-json\/wp\/v2\/product_cat?post=17788"},{"taxonomy":"product_tag","embeddable":true,"href":"https:\/\/pesu24.ee\/en\/wp-json\/wp\/v2\/product_tag?post=17788"}],"curies":[{"name":"wp","href":"https:\/\/api.w.org\/{rel}","templated":true}]}}