{"id":17792,"date":"2025-08-18T21:32:13","date_gmt":"2025-08-18T18:32:13","guid":{"rendered":"https:\/\/pesu24.ee\/?post_type=product&#038;p=17792"},"modified":"2026-02-12T21:11:52","modified_gmt":"2026-02-12T19:11:52","slug":"2-osaline-avatud-pesukomplekt-obsessive-tulia","status":"publish","type":"product","link":"https:\/\/pesu24.ee\/en\/pesukomplektid\/2-osaline-avatud-pesukomplekt-obsessive-tulia\/","title":{"rendered":"2-osaline avatud pesukomplekt Obsessive Tulia"},"content":{"rendered":"<p>Kas oled valmis uute kogemuste jaoks? Avatud pesukomplektiga Obsessive Tulia t\u00e4idate oma k\u00f5ige v\u00fcrtsikamad fantaasiad. Kui paned selga avatud Tulia pesukomplekti, tunned, et suudad palju enamat kui varem.<\/p>\n<p>Sellest komplektist on saadaval ka tavaline versioon. Selleks tutvu <a href=\"https:\/\/pesu24.ee\/en\/pesukomplektid\/2-osaline-pesukomplekt-obsessive-tulia\/\">2-osalise pesukomplektiga Tulia<\/a>.<\/p>\n<p><span style=\"color: #008000;\"><strong>KOMPLEKT SISALDAB:<\/strong><\/span><\/p>\n<ul>\n<li>avatud rinnahoidja<\/li>\n<li>avatud jalgevahega stringid<\/li>\n<\/ul>\n<p><span style=\"color: #008000;\"><strong>DETAILS:<\/strong><\/span><\/p>\n<ul>\n<li>roosimustriga kaunistatud komplekt<\/li>\n<li>rinnakorvi alumine osa pehmelt polsterdatud<\/li>\n<li>reguleeritavate \u00f5lapaeltega rinnahoidja<\/li>\n<li>rinnahoidjal taga astmeline kinnitus<\/li>\n<li>mugav ning elastne materjal (90% pol\u00fcamiid, 10% elastaan)<\/li>\n<\/ul>","protected":false},"excerpt":{"rendered":"<p>&#46;&#46;&#46;<\/p>","protected":false},"featured_media":12467,"comment_status":"open","ping_status":"closed","template":"","meta":{"_glsr_average":0,"_glsr_ranking":0,"_glsr_reviews":0},"product_brand":[500],"product_cat":[16],"product_tag":[392,160,315],"class_list":{"0":"post-17792","1":"product","2":"type-product","3":"status-publish","4":"has-post-thumbnail","6":"product_brand-obsessive","7":"product_cat-pesukomplektid","8":"product_tag-avatud-stringid","9":"product_tag-obsessive","10":"product_tag-obsessive-tulia","11":"pa_suurus-l-xl","12":"pa_suurus-s-m","13":"pa_varvus-lilla","14":"pa_varvus-must","16":"first","17":"instock","18":"sold-individually","19":"taxable","20":"shipping-taxable","21":"purchasable","22":"product-type-variable"},"_links":{"self":[{"href":"https:\/\/pesu24.ee\/en\/wp-json\/wp\/v2\/product\/17792","targetHints":{"allow":["GET"]}}],"collection":[{"href":"https:\/\/pesu24.ee\/en\/wp-json\/wp\/v2\/product"}],"about":[{"href":"https:\/\/pesu24.ee\/en\/wp-json\/wp\/v2\/types\/product"}],"replies":[{"embeddable":true,"href":"https:\/\/pesu24.ee\/en\/wp-json\/wp\/v2\/comments?post=17792"}],"wp:featuredmedia":[{"embeddable":true,"href":"https:\/\/pesu24.ee\/en\/wp-json\/wp\/v2\/media\/12467"}],"wp:attachment":[{"href":"https:\/\/pesu24.ee\/en\/wp-json\/wp\/v2\/media?parent=17792"}],"wp:term":[{"taxonomy":"product_brand","embeddable":true,"href":"https:\/\/pesu24.ee\/en\/wp-json\/wp\/v2\/product_brand?post=17792"},{"taxonomy":"product_cat","embeddable":true,"href":"https:\/\/pesu24.ee\/en\/wp-json\/wp\/v2\/product_cat?post=17792"},{"taxonomy":"product_tag","embeddable":true,"href":"https:\/\/pesu24.ee\/en\/wp-json\/wp\/v2\/product_tag?post=17792"}],"curies":[{"name":"wp","href":"https:\/\/api.w.org\/{rel}","templated":true}]}}