{"id":17793,"date":"2025-08-18T21:32:13","date_gmt":"2025-08-18T18:32:13","guid":{"rendered":"https:\/\/pesu24.ee\/?post_type=product&#038;p=17793"},"modified":"2025-09-16T13:19:19","modified_gmt":"2025-09-16T10:19:19","slug":"2-osaline-avatud-pesukomplekt-obsessive-alabastra","status":"publish","type":"product","link":"https:\/\/pesu24.ee\/en\/pesukomplektid\/2-osaline-avatud-pesukomplekt-obsessive-alabastra\/","title":{"rendered":"2-osaline avatud pesukomplekt Obsessive Alabastra"},"content":{"rendered":"<p>2-osaline avatud pesukomplekt Obsessive Alabastra on sensuaalne ja elegantselt kujundatud pesukomplekt, mis on loodud naistele, kes soovivad tunda end julge ja enesekindlana. Komplekt \u00fchendab l\u00e4bipaistva pitsi \u00f5rna ilu ja detailse disaini, et luua vastupandamatu v\u00e4limus. Klassikaline valge v\u00e4rv lisab komplektile luksuslikkust ja romantilist h\u00f5ngu.<\/p>\n<p>Komplekti kuuluvad avatud rinnahoidja ja avatud stringid mis m\u00f5lemad r\u00f5hutavad naiselikke vorme ja lisavad m\u00e4ngulist intriigi. Rinnahoidjal on reguleeritavad rihmad ja mugav kinnitus, tagades ideaalse sobivuse ja maksimaalse mugavuse. \u00d5rn pits ja kaunid kaunistused annavad sellele pesukomplektile erilise stiili, mis sobib nii erilisteks hetkedeks kui ka igap\u00e4evasteks naudinguteks.<\/p>\n<p>Obsessive Alabastra pesukomplekt on suurep\u00e4rane valik naistele, kes hindavad kvaliteeti ja stiili. See lisab enesekindlust ja loob unustamatuid hetki. Ideaalne kingitus kallimale v\u00f5i iseendale, et t\u00e4histada naiselikku ilu ja kirge.<\/p>\n<p><strong><span style=\"color: #008000;\">KOMPLEKT SISALDAB:<\/span><\/strong><\/p>\n<ul>\n<li>avatud rinnahoidja<\/li>\n<li>avatud stringid<\/li>\n<\/ul>\n<p><span style=\"color: #008000;\"><strong>DETAILS:<\/strong><\/span><\/p>\n<ul>\n<li>v\u00f5rgutava disainiga komplekt<\/li>\n<li>rinnahoidjal tugikaared<\/li>\n<li>reguleeritavate \u00f5lapaeltega rinnahoidja<\/li>\n<li>rinnahoidjal taga astmeline kinnitus<\/li>\n<li>mugav ning elastne materjal (90% pol\u00fcamiid, 10% elastaan)<\/li>\n<\/ul>\n<p><span style=\"color: #008000;\"><strong>VIDEO<\/strong><\/span><\/p>\n<div class=\"video-container\"><iframe loading=\"lazy\" title=\"SOUPRAVA ALABASTRA SET - OBSESSIVE\" width=\"500\" height=\"281\" src=\"https:\/\/www.youtube.com\/embed\/yTfvCl91Jus?feature=oembed&#038;wmode=opaque\" frameborder=\"0\" allow=\"accelerometer; autoplay; clipboard-write; encrypted-media; gyroscope; picture-in-picture; web-share\" referrerpolicy=\"strict-origin-when-cross-origin\" allowfullscreen><\/iframe><\/div>","protected":false},"excerpt":{"rendered":"<ul>\n<li>2-osaline avatud pesukomplekt sisaldab: avatud rinnahoidja ja avatud jalgevahega stringid<\/li>\n<li>rinnahoidjal tugikaared<\/li>\n<li>reguleeritavate \u00f5lapaeltega rinnahoidja<\/li>\n<li>rinnahoidjal taga astmeline kinnitus<\/li>\n<li>mugav ning elastne materjal (90% pol\u00fcamiid, 10% elastaan)<\/li>\n<\/ul>","protected":false},"featured_media":12476,"comment_status":"open","ping_status":"closed","template":"","meta":{"_glsr_average":0,"_glsr_ranking":0,"_glsr_reviews":0},"product_brand":[500],"product_cat":[16],"product_tag":[392,160],"class_list":{"0":"post-17793","1":"product","2":"type-product","3":"status-publish","4":"has-post-thumbnail","6":"product_brand-obsessive","7":"product_cat-pesukomplektid","8":"product_tag-avatud-stringid","9":"product_tag-obsessive","10":"pa_suurus-s-m","11":"pa_varvus-valge","13":"first","14":"instock","15":"sold-individually","16":"taxable","17":"shipping-taxable","18":"purchasable","19":"product-type-variable"},"_links":{"self":[{"href":"https:\/\/pesu24.ee\/en\/wp-json\/wp\/v2\/product\/17793","targetHints":{"allow":["GET"]}}],"collection":[{"href":"https:\/\/pesu24.ee\/en\/wp-json\/wp\/v2\/product"}],"about":[{"href":"https:\/\/pesu24.ee\/en\/wp-json\/wp\/v2\/types\/product"}],"replies":[{"embeddable":true,"href":"https:\/\/pesu24.ee\/en\/wp-json\/wp\/v2\/comments?post=17793"}],"wp:featuredmedia":[{"embeddable":true,"href":"https:\/\/pesu24.ee\/en\/wp-json\/wp\/v2\/media\/12476"}],"wp:attachment":[{"href":"https:\/\/pesu24.ee\/en\/wp-json\/wp\/v2\/media?parent=17793"}],"wp:term":[{"taxonomy":"product_brand","embeddable":true,"href":"https:\/\/pesu24.ee\/en\/wp-json\/wp\/v2\/product_brand?post=17793"},{"taxonomy":"product_cat","embeddable":true,"href":"https:\/\/pesu24.ee\/en\/wp-json\/wp\/v2\/product_cat?post=17793"},{"taxonomy":"product_tag","embeddable":true,"href":"https:\/\/pesu24.ee\/en\/wp-json\/wp\/v2\/product_tag?post=17793"}],"curies":[{"name":"wp","href":"https:\/\/api.w.org\/{rel}","templated":true}]}}