{"id":17802,"date":"2025-08-18T21:32:13","date_gmt":"2025-08-18T18:32:13","guid":{"rendered":"https:\/\/pesu24.ee\/?post_type=product&#038;p=17802"},"modified":"2025-08-20T15:09:54","modified_gmt":"2025-08-20T12:09:54","slug":"seksikas-2-osaline-pesukomplekt-passion-mirajane","status":"publish","type":"product","link":"https:\/\/pesu24.ee\/en\/pesukomplektid\/seksikas-2-osaline-pesukomplekt-passion-mirajane\/","title":{"rendered":"Seksikas 2-osaline pesukomplekt Passion Mirajane"},"content":{"rendered":"<p style=\"text-align: justify;\">Mirajane pesukomplekt on Passion pesubr\u00e4ndi Devil pessukollektsiooni lipulaev. See \u00fcliseksikas sportliku disaini ja elastsest materjalist pesukomplekt r\u00f5hutab ja toob esile naiseliku ilu.\u00a0Ainulaadne l\u00f5ige r\u00f5hutab b\u00fcsti, tuues esile rinnad ning avatud brasiilia stringid lisavad pesukomplektile erootilist ja seksikat v\u00fcrtsi.<\/p>\n<p style=\"text-align: justify;\">Mirajane pesukomplekt sisaldab reguleeritavate \u00f5lapaletega rinnahoidjaid ja avatud brasiilia stringe, mis kaunistatud elegantselt Passion pesubr\u00e4ndi logoga. Disainitud naistele, kes v\u00e4\u00e4rtustavad mugavust, k\u00f5rget kvaliteeti ja ainulaaset v\u00e4limust.<\/p>\n<p style=\"text-align: justify;\">Valmistatud kvaliteetsest, mugavast ja elastsest materjalist (75% pol\u00fcester, 10% elastaan, 15% pol\u00fcamiid), mis ei kaota pesemisel oma s\u00e4ra ja samuti ei anna v\u00e4rvi ega ole allergiline. Elastne materjal ja lihtne suuruste tabel teeb selle ideaalseks ostuks nii endale v\u00f5i ka sobilik kingituseks oma kallimale.<\/p>\n<p style=\"text-align: justify;\">Mirajane pesukomplekt on saadaval koheselt ja t\u00f6\u00f6p\u00e4eviti enne kella 18:00 tellides <strong>postitame kauba teele samal<\/strong> p\u00e4eval ning s\u00f5ltuvalt pakiautomaatide koormusest j\u00f5uab saajani alates 1 t\u00f6\u00f6p\u00e4evaga.<\/p>\n<p><span style=\"color: #008000;\"><strong>KOMPLEKT SISALDAB:<\/strong><\/span><\/p>\n<ul>\n<li>rinnahoidja<\/li>\n<li>avatud jalgevahega brasiilia stringid<\/li>\n<\/ul>\n<p><span style=\"color: #008000;\"><strong>DETAILS:<\/strong><\/span><\/p>\n<ul>\n<li>reguleeritavate \u00f5lapaeltega rinnahoidja;<\/li>\n<li>mugav ning elastne materjal (75% pol\u00fcester, 10% elastaan, 15% pol\u00fcamiid);<\/li>\n<li>saadaval suurustes S\/M ja L\/XL (vaata suuruste tabelit alt)<\/li>\n<\/ul>","protected":false},"excerpt":{"rendered":"<ul>\n<li>2-osaline pesukomplekt sisaldab: rinnahoidja ja avatud jalgevahega stringid<\/li>\n<li>reguleeritavate \u00f5lapaeltega rinnahoidja<\/li>\n<li>mugav ning elastne materjal (75% pol\u00fcester, 10% elastaan, 15% pol\u00fcamiid)<\/li>\n<\/ul>","protected":false},"featured_media":12657,"comment_status":"open","ping_status":"closed","template":"","meta":{"_glsr_average":0,"_glsr_ranking":0,"_glsr_reviews":0},"product_brand":[504],"product_cat":[16],"product_tag":[387],"class_list":{"0":"post-17802","1":"product","2":"type-product","3":"status-publish","4":"has-post-thumbnail","6":"product_brand-passion","7":"product_cat-pesukomplektid","8":"product_tag-passion","9":"pa_suurus-l-xl","10":"pa_suurus-s-m","11":"pa_varvus-must","13":"first","14":"instock","15":"sale","16":"sold-individually","17":"taxable","18":"shipping-taxable","19":"purchasable","20":"product-type-variable"},"_links":{"self":[{"href":"https:\/\/pesu24.ee\/en\/wp-json\/wp\/v2\/product\/17802","targetHints":{"allow":["GET"]}}],"collection":[{"href":"https:\/\/pesu24.ee\/en\/wp-json\/wp\/v2\/product"}],"about":[{"href":"https:\/\/pesu24.ee\/en\/wp-json\/wp\/v2\/types\/product"}],"replies":[{"embeddable":true,"href":"https:\/\/pesu24.ee\/en\/wp-json\/wp\/v2\/comments?post=17802"}],"wp:featuredmedia":[{"embeddable":true,"href":"https:\/\/pesu24.ee\/en\/wp-json\/wp\/v2\/media\/12657"}],"wp:attachment":[{"href":"https:\/\/pesu24.ee\/en\/wp-json\/wp\/v2\/media?parent=17802"}],"wp:term":[{"taxonomy":"product_brand","embeddable":true,"href":"https:\/\/pesu24.ee\/en\/wp-json\/wp\/v2\/product_brand?post=17802"},{"taxonomy":"product_cat","embeddable":true,"href":"https:\/\/pesu24.ee\/en\/wp-json\/wp\/v2\/product_cat?post=17802"},{"taxonomy":"product_tag","embeddable":true,"href":"https:\/\/pesu24.ee\/en\/wp-json\/wp\/v2\/product_tag?post=17802"}],"curies":[{"name":"wp","href":"https:\/\/api.w.org\/{rel}","templated":true}]}}