{"id":17814,"date":"2025-08-18T21:32:20","date_gmt":"2025-08-18T18:32:20","guid":{"rendered":"https:\/\/pesu24.ee\/?post_type=product&#038;p=17814"},"modified":"2025-08-21T16:35:56","modified_gmt":"2025-08-21T13:35:56","slug":"roosa-lateks-imitatsiooniga-pesukomplekt-obsessive-lollypopy","status":"publish","type":"product","link":"https:\/\/pesu24.ee\/en\/pesukomplektid\/roosa-lateks-imitatsiooniga-pesukomplekt-obsessive-lollypopy\/","title":{"rendered":"Roosa lateks-imitatsiooniga pesukomplekt Obsessive LollyPopy"},"content":{"rendered":"<p>Kas olete valmis ainulaadseks magusaks sensatsiooniks v\u00f5i valmis t\u00e4itmaks enda v\u00f5i oma kallima s\u00fcgavamaid ja erootilisemad fantaasiad? Selleks on roosa lateks-imitatsiooni pesukomplekt Obsessive LollyPopy. Pehme roosa materjal, mis katsudes kui ka kandes meeldiv ja erutav, ei j\u00e4ta Teid kui ka Teie partnerit k\u00fclmaks.<\/p>\n<p>Komplekti kuuluvad bandeau-stiilis rinnahoidjad ja roosad ComvyCut lahendusega p\u00fcksikud, mis tagavad parima sobivuse. Komplekti v\u00f5ib kasutada ka basseinipidudel, mis ei j\u00e4ta \u00fchtegi silmapaari k\u00fclmaks.<\/p>\n<p><span style=\"color: #008000;\"><strong>DETAILS:<\/strong><\/span><\/p>\n<ul>\n<li>h\u00e4mmastav Lollypopy komplekt<\/li>\n<li>bandeau rinnahoidja loob mugavuse ja ideaalse sobivus<\/li>\n<li>ComfyCuti lahendusega alusp\u00fcksid &#8211; kandmismugavus<\/li>\n<li>p\u00fcksikutel rihmad puusadel<\/li>\n<li>l\u00e4ikiv, veniv materjal, mida on meeldiv katsuda ja kanda<\/li>\n<li>90% pol\u00fcuretaan, 10% elastaan<\/li>\n<\/ul>\n<p>Tutvu ka meie teiste <a href=\"https:\/\/pesu24.ee\/en\/omadus\/latekspesu\/\">latekspesudega<\/a>.<\/p>","protected":false},"excerpt":{"rendered":"<p>&#46;&#46;&#46;<\/p>","protected":false},"featured_media":16594,"comment_status":"open","ping_status":"closed","template":"","meta":{"_glsr_average":0,"_glsr_ranking":0,"_glsr_reviews":0},"product_brand":[500],"product_cat":[16],"product_tag":[398,160,199],"class_list":{"0":"post-17814","1":"product","2":"type-product","3":"status-publish","4":"has-post-thumbnail","6":"product_brand-obsessive","7":"product_cat-pesukomplektid","8":"product_tag-latekspesu","9":"product_tag-obsessive","10":"product_tag-roosa-naiste-pesu","11":"pa_suurus-l-xl","12":"pa_suurus-s-m","13":"pa_varvus-roosa","15":"first","16":"instock","17":"sold-individually","18":"taxable","19":"shipping-taxable","20":"purchasable","21":"product-type-variable"},"_links":{"self":[{"href":"https:\/\/pesu24.ee\/en\/wp-json\/wp\/v2\/product\/17814","targetHints":{"allow":["GET"]}}],"collection":[{"href":"https:\/\/pesu24.ee\/en\/wp-json\/wp\/v2\/product"}],"about":[{"href":"https:\/\/pesu24.ee\/en\/wp-json\/wp\/v2\/types\/product"}],"replies":[{"embeddable":true,"href":"https:\/\/pesu24.ee\/en\/wp-json\/wp\/v2\/comments?post=17814"}],"wp:featuredmedia":[{"embeddable":true,"href":"https:\/\/pesu24.ee\/en\/wp-json\/wp\/v2\/media\/16594"}],"wp:attachment":[{"href":"https:\/\/pesu24.ee\/en\/wp-json\/wp\/v2\/media?parent=17814"}],"wp:term":[{"taxonomy":"product_brand","embeddable":true,"href":"https:\/\/pesu24.ee\/en\/wp-json\/wp\/v2\/product_brand?post=17814"},{"taxonomy":"product_cat","embeddable":true,"href":"https:\/\/pesu24.ee\/en\/wp-json\/wp\/v2\/product_cat?post=17814"},{"taxonomy":"product_tag","embeddable":true,"href":"https:\/\/pesu24.ee\/en\/wp-json\/wp\/v2\/product_tag?post=17814"}],"curies":[{"name":"wp","href":"https:\/\/api.w.org\/{rel}","templated":true}]}}