{"id":17815,"date":"2025-08-18T21:32:20","date_gmt":"2025-08-18T18:32:20","guid":{"rendered":"https:\/\/pesu24.ee\/?post_type=product&#038;p=17815"},"modified":"2026-03-23T11:48:09","modified_gmt":"2026-03-23T09:48:09","slug":"avatud-rinnahoidjaga-3-osaline-pesukomplekt-obsessive-delishya","status":"publish","type":"product","link":"https:\/\/pesu24.ee\/en\/pesukomplektid\/avatud-rinnahoidjaga-3-osaline-pesukomplekt-obsessive-delishya\/","title":{"rendered":"Avatud rinnahoidjaga 3-osaline pesukomplekt Obsessive Delishya"},"content":{"rendered":"<p>Kas julgete proovida midagi uut? Laske end kanda naiselike paelte ja n\u00f6\u00f6ride, lehvikutest kaunistuste, p\u00f6\u00f6rase v\u00e4rvi ning disainiga, mis r\u00f5hutab jalgu. See on 3-osaline ulakas pesukomplekt Delishya.<\/p>\n<p>Komplekti kuulub avatud rinnahoidja, elegantse l\u00e4ikiva efektiga stringid ja paelte-n\u00f6\u00f6riline sukav\u00f6\u00f6 kuus sukatrippidega. Sukad ei kuulu komplekti, aga sobilikud sukad saab valida meie <a href=\"https:\/\/pesu24.ee\/en\/sukad\/\">sukkade sektsioonist<\/a>.<\/p>\n<p>Rinna &#8211; ja sukahoidja tagant astmelise kinnitusega, sukahoidjad ja \u00f5lapaelad reguleeritavad ning elastne, veniv ja mugav materjal \u00fchtekokku tagab ideaalse sobivuse. Materjal (95% pol\u00fcester ja 5% elastaan) on seljas v\u00e4ga mugav ning m\u00f5nus katsuda, samuti visuaalselt ilus, lilla l\u00e4ikega ja meenutab \u00f5rnalt lateksit.<\/p>\n<p><span style=\"color: #008000;\"><strong>KOMPLEKT SISALDAB:<\/strong><\/span><\/p>\n<ul>\n<li>avatud rinnahoidja<\/li>\n<li>stringid<\/li>\n<li>sukav\u00f6\u00f6<\/li>\n<li>NB! sukad ei kuulu komplekti<\/li>\n<\/ul>\n<p><span style=\"color: #008000;\"><strong>DETAILS:<\/strong><\/span><\/p>\n<ul>\n<li>disan, mis toob esile jalad, r\u00f5hutab rindu ja kaelaosa<\/li>\n<li>t\u00e4ielikult reguleeritav, tagab ideaalse sobivuse<\/li>\n<li>avatud rinnahoidjal alumised tugikaared<\/li>\n<li>sukad ei kuulu komplekti<\/li>\n<li>meeldiv materjal (95% pol\u00fcester, 5% elastaan)<\/li>\n<\/ul>\n<p>Vaata ka sama kollektsiooni <a href=\"https:\/\/pesu24.ee\/en\/babydollid\/babydoll-obsessive-delishya\/\">Delishya babydolli<\/a>.<\/p>\n<p><span style=\"color: #008000;\"><strong>VIDEO<\/strong><\/span><\/p>\n<div class=\"video-container\"><iframe loading=\"lazy\" title=\"PIKANTN\u00cd SET DELISHYA SET - OBSESSIVE\" width=\"500\" height=\"281\" src=\"https:\/\/www.youtube.com\/embed\/sl3cwiqhE9A?feature=oembed&#038;wmode=opaque\" frameborder=\"0\" allow=\"accelerometer; autoplay; clipboard-write; encrypted-media; gyroscope; picture-in-picture; web-share\" referrerpolicy=\"strict-origin-when-cross-origin\" allowfullscreen><\/iframe><\/div>","protected":false},"excerpt":{"rendered":"<p>&#46;&#46;&#46;<\/p>","protected":false},"featured_media":16602,"comment_status":"open","ping_status":"closed","template":"","meta":{"_glsr_average":0,"_glsr_ranking":0,"_glsr_reviews":0},"product_brand":[500],"product_cat":[16],"product_tag":[398,160],"class_list":{"0":"post-17815","1":"product","2":"type-product","3":"status-publish","4":"has-post-thumbnail","6":"product_brand-obsessive","7":"product_cat-pesukomplektid","8":"product_tag-latekspesu","9":"product_tag-obsessive","10":"pa_suurus-l-xl","11":"pa_suurus-s-m","12":"pa_varvus-lilla","14":"first","15":"instock","16":"sale","17":"sold-individually","18":"taxable","19":"shipping-taxable","20":"purchasable","21":"product-type-variable"},"_links":{"self":[{"href":"https:\/\/pesu24.ee\/en\/wp-json\/wp\/v2\/product\/17815","targetHints":{"allow":["GET"]}}],"collection":[{"href":"https:\/\/pesu24.ee\/en\/wp-json\/wp\/v2\/product"}],"about":[{"href":"https:\/\/pesu24.ee\/en\/wp-json\/wp\/v2\/types\/product"}],"replies":[{"embeddable":true,"href":"https:\/\/pesu24.ee\/en\/wp-json\/wp\/v2\/comments?post=17815"}],"wp:featuredmedia":[{"embeddable":true,"href":"https:\/\/pesu24.ee\/en\/wp-json\/wp\/v2\/media\/16602"}],"wp:attachment":[{"href":"https:\/\/pesu24.ee\/en\/wp-json\/wp\/v2\/media?parent=17815"}],"wp:term":[{"taxonomy":"product_brand","embeddable":true,"href":"https:\/\/pesu24.ee\/en\/wp-json\/wp\/v2\/product_brand?post=17815"},{"taxonomy":"product_cat","embeddable":true,"href":"https:\/\/pesu24.ee\/en\/wp-json\/wp\/v2\/product_cat?post=17815"},{"taxonomy":"product_tag","embeddable":true,"href":"https:\/\/pesu24.ee\/en\/wp-json\/wp\/v2\/product_tag?post=17815"}],"curies":[{"name":"wp","href":"https:\/\/api.w.org\/{rel}","templated":true}]}}