{"id":17816,"date":"2025-08-18T21:32:20","date_gmt":"2025-08-18T18:32:20","guid":{"rendered":"https:\/\/pesu24.ee\/?post_type=product&#038;p=17816"},"modified":"2025-08-21T14:15:23","modified_gmt":"2025-08-21T11:15:23","slug":"mustast-pitsist-3-osaline-pesukomplekt-obsessive-figurea","status":"publish","type":"product","link":"https:\/\/pesu24.ee\/en\/pesukomplektid\/mustast-pitsist-3-osaline-pesukomplekt-obsessive-figurea\/","title":{"rendered":"Mustast pitsist 3-osaline pesukomplekt Obsessive Figurea"},"content":{"rendered":"<p>Kui soovite leida maksimaalselt sensuaalset naistepesu ning olete pitsist pesu f\u00e4n, siis <strong>3-osaline Obsessive Figurea pesukomplekt<\/strong> on selleks igati sobilik.<\/p>\n<p>See pesukomplekt mitte ei muuda magamistuba kuumaks, vaid v\u00fcrtsitab rikaste maitsetega. Pesukomplekti kuuluvad pitsist ja v\u00f5rgust <strong>rinnahoidja<\/strong>, <strong>sukav\u00f6\u00f6<\/strong> ja <strong>stringid<\/strong>.<\/p>\n<p><strong>Rinnahoidja on<\/strong> tugikaartega ning venivate ja reguleeritavate paeltega, mis mitte ainult ei r\u00f5huta, vaid ka t\u00f5stab rindu. Rinnahoidja tagant astmelise kinnitusega ja reguleeritav ning \u00fchtlasi reguleeritav ka \u00f5lapaeltest, mis tagab ideaalse sobivuse.<\/p>\n<p><strong>Pitsiline ja avar sukav\u00f6\u00f6<\/strong> on koos nelja reguleeritava sukapaelaga.<\/p>\n<p>Lisaks komplektis ka tootefotodel olev sama pesukollektsiooni <strong>Obsessive Figurea stringid<\/strong>.<\/p>\n<p>Fotodel olevad sukad ei kuulu ei komplekti, aga kindlasti leiad omale sobivad meie <a href=\"https:\/\/pesu24.ee\/en\/sukad\/\">sukkade laiast valikust<\/a>. Kui soovite fotodel olevaid sukkasid, siis need on Obsessive S800 sukad, mida saab samuti osta meie e-poest.<\/p>\n<p><strong><span style=\"color: #008000;\">KOMPLEKT SISALDAB:<\/span><\/strong><\/p>\n<ul>\n<li>rinnahoidja<\/li>\n<li>stringid<\/li>\n<li>sukav\u00f6\u00f6<\/li>\n<li>NB! sukad ei kuulu komplekti<\/li>\n<\/ul>\n<p>Kombineerige komplekt endale meelep\u00e4raste <a href=\"https:\/\/pesu24.ee\/en\/sukad\/\">sukkadega<\/a>.<\/p>\n<p><strong><span style=\"color: #008000;\">DETAILS:<\/span><\/strong><\/p>\n<ul>\n<li>must 3-osaline elegantsest pitsist pesukomplekt Obsessive Figurea<\/li>\n<li>ahvatlev kombinatsioon pitsist ja v\u00f5rgulisest disainist<\/li>\n<li>rinnahoidja tugikaartega<\/li>\n<li>rinnahoidja tagant astmelise kinnitusega, \u00f5lapaeltest reguleeritav<\/li>\n<li>seksikas ripats rindade all<\/li>\n<li>\u00e4\u00e4rmiselt venivast materjalist kaunis sukav\u00f6\u00f6<\/li>\n<li>reguleeritavad sukahoidjad<\/li>\n<li>meeldiv Multistretch materjal (90% pol\u00fcamiidi, 10% elastaani)<\/li>\n<li>reguleeritavus ja elastne, siidine ning mugav materjal tagab ideaalse sobivuse<\/li>\n<\/ul>\n<p>Kui sellest k\u00f5igest j\u00e4i veel v\u00e4heks, siis saadaval on sama pesukollektsiooni paeltest &#8211; ja pitsist <a href=\"https:\/\/pesu24.ee\/en\/bodyd\/rindu-esiletoov-paeltest-ja-pitsist-body-obsessive-figurea\/\">body Obsessive Figurea<\/a>.<\/p>\n<p><span style=\"color: #008000;\"><strong>VIDEO<\/strong><\/span><\/p>\n<div class=\"video-container\"><iframe loading=\"lazy\" title=\"UNIK\u00c1TN\u00cd SET FIGUREA SET - OBSESSIVE\" width=\"500\" height=\"281\" src=\"https:\/\/www.youtube.com\/embed\/h-enA_XkNUc?feature=oembed&#038;wmode=opaque\" frameborder=\"0\" allow=\"accelerometer; autoplay; clipboard-write; encrypted-media; gyroscope; picture-in-picture; web-share\" referrerpolicy=\"strict-origin-when-cross-origin\" allowfullscreen><\/iframe><\/div>","protected":false},"excerpt":{"rendered":"<p>&#46;&#46;&#46;<\/p>","protected":false},"featured_media":16608,"comment_status":"open","ping_status":"closed","template":"","meta":{"_glsr_average":0,"_glsr_ranking":0,"_glsr_reviews":0},"product_brand":[500],"product_cat":[16],"product_tag":[160,400],"class_list":{"0":"post-17816","1":"product","2":"type-product","3":"status-publish","4":"has-post-thumbnail","6":"product_brand-obsessive","7":"product_cat-pesukomplektid","8":"product_tag-obsessive","9":"product_tag-pitsist-pesu-naistele","10":"pa_suurus-l-xl","11":"pa_suurus-s-m","12":"pa_varvus-must","14":"first","15":"instock","16":"sold-individually","17":"taxable","18":"shipping-taxable","19":"purchasable","20":"product-type-variable"},"_links":{"self":[{"href":"https:\/\/pesu24.ee\/en\/wp-json\/wp\/v2\/product\/17816","targetHints":{"allow":["GET"]}}],"collection":[{"href":"https:\/\/pesu24.ee\/en\/wp-json\/wp\/v2\/product"}],"about":[{"href":"https:\/\/pesu24.ee\/en\/wp-json\/wp\/v2\/types\/product"}],"replies":[{"embeddable":true,"href":"https:\/\/pesu24.ee\/en\/wp-json\/wp\/v2\/comments?post=17816"}],"wp:featuredmedia":[{"embeddable":true,"href":"https:\/\/pesu24.ee\/en\/wp-json\/wp\/v2\/media\/16608"}],"wp:attachment":[{"href":"https:\/\/pesu24.ee\/en\/wp-json\/wp\/v2\/media?parent=17816"}],"wp:term":[{"taxonomy":"product_brand","embeddable":true,"href":"https:\/\/pesu24.ee\/en\/wp-json\/wp\/v2\/product_brand?post=17816"},{"taxonomy":"product_cat","embeddable":true,"href":"https:\/\/pesu24.ee\/en\/wp-json\/wp\/v2\/product_cat?post=17816"},{"taxonomy":"product_tag","embeddable":true,"href":"https:\/\/pesu24.ee\/en\/wp-json\/wp\/v2\/product_tag?post=17816"}],"curies":[{"name":"wp","href":"https:\/\/api.w.org\/{rel}","templated":true}]}}