{"id":17818,"date":"2025-08-18T21:32:20","date_gmt":"2025-08-18T18:32:20","guid":{"rendered":"https:\/\/pesu24.ee\/?post_type=product&#038;p=17818"},"modified":"2025-11-12T12:39:14","modified_gmt":"2025-11-12T09:39:14","slug":"2-osaline-pesukomplekt-obsessive-sensuelia-punane","status":"publish","type":"product","link":"https:\/\/pesu24.ee\/en\/pesukomplektid\/2-osaline-pesukomplekt-obsessive-sensuelia-punane\/","title":{"rendered":"2-osaline pesukomplekt Obsessive Sensuelia"},"content":{"rendered":"<p>Kohe, kui selle komplekti selga panete, saate aru, et see loodi spetsiaalselt teie jaoks. Saatke oma kallimale foto oma uuest ilmest ja kuumad fantaasiad teie \u00fchise \u00f5htu kohta ei j\u00e4ta teda terve p\u00e4eva \u00fcksi. Ja kui ta koju tuleb, suunake oma sammud otse magamistuppa &#8211; v\u00f5ite olla kindel, et veedate unustamatuid hetki.<\/p>\n<p><span style=\"color: #008000;\"><strong>KOMPLEKT SISALDAB:<\/strong><\/span><\/p>\n<ul>\n<li>top<\/li>\n<li>stringid<\/li>\n<\/ul>\n<p>Komplektiga sobib ideaalselt kokku punane <a class=\"sex_shop\" href=\"https:\/\/pesu24.ee\/en\/hommikumantlid\/hommikumantel-obsessive-sensuelia-roheline\/\">Obsessive Sensuelia hommikumantel<\/a>.<\/p>\n<p><span style=\"color: #008000;\"><strong>DETAILS:<\/strong><\/span><\/p>\n<ul>\n<li>\u00fclimalt seksikas komplekt sisaldab top&#8217;i ja stringe<\/li>\n<li>v\u00e4rvus punane &amp; must<\/li>\n<li>omap\u00e4rane ning ahvatlev rinnahoida, mis seotakse \u00fcmber talje<\/li>\n<li>punase lipsuga kaunistatud pitsist stringid<\/li>\n<li>valmistatud mugavast materjalist (90% pol\u00fcamiid, 10% elastaan)<\/li>\n<\/ul>\n<p><span style=\"color: #008000;\"><strong>VIDEO<\/strong><\/span><\/p>\n<div class=\"video-container\"><iframe loading=\"lazy\" title=\"UNIK\u00c1TN\u00cd SET SENSUELIA SET RED - OBSESSIVE\" width=\"500\" height=\"281\" src=\"https:\/\/www.youtube.com\/embed\/jewroFWVhHg?feature=oembed&#038;wmode=opaque\" frameborder=\"0\" allow=\"accelerometer; autoplay; clipboard-write; encrypted-media; gyroscope; picture-in-picture; web-share\" referrerpolicy=\"strict-origin-when-cross-origin\" allowfullscreen><\/iframe><\/div>","protected":false},"excerpt":{"rendered":"<ul>\n<li>2-osaline valge pesukomplekt roosimustriga<\/li>\n<li>reguleeritavate \u00f5lapaeltega rinnahoidja<\/li>\n<li>rinnahoidjal tugikaared<\/li>\n<li>komplekt sisaldab rinnahoidjat ja stringe<\/li>\n<li>valmistatud mugavast materjalist (90% pol\u00fcamiid, 10% elastaan)<\/li>\n<\/ul>","protected":false},"featured_media":16622,"comment_status":"open","ping_status":"closed","template":"","meta":{"_glsr_average":0,"_glsr_ranking":0,"_glsr_reviews":0},"product_brand":[500],"product_cat":[16],"product_tag":[160],"class_list":{"0":"post-17818","1":"product","2":"type-product","3":"status-publish","4":"has-post-thumbnail","6":"product_brand-obsessive","7":"product_cat-pesukomplektid","8":"product_tag-obsessive","9":"pa_suurus-l-xl","10":"pa_suurus-s-m","11":"pa_suurus-xxl","12":"pa_varvus-punane","14":"first","15":"instock","16":"sold-individually","17":"taxable","18":"shipping-taxable","19":"purchasable","20":"product-type-variable"},"_links":{"self":[{"href":"https:\/\/pesu24.ee\/en\/wp-json\/wp\/v2\/product\/17818","targetHints":{"allow":["GET"]}}],"collection":[{"href":"https:\/\/pesu24.ee\/en\/wp-json\/wp\/v2\/product"}],"about":[{"href":"https:\/\/pesu24.ee\/en\/wp-json\/wp\/v2\/types\/product"}],"replies":[{"embeddable":true,"href":"https:\/\/pesu24.ee\/en\/wp-json\/wp\/v2\/comments?post=17818"}],"wp:featuredmedia":[{"embeddable":true,"href":"https:\/\/pesu24.ee\/en\/wp-json\/wp\/v2\/media\/16622"}],"wp:attachment":[{"href":"https:\/\/pesu24.ee\/en\/wp-json\/wp\/v2\/media?parent=17818"}],"wp:term":[{"taxonomy":"product_brand","embeddable":true,"href":"https:\/\/pesu24.ee\/en\/wp-json\/wp\/v2\/product_brand?post=17818"},{"taxonomy":"product_cat","embeddable":true,"href":"https:\/\/pesu24.ee\/en\/wp-json\/wp\/v2\/product_cat?post=17818"},{"taxonomy":"product_tag","embeddable":true,"href":"https:\/\/pesu24.ee\/en\/wp-json\/wp\/v2\/product_tag?post=17818"}],"curies":[{"name":"wp","href":"https:\/\/api.w.org\/{rel}","templated":true}]}}