{"id":17822,"date":"2025-08-18T21:32:21","date_gmt":"2025-08-18T18:32:21","guid":{"rendered":"https:\/\/pesu24.ee\/?post_type=product&#038;p=17822"},"modified":"2025-08-20T15:02:39","modified_gmt":"2025-08-20T12:02:39","slug":"2-osaline-pesukomplekt-beauty-night-federica","status":"publish","type":"product","link":"https:\/\/pesu24.ee\/en\/pesukomplektid\/2-osaline-pesukomplekt-beauty-night-federica\/","title":{"rendered":"2-osaline pesukomplekt Beauty Night Federica"},"content":{"rendered":"<p>Beauty Night Federica on valmistaud siidisest satiinist, mis on kaunistatud lillelise motiiviga. Komplekti kuuluvad p\u00fcksikud on tagant poolt seotavad paelaga. \u00dclimalt seksikas komplekt, mis ei j\u00e4ta \u00fchtegi meest magamistoas k\u00fclmaks &#8211; suurep\u00e4rane kingitus k\u00f5ige kallimale.<\/p>\n<p><span style=\"color: #008000;\"><strong>KOMPLEKT SISALDAB:<\/strong><\/span><\/p>\n<ul>\n<li>pluus (topp)<\/li>\n<li>p\u00fcksikud<\/li>\n<\/ul>\n<p><strong><span style=\"color: #008000;\">DETAILS:<\/span><\/strong><\/p>\n<ul>\n<li>seksikas ning naiselik komplekt<\/li>\n<li>valmistatud siidisest satiinist<\/li>\n<li>kaunistatud lillelise motiiviga<\/li>\n<li>p\u00fcksikud tagant seotavad<\/li>\n<li>saadaval kolmes suuruses: S\/M, L\/XL ja XXL<\/li>\n<li>mugav ning elastne materjal (97% pol\u00fcester, 3% elastaan)<\/li>\n<\/ul>","protected":false},"excerpt":{"rendered":"<p>&#46;&#46;&#46;<\/p>","protected":false},"featured_media":16655,"comment_status":"open","ping_status":"closed","template":"","meta":{"_glsr_average":0,"_glsr_ranking":0,"_glsr_reviews":0},"product_brand":[503],"product_cat":[16],"product_tag":[403],"class_list":{"0":"post-17822","1":"product","2":"type-product","3":"status-publish","4":"has-post-thumbnail","6":"product_brand-beauty-night","7":"product_cat-pesukomplektid","8":"product_tag-beauty-night","9":"pa_suurus-l-xl","10":"pa_suurus-s-m","11":"pa_suurus-xxl","12":"pa_varvus-valge","14":"first","15":"instock","16":"sold-individually","17":"taxable","18":"shipping-taxable","19":"purchasable","20":"product-type-variable"},"_links":{"self":[{"href":"https:\/\/pesu24.ee\/en\/wp-json\/wp\/v2\/product\/17822","targetHints":{"allow":["GET"]}}],"collection":[{"href":"https:\/\/pesu24.ee\/en\/wp-json\/wp\/v2\/product"}],"about":[{"href":"https:\/\/pesu24.ee\/en\/wp-json\/wp\/v2\/types\/product"}],"replies":[{"embeddable":true,"href":"https:\/\/pesu24.ee\/en\/wp-json\/wp\/v2\/comments?post=17822"}],"wp:featuredmedia":[{"embeddable":true,"href":"https:\/\/pesu24.ee\/en\/wp-json\/wp\/v2\/media\/16655"}],"wp:attachment":[{"href":"https:\/\/pesu24.ee\/en\/wp-json\/wp\/v2\/media?parent=17822"}],"wp:term":[{"taxonomy":"product_brand","embeddable":true,"href":"https:\/\/pesu24.ee\/en\/wp-json\/wp\/v2\/product_brand?post=17822"},{"taxonomy":"product_cat","embeddable":true,"href":"https:\/\/pesu24.ee\/en\/wp-json\/wp\/v2\/product_cat?post=17822"},{"taxonomy":"product_tag","embeddable":true,"href":"https:\/\/pesu24.ee\/en\/wp-json\/wp\/v2\/product_tag?post=17822"}],"curies":[{"name":"wp","href":"https:\/\/api.w.org\/{rel}","templated":true}]}}