{"id":17927,"date":"2025-08-18T21:32:33","date_gmt":"2025-08-18T18:32:33","guid":{"rendered":"https:\/\/pesu24.ee\/?post_type=product&#038;p=17927"},"modified":"2025-12-03T11:33:19","modified_gmt":"2025-12-03T08:33:19","slug":"3-osaline-pesukomplekt-beauty-night-marilyn","status":"publish","type":"product","link":"https:\/\/pesu24.ee\/en\/pesukomplektid\/3-osaline-pesukomplekt-beauty-night-marilyn\/","title":{"rendered":"3-osaline pesukomplekt Beauty Night Marilyn"},"content":{"rendered":"<p>Beauty Night Marilyn 3-osaline pesukomplekt on valmistatud elastsest l\u00e4ikivast materjalist, mis on kombineeritud k\u00fctkestava musta pitsiga. Osaliselt avatud rinnahoidja ei j\u00e4ta k\u00fclmaks mitte \u00fchtegi meesterahvast.<\/p>\n<p><span style=\"color: #008000;\"><strong>KOMPLEKT SISALDAB:<\/strong><\/span><\/p>\n<ul>\n<li>osaliselt avatud rinnahoidja<\/li>\n<li>stringid<\/li>\n<li>sukav\u00f6\u00f6<\/li>\n<li>NB! sukad ei kuulu komplekti<\/li>\n<\/ul>\n<p>Komplekt sobib kokku <a href=\"https:\/\/pesu24.ee\/en\/sukad\/sukad-beauty-night-romance-mustad\/\">Beauty Night Romance sukkadega<\/a>.<\/p>\n<p><strong><span style=\"color: #008000;\">DETAILS:<\/span><\/strong><\/p>\n<ul>\n<li>\u00fclimalt seksikas naiselik komplekt<\/li>\n<li>rinnakorvil tugikaared<\/li>\n<li>taga astmeline kinnitus<\/li>\n<li>reguleeritavad \u00f5lapaelad<\/li>\n<li>6 reguleeritavat sukapaela<\/li>\n<li>valmistatud mugavast ja elastsest materjalist (88% pol\u00fcester, 12% elastaan)<\/li>\n<\/ul>","protected":false},"excerpt":{"rendered":"<p>&#46;&#46;&#46;<\/p>","protected":false},"featured_media":16783,"comment_status":"open","ping_status":"closed","template":"","meta":{"_glsr_average":0,"_glsr_ranking":0,"_glsr_reviews":0},"product_brand":[503],"product_cat":[16],"product_tag":[403],"class_list":{"0":"post-17927","1":"product","2":"type-product","3":"status-publish","4":"has-post-thumbnail","6":"product_brand-beauty-night","7":"product_cat-pesukomplektid","8":"product_tag-beauty-night","9":"pa_suurus-l-xl","10":"pa_suurus-s-m","11":"pa_varvus-must","13":"first","14":"instock","15":"sold-individually","16":"taxable","17":"shipping-taxable","18":"purchasable","19":"product-type-variable"},"_links":{"self":[{"href":"https:\/\/pesu24.ee\/en\/wp-json\/wp\/v2\/product\/17927","targetHints":{"allow":["GET"]}}],"collection":[{"href":"https:\/\/pesu24.ee\/en\/wp-json\/wp\/v2\/product"}],"about":[{"href":"https:\/\/pesu24.ee\/en\/wp-json\/wp\/v2\/types\/product"}],"replies":[{"embeddable":true,"href":"https:\/\/pesu24.ee\/en\/wp-json\/wp\/v2\/comments?post=17927"}],"wp:featuredmedia":[{"embeddable":true,"href":"https:\/\/pesu24.ee\/en\/wp-json\/wp\/v2\/media\/16783"}],"wp:attachment":[{"href":"https:\/\/pesu24.ee\/en\/wp-json\/wp\/v2\/media?parent=17927"}],"wp:term":[{"taxonomy":"product_brand","embeddable":true,"href":"https:\/\/pesu24.ee\/en\/wp-json\/wp\/v2\/product_brand?post=17927"},{"taxonomy":"product_cat","embeddable":true,"href":"https:\/\/pesu24.ee\/en\/wp-json\/wp\/v2\/product_cat?post=17927"},{"taxonomy":"product_tag","embeddable":true,"href":"https:\/\/pesu24.ee\/en\/wp-json\/wp\/v2\/product_tag?post=17927"}],"curies":[{"name":"wp","href":"https:\/\/api.w.org\/{rel}","templated":true}]}}