{"id":17928,"date":"2025-08-18T21:32:33","date_gmt":"2025-08-18T18:32:33","guid":{"rendered":"https:\/\/pesu24.ee\/?post_type=product&#038;p=17928"},"modified":"2025-08-28T10:35:10","modified_gmt":"2025-08-28T07:35:10","slug":"2-osaline-pesukomplekt-beauty-night-mellissa-valge","status":"publish","type":"product","link":"https:\/\/pesu24.ee\/en\/pesukomplektid\/2-osaline-pesukomplekt-beauty-night-mellissa-valge\/","title":{"rendered":"2-osaline pesukomplekt Beauty Night Mellissa"},"content":{"rendered":"<p>Beauty Night Mellissa on seksikas kahe osaline pesukomplekt, mis on valmistatud pehmest ja siidisest satiinist. Top on k\u00fclgedelt seotav (avatav) ning eest ja tagant kaunistatud pitsiga. P\u00fcksikutel on k\u00fclgedel sissel\u00f5iked, mis toovad esile reied ning muudavad kandmise mugavamaks.<\/p>\n<p><span style=\"color: #008000;\"><strong>KOMPLEKT SISALDAB:<\/strong><\/span><\/p>\n<ul>\n<li>pluus<\/li>\n<li>p\u00fcksikud<\/li>\n<\/ul>\n<p><strong><span style=\"color: #008000;\">DETAILS:<\/span><\/strong><\/p>\n<ul>\n<li>seksikas ning naiselik komplekt<\/li>\n<li>v\u00e4rvus valge<\/li>\n<li>valmistatud siidisest satiinist<\/li>\n<li>kaunistatud pitsiga<\/li>\n<li>top k\u00fclgedelt avatav<\/li>\n<li>mugav ning elastne materjal (97% pol\u00fcester, 3% elastaan)<\/li>\n<\/ul>","protected":false},"excerpt":{"rendered":"<p>&#46;&#46;&#46;<\/p>","protected":false},"featured_media":16792,"comment_status":"open","ping_status":"closed","template":"","meta":{"_glsr_average":0,"_glsr_ranking":0,"_glsr_reviews":0},"product_brand":[503],"product_cat":[16],"product_tag":[403],"class_list":{"0":"post-17928","1":"product","2":"type-product","3":"status-publish","4":"has-post-thumbnail","6":"product_brand-beauty-night","7":"product_cat-pesukomplektid","8":"product_tag-beauty-night","9":"pa_suurus-l-xl","10":"pa_suurus-s-m","11":"pa_suurus-xxl","12":"pa_varvus-valge","14":"first","15":"instock","16":"sale","17":"sold-individually","18":"taxable","19":"shipping-taxable","20":"purchasable","21":"product-type-variable"},"_links":{"self":[{"href":"https:\/\/pesu24.ee\/en\/wp-json\/wp\/v2\/product\/17928","targetHints":{"allow":["GET"]}}],"collection":[{"href":"https:\/\/pesu24.ee\/en\/wp-json\/wp\/v2\/product"}],"about":[{"href":"https:\/\/pesu24.ee\/en\/wp-json\/wp\/v2\/types\/product"}],"replies":[{"embeddable":true,"href":"https:\/\/pesu24.ee\/en\/wp-json\/wp\/v2\/comments?post=17928"}],"wp:featuredmedia":[{"embeddable":true,"href":"https:\/\/pesu24.ee\/en\/wp-json\/wp\/v2\/media\/16792"}],"wp:attachment":[{"href":"https:\/\/pesu24.ee\/en\/wp-json\/wp\/v2\/media?parent=17928"}],"wp:term":[{"taxonomy":"product_brand","embeddable":true,"href":"https:\/\/pesu24.ee\/en\/wp-json\/wp\/v2\/product_brand?post=17928"},{"taxonomy":"product_cat","embeddable":true,"href":"https:\/\/pesu24.ee\/en\/wp-json\/wp\/v2\/product_cat?post=17928"},{"taxonomy":"product_tag","embeddable":true,"href":"https:\/\/pesu24.ee\/en\/wp-json\/wp\/v2\/product_tag?post=17928"}],"curies":[{"name":"wp","href":"https:\/\/api.w.org\/{rel}","templated":true}]}}