{"id":17930,"date":"2025-08-18T21:32:33","date_gmt":"2025-08-18T18:32:33","guid":{"rendered":"https:\/\/pesu24.ee\/?post_type=product&#038;p=17930"},"modified":"2025-10-12T02:31:02","modified_gmt":"2025-10-11T23:31:02","slug":"5-osaline-pesukomplekt-beauty-night-shaquila","status":"publish","type":"product","link":"https:\/\/pesu24.ee\/en\/pesukomplektid\/5-osaline-pesukomplekt-beauty-night-shaquila\/","title":{"rendered":"5-osaline pesukomplekt Beauty Night Shaquila"},"content":{"rendered":"<p>Beauty Night Shaquila on viie osaline sensuaalne pesukomplekt, mis sisaldab k\u00f5ike vajalikku, et muuta rutiinseks muutunud \u00f5htud taas erutavaks ja meeldej\u00e4\u00e4vaks.<\/p>\n<p>Originaalse v\u00e4ljan\u00e4gemisega rinnahoidja on valmistatud elastsest l\u00e4ikivast materjalist, mis on kaunistatud pitsiga. Lisaks on komplektiga kaasas kaks sidumispaela, millega saate k\u00e4ed seksikalt reite k\u00fclge siduda.<\/p>\n<p><span style=\"color: #008000;\"><strong>KOMPLEKT SISALDAB:<\/strong><\/span><\/p>\n<ul>\n<li>avatud rinnahoidja<\/li>\n<li>stringid<\/li>\n<li>silmadeside<\/li>\n<li>kaks sidumispaela<\/li>\n<\/ul>\n<p><strong><span style=\"color: #008000;\">DETAILS:<\/span><\/strong><\/p>\n<ul>\n<li>omap\u00e4rane &amp; sensuaalne komplekt<\/li>\n<li>osaliselt avatud rinnahoidja tagant seotav<\/li>\n<li>reguleeritavad \u00f5lapaelad<\/li>\n<li>mugav ning elastne materjal (65% pol\u00fcester, 30% pol\u00fcamiid, 5% elastaam)<\/li>\n<\/ul>","protected":false},"excerpt":{"rendered":"<p>&#46;&#46;&#46;<\/p>","protected":false},"featured_media":16806,"comment_status":"open","ping_status":"closed","template":"","meta":{"_glsr_average":0,"_glsr_ranking":0,"_glsr_reviews":0},"product_brand":[503],"product_cat":[16],"product_tag":[403],"class_list":{"0":"post-17930","1":"product","2":"type-product","3":"status-publish","4":"has-post-thumbnail","6":"product_brand-beauty-night","7":"product_cat-pesukomplektid","8":"product_tag-beauty-night","9":"pa_suurus-l-xl","10":"pa_suurus-s-m","11":"pa_varvus-must","13":"first","14":"instock","15":"sold-individually","16":"taxable","17":"shipping-taxable","18":"purchasable","19":"product-type-variable"},"_links":{"self":[{"href":"https:\/\/pesu24.ee\/en\/wp-json\/wp\/v2\/product\/17930","targetHints":{"allow":["GET"]}}],"collection":[{"href":"https:\/\/pesu24.ee\/en\/wp-json\/wp\/v2\/product"}],"about":[{"href":"https:\/\/pesu24.ee\/en\/wp-json\/wp\/v2\/types\/product"}],"replies":[{"embeddable":true,"href":"https:\/\/pesu24.ee\/en\/wp-json\/wp\/v2\/comments?post=17930"}],"wp:featuredmedia":[{"embeddable":true,"href":"https:\/\/pesu24.ee\/en\/wp-json\/wp\/v2\/media\/16806"}],"wp:attachment":[{"href":"https:\/\/pesu24.ee\/en\/wp-json\/wp\/v2\/media?parent=17930"}],"wp:term":[{"taxonomy":"product_brand","embeddable":true,"href":"https:\/\/pesu24.ee\/en\/wp-json\/wp\/v2\/product_brand?post=17930"},{"taxonomy":"product_cat","embeddable":true,"href":"https:\/\/pesu24.ee\/en\/wp-json\/wp\/v2\/product_cat?post=17930"},{"taxonomy":"product_tag","embeddable":true,"href":"https:\/\/pesu24.ee\/en\/wp-json\/wp\/v2\/product_tag?post=17930"}],"curies":[{"name":"wp","href":"https:\/\/api.w.org\/{rel}","templated":true}]}}