{"id":17935,"date":"2025-08-18T21:32:34","date_gmt":"2025-08-18T18:32:34","guid":{"rendered":"https:\/\/pesu24.ee\/?post_type=product&#038;p=17935"},"modified":"2025-08-20T15:02:39","modified_gmt":"2025-08-20T12:02:39","slug":"3-osaline-pesukomplekt-beauty-night-berenice","status":"publish","type":"product","link":"https:\/\/pesu24.ee\/en\/pesukomplektid\/3-osaline-pesukomplekt-beauty-night-berenice\/","title":{"rendered":"3-osaline pesukomplekt Beauty Night Berenice"},"content":{"rendered":"<p>Beauty Night Berenice on kolme osaline ulakas komplekt, mis on valmistatud l\u00e4ikivast materjalist, t\u00fcllist ja sensuaalsest pitsist. Komplektis sisalduv korsett (taljev\u00f6\u00f6) toob esile naiselikud vormid. Suurep\u00e4rane kingitus k\u00f5ige kallimale, millest saate hiljem koos r\u00f5\u00f5mu tunda.<\/p>\n<p><span style=\"color: #008000;\"><strong>KOMPLEKT SISALDAB:<\/strong><\/span><\/p>\n<ul>\n<li>taljev\u00f6\u00f6<\/li>\n<li>seelik<\/li>\n<li>simaside<\/li>\n<li>NB! Sukad ei kuulu komplekti<\/li>\n<\/ul>\n<p>Komplekt sobib kokku <a href=\"https:\/\/pesu24.ee\/en\/sukad\/sukad-beauty-night-romance-mustad\/\">Beauty Night Romance mustade sukkadega<\/a>.<\/p>\n<p><strong><span style=\"color: #008000;\">DETAILS:<\/span><\/strong><\/p>\n<ul>\n<li>valmistatud l\u00e4ikivast materjalist, t\u00fcllist, pitsist<\/li>\n<li>korsett (taljev\u00f6\u00f6) tagant seotav<\/li>\n<li>reguleeritavad sukapaelad<\/li>\n<li>mugav ning elastne materjal (65% pol\u00fcester, 30% pol\u00fcamiid, 5% elastaan)<\/li>\n<\/ul>","protected":false},"excerpt":{"rendered":"<p>&#46;&#46;&#46;<\/p>","protected":false},"featured_media":16853,"comment_status":"open","ping_status":"closed","template":"","meta":{"_glsr_average":0,"_glsr_ranking":0,"_glsr_reviews":0},"product_brand":[503],"product_cat":[16],"product_tag":[403],"class_list":{"0":"post-17935","1":"product","2":"type-product","3":"status-publish","4":"has-post-thumbnail","6":"product_brand-beauty-night","7":"product_cat-pesukomplektid","8":"product_tag-beauty-night","9":"pa_suurus-l-xl","10":"pa_suurus-s-m","11":"pa_varvus-must","13":"first","14":"instock","15":"sold-individually","16":"taxable","17":"shipping-taxable","18":"purchasable","19":"product-type-variable"},"_links":{"self":[{"href":"https:\/\/pesu24.ee\/en\/wp-json\/wp\/v2\/product\/17935","targetHints":{"allow":["GET"]}}],"collection":[{"href":"https:\/\/pesu24.ee\/en\/wp-json\/wp\/v2\/product"}],"about":[{"href":"https:\/\/pesu24.ee\/en\/wp-json\/wp\/v2\/types\/product"}],"replies":[{"embeddable":true,"href":"https:\/\/pesu24.ee\/en\/wp-json\/wp\/v2\/comments?post=17935"}],"wp:featuredmedia":[{"embeddable":true,"href":"https:\/\/pesu24.ee\/en\/wp-json\/wp\/v2\/media\/16853"}],"wp:attachment":[{"href":"https:\/\/pesu24.ee\/en\/wp-json\/wp\/v2\/media?parent=17935"}],"wp:term":[{"taxonomy":"product_brand","embeddable":true,"href":"https:\/\/pesu24.ee\/en\/wp-json\/wp\/v2\/product_brand?post=17935"},{"taxonomy":"product_cat","embeddable":true,"href":"https:\/\/pesu24.ee\/en\/wp-json\/wp\/v2\/product_cat?post=17935"},{"taxonomy":"product_tag","embeddable":true,"href":"https:\/\/pesu24.ee\/en\/wp-json\/wp\/v2\/product_tag?post=17935"}],"curies":[{"name":"wp","href":"https:\/\/api.w.org\/{rel}","templated":true}]}}