{"id":17947,"date":"2025-08-18T21:32:34","date_gmt":"2025-08-18T18:32:34","guid":{"rendered":"https:\/\/pesu24.ee\/?post_type=product&#038;p=17947"},"modified":"2026-01-08T11:17:06","modified_gmt":"2026-01-08T08:17:06","slug":"2-osaline-pesukomplekt-passion-kyouka-valge","status":"publish","type":"product","link":"https:\/\/pesu24.ee\/en\/pesukomplektid\/2-osaline-pesukomplekt-passion-kyouka-valge\/","title":{"rendered":"2-osaline pesukomplekt Passion Kyouka"},"content":{"rendered":"<p>Passion Kyouka on seksikas 2-osaline pesukomplekt, mille avatud rinnahoidja ei j\u00e4ta k\u00fclmaks mitte \u00fchtegi meesterahvast. Komplekt on valmistatud elastsest materjalist, mist\u00f5ttu sobitub selga perfektselt ning ka kandmine on \u00fclimalt mugav.<\/p>\n<p><span style=\"color: #008000\"><strong>KOMPLEKT SISALDAB:<\/strong><\/span><\/p>\n<ul>\n<li>avatud rinnahoidja<\/li>\n<li>stringid<\/li>\n<\/ul>\n<p><span style=\"color: #008000\"><strong>DETAILS:<\/strong><\/span><\/p>\n<ul>\n<li>v\u00e4rvus valge<\/li>\n<li>reguleeritavad \u00f5lapaelad<\/li>\n<li>taga astmeline kinnitus<\/li>\n<li>rinnakorvil tugikaared<\/li>\n<li>mugav ning elastne materjal (75% pol\u00fcester, 15% pol\u00fcamiid, 10% elastaan)<\/li>\n<\/ul>\n<p><span style=\"color: #008000\"><strong>TUTVUSTAV VIDEO:<\/strong><\/span><\/p>\n<div style=\"width: 640px;\" class=\"wp-video\"><video class=\"wp-video-shortcode\" id=\"video-17947-1\" width=\"640\" height=\"360\" preload=\"metadata\" controls=\"controls\"><source type=\"video\/mp4\" src=\"https:\/\/passion.pl\/filmy\/kyouka_set.mp4?_=1\" \/><a href=\"https:\/\/passion.pl\/filmy\/kyouka_set.mp4\">https:\/\/passion.pl\/filmy\/kyouka_set.mp4<\/a><\/video><\/div>","protected":false},"excerpt":{"rendered":"<p>&#46;&#46;&#46;<\/p>","protected":false},"featured_media":16940,"comment_status":"open","ping_status":"closed","template":"","meta":{"_glsr_average":0,"_glsr_ranking":0,"_glsr_reviews":0},"product_brand":[504],"product_cat":[16],"product_tag":[387],"class_list":{"0":"post-17947","1":"product","2":"type-product","3":"status-publish","4":"has-post-thumbnail","6":"product_brand-passion","7":"product_cat-pesukomplektid","8":"product_tag-passion","9":"pa_suurus-l-xl","10":"pa_suurus-s-m","11":"pa_varvus-valge","13":"first","14":"instock","15":"sale","16":"sold-individually","17":"taxable","18":"shipping-taxable","19":"purchasable","20":"product-type-variable"},"_links":{"self":[{"href":"https:\/\/pesu24.ee\/en\/wp-json\/wp\/v2\/product\/17947","targetHints":{"allow":["GET"]}}],"collection":[{"href":"https:\/\/pesu24.ee\/en\/wp-json\/wp\/v2\/product"}],"about":[{"href":"https:\/\/pesu24.ee\/en\/wp-json\/wp\/v2\/types\/product"}],"replies":[{"embeddable":true,"href":"https:\/\/pesu24.ee\/en\/wp-json\/wp\/v2\/comments?post=17947"}],"wp:featuredmedia":[{"embeddable":true,"href":"https:\/\/pesu24.ee\/en\/wp-json\/wp\/v2\/media\/16940"}],"wp:attachment":[{"href":"https:\/\/pesu24.ee\/en\/wp-json\/wp\/v2\/media?parent=17947"}],"wp:term":[{"taxonomy":"product_brand","embeddable":true,"href":"https:\/\/pesu24.ee\/en\/wp-json\/wp\/v2\/product_brand?post=17947"},{"taxonomy":"product_cat","embeddable":true,"href":"https:\/\/pesu24.ee\/en\/wp-json\/wp\/v2\/product_cat?post=17947"},{"taxonomy":"product_tag","embeddable":true,"href":"https:\/\/pesu24.ee\/en\/wp-json\/wp\/v2\/product_tag?post=17947"}],"curies":[{"name":"wp","href":"https:\/\/api.w.org\/{rel}","templated":true}]}}