{"id":17962,"date":"2025-08-18T21:32:39","date_gmt":"2025-08-18T18:32:39","guid":{"rendered":"https:\/\/pesu24.ee\/?post_type=product&#038;p=17962"},"modified":"2025-08-20T14:54:21","modified_gmt":"2025-08-20T11:54:21","slug":"2-osaline-kettidega-kaunistatud-pesukomplekt-obsessive-pantheria","status":"publish","type":"product","link":"https:\/\/pesu24.ee\/en\/pesukomplektid\/2-osaline-kettidega-kaunistatud-pesukomplekt-obsessive-pantheria\/","title":{"rendered":"2-osaline kettidega kaunistatud pesukomplekt Obsessive Pantheria"},"content":{"rendered":"<p><strong>Kui otsite pesukomplekti, mis r\u00f5hutab t\u00e4iuslikult teie naiselikke vorme, kaunistused loovad dromantilise ja erootilise atmosf\u00e4\u00e4ri ning muster ergutab meeli, siis selleks sobibki 2-osaline pesukomplekt Pantheria.<\/strong><\/p>\n<p>Pesukomplekt koosneb rinnahoidjatest ja stringidest, mis kaunistatud kuldsete kettidega. Valmistatud elastsest ja siidisest materjalist, mida v\u00e4ga m\u00f5nus katsuda ja keha vastas tunda.<\/p>\n<p><span style=\"color: #008000;\"><strong>KOMPLEKT SISALDAB:<\/strong><\/span><\/p>\n<ul>\n<li>rinnahoidja<\/li>\n<li>stringid<\/li>\n<\/ul>\n<p><span style=\"color: #008000;\"><strong>DETAILS:<\/strong><\/span><\/p>\n<ul>\n<li>rinnahoidja reguleeritav<\/li>\n<li>kaunistatud kuldsete kettidega<\/li>\n<li>siidine ja elastne materjal<\/li>\n<li>70% pol\u00fcamiid, 20% metall, 10% elastaan<\/li>\n<\/ul>\n<p><span style=\"color: #008000;\"><strong>VIDEO<\/strong><\/span><\/p>\n<div class=\"video-container\"><iframe loading=\"lazy\" title=\"OKOUZLUJ\u00cdC\u00cd SET PANTHERIA SET - OBSESSIVE\" width=\"500\" height=\"281\" src=\"https:\/\/www.youtube.com\/embed\/TbL8ODDLZME?feature=oembed&#038;wmode=opaque\" frameborder=\"0\" allow=\"accelerometer; autoplay; clipboard-write; encrypted-media; gyroscope; picture-in-picture; web-share\" referrerpolicy=\"strict-origin-when-cross-origin\" allowfullscreen><\/iframe><\/div>","protected":false},"excerpt":{"rendered":"<p>https:\/\/www.youtube.com\/watch?v=TbL8ODDLZME<\/p>","protected":false},"featured_media":17048,"comment_status":"open","ping_status":"closed","template":"","meta":{"_glsr_average":0,"_glsr_ranking":0,"_glsr_reviews":0},"product_brand":[500],"product_cat":[16],"product_tag":[160],"class_list":{"0":"post-17962","1":"product","2":"type-product","3":"status-publish","4":"has-post-thumbnail","6":"product_brand-obsessive","7":"product_cat-pesukomplektid","8":"product_tag-obsessive","9":"pa_suurus-l-xl","10":"pa_suurus-s-m","11":"pa_varvus-must","13":"first","14":"instock","15":"sold-individually","16":"taxable","17":"shipping-taxable","18":"purchasable","19":"product-type-variable"},"_links":{"self":[{"href":"https:\/\/pesu24.ee\/en\/wp-json\/wp\/v2\/product\/17962","targetHints":{"allow":["GET"]}}],"collection":[{"href":"https:\/\/pesu24.ee\/en\/wp-json\/wp\/v2\/product"}],"about":[{"href":"https:\/\/pesu24.ee\/en\/wp-json\/wp\/v2\/types\/product"}],"replies":[{"embeddable":true,"href":"https:\/\/pesu24.ee\/en\/wp-json\/wp\/v2\/comments?post=17962"}],"wp:featuredmedia":[{"embeddable":true,"href":"https:\/\/pesu24.ee\/en\/wp-json\/wp\/v2\/media\/17048"}],"wp:attachment":[{"href":"https:\/\/pesu24.ee\/en\/wp-json\/wp\/v2\/media?parent=17962"}],"wp:term":[{"taxonomy":"product_brand","embeddable":true,"href":"https:\/\/pesu24.ee\/en\/wp-json\/wp\/v2\/product_brand?post=17962"},{"taxonomy":"product_cat","embeddable":true,"href":"https:\/\/pesu24.ee\/en\/wp-json\/wp\/v2\/product_cat?post=17962"},{"taxonomy":"product_tag","embeddable":true,"href":"https:\/\/pesu24.ee\/en\/wp-json\/wp\/v2\/product_tag?post=17962"}],"curies":[{"name":"wp","href":"https:\/\/api.w.org\/{rel}","templated":true}]}}