{"id":17963,"date":"2025-08-18T21:32:39","date_gmt":"2025-08-18T18:32:39","guid":{"rendered":"https:\/\/pesu24.ee\/?post_type=product&#038;p=17963"},"modified":"2025-08-20T14:54:21","modified_gmt":"2025-08-20T11:54:21","slug":"2-osaline-kettidega-kaunistatud-pesukomplekt-body-obsessive-chainty","status":"publish","type":"product","link":"https:\/\/pesu24.ee\/en\/pesukomplektid\/2-osaline-kettidega-kaunistatud-pesukomplekt-body-obsessive-chainty\/","title":{"rendered":"2-osaline kettidega kaunistatud pesukomplekt-body Obsessive Chainty"},"content":{"rendered":"<p><strong>Paljastav ja v\u00e4he fantaasiale ruumi j\u00e4ttev roosa 2-osaline kettidega kaunistatud pesukomplekt-body Obssessive Chainty. Pesukomplekti kuuluvad stringid ja kaelapael, mis omavahel \u00fchendatud h\u00f5bedaste kettidega.\u00a0<\/strong><\/p>\n<p>Stringidel samuti taga kasutatu seksikaid kette, mis r\u00f5hutavad tuharaid ja k\u00fclgedel topelrihmad toovad esile puusad. Stringe on v\u00f5imalik osta ka eraldi. Selleks tutvu <a href=\"https:\/\/pesu24.ee\/en\/stringid-puksikud\/tagant-kettidega-roosad-stringid-obsessive-chainty\/\">Chainty stringidega<\/a>.<\/p>\n<p><span style=\"color: #008000;\"><strong>KOMPLEKT SISALDAB:<\/strong><\/span><\/p>\n<ul>\n<li>kaelapael<\/li>\n<li>stringid<\/li>\n<\/ul>\n<p><span style=\"color: #008000;\"><strong>DETAILS:<\/strong><\/span><\/p>\n<ul>\n<li>2-osaline pesukomplekt\/body<\/li>\n<li>rinnad t\u00e4ielikult paljastatud<\/li>\n<li>stringid tagant kettidega<\/li>\n<li>kaelapeal \u00fchendatud kettidega<\/li>\n<li>m\u00f5nusalt mugav ja meeldiv materjal<\/li>\n<li>70% pol\u00fcamiid, 20% metall ja 10% elastaan<\/li>\n<\/ul>\n<p><span style=\"color: #008000;\"><strong>VIDEO<\/strong><\/span><\/p>\n<div class=\"video-container\"><iframe loading=\"lazy\" title=\"\u017dHAV\u00dd SET CHAINTY SET - OBSESSIVE\" width=\"500\" height=\"281\" src=\"https:\/\/www.youtube.com\/embed\/9yooWcUx0Nk?feature=oembed&#038;wmode=opaque\" frameborder=\"0\" allow=\"accelerometer; autoplay; clipboard-write; encrypted-media; gyroscope; picture-in-picture; web-share\" referrerpolicy=\"strict-origin-when-cross-origin\" allowfullscreen><\/iframe><\/div>","protected":false},"excerpt":{"rendered":"<p>https:\/\/www.youtube.com\/watch?v=9yooWcUx0Nk<\/p>","protected":false},"featured_media":17054,"comment_status":"open","ping_status":"closed","template":"","meta":{"_glsr_average":0,"_glsr_ranking":0,"_glsr_reviews":0},"product_brand":[500],"product_cat":[16],"product_tag":[160,199],"class_list":{"0":"post-17963","1":"product","2":"type-product","3":"status-publish","4":"has-post-thumbnail","6":"product_brand-obsessive","7":"product_cat-pesukomplektid","8":"product_tag-obsessive","9":"product_tag-roosa-naiste-pesu","10":"pa_suurus-l-xl","11":"pa_suurus-s-m","12":"pa_varvus-roosa","14":"first","15":"instock","16":"sale","17":"sold-individually","18":"taxable","19":"shipping-taxable","20":"purchasable","21":"product-type-variable"},"_links":{"self":[{"href":"https:\/\/pesu24.ee\/en\/wp-json\/wp\/v2\/product\/17963","targetHints":{"allow":["GET"]}}],"collection":[{"href":"https:\/\/pesu24.ee\/en\/wp-json\/wp\/v2\/product"}],"about":[{"href":"https:\/\/pesu24.ee\/en\/wp-json\/wp\/v2\/types\/product"}],"replies":[{"embeddable":true,"href":"https:\/\/pesu24.ee\/en\/wp-json\/wp\/v2\/comments?post=17963"}],"wp:featuredmedia":[{"embeddable":true,"href":"https:\/\/pesu24.ee\/en\/wp-json\/wp\/v2\/media\/17054"}],"wp:attachment":[{"href":"https:\/\/pesu24.ee\/en\/wp-json\/wp\/v2\/media?parent=17963"}],"wp:term":[{"taxonomy":"product_brand","embeddable":true,"href":"https:\/\/pesu24.ee\/en\/wp-json\/wp\/v2\/product_brand?post=17963"},{"taxonomy":"product_cat","embeddable":true,"href":"https:\/\/pesu24.ee\/en\/wp-json\/wp\/v2\/product_cat?post=17963"},{"taxonomy":"product_tag","embeddable":true,"href":"https:\/\/pesu24.ee\/en\/wp-json\/wp\/v2\/product_tag?post=17963"}],"curies":[{"name":"wp","href":"https:\/\/api.w.org\/{rel}","templated":true}]}}