{"id":17964,"date":"2025-08-18T21:32:39","date_gmt":"2025-08-18T18:32:39","guid":{"rendered":"https:\/\/pesu24.ee\/?post_type=product&#038;p=17964"},"modified":"2026-03-23T12:25:21","modified_gmt":"2026-03-23T10:25:21","slug":"rakmetega-fetish-pesukomplekt-obsessive-a758-harness-alumine-osa","status":"publish","type":"product","link":"https:\/\/pesu24.ee\/en\/pesukomplektid\/rakmetega-fetish-pesukomplekt-obsessive-a758-harness-alumine-osa\/","title":{"rendered":"Rakmetega fetish pesukomplekt Obsessive A758 Harness (alumine osa)"},"content":{"rendered":"<p>Valged rakmed fetish &#8211; ja rollim\u00e4ngudeks pesubr\u00e4ndilt Obsessive. Komplekt koosneb kahest osast &#8211; \u00fclemine ja alumine osa, mis tuleb eraldi osta.<\/p>\n<p>Alumine osa t\u00e4ielikul avatud ning reguleeritav, mis loob ideaalse sobivuse. Valmistatud materjalist, mida m\u00f5nus ja meeldiv puudutada ning m\u00f5nus ja erootiline keha vastas tunda.<\/p>\n<p>Fotodel oleb body komplekti ei kuulu, agas tegu on <a href=\"https:\/\/pesu24.ee\/en\/bodyd\/body-obsessive-b123\/\">Obssessive B123 bodyga<\/a>.<\/p>\n<p><span style=\"color: #008000;\"><strong>OMADUSED<\/strong><\/span><\/p>\n<ul>\n<li>akumine osa, \u00fclemina osa tuleb eraldi osta, mida saab teha siin<\/li>\n<li>valmistatud nahka meenutavast materjalist<\/li>\n<li>materjali v\u00e4ga m\u00f5nus ja meeldiv puudatada<\/li>\n<li>m\u00f5nus ja erootiline keha vastas tunda<\/li>\n<li>reguleeritav, loob ideaalse sobivuse<\/li>\n<\/ul>\n<p>\u00dclemine osa saadaval samuti meie e-poes. Tutvu \u00fclemise osaga.<\/p>","protected":false},"excerpt":{"rendered":"<p>&#46;&#46;&#46;<\/p>","protected":false},"featured_media":17062,"comment_status":"open","ping_status":"closed","template":"","meta":{"_glsr_average":0,"_glsr_ranking":0,"_glsr_reviews":0},"product_brand":[500],"product_cat":[16],"product_tag":[160],"class_list":{"0":"post-17964","1":"product","2":"type-product","3":"status-publish","4":"has-post-thumbnail","6":"product_brand-obsessive","7":"product_cat-pesukomplektid","8":"product_tag-obsessive","9":"pa_suurus-universaalsuurus","10":"pa_suurus-xxl","11":"pa_varvus-valge","13":"first","14":"instock","15":"sale","16":"sold-individually","17":"taxable","18":"shipping-taxable","19":"purchasable","20":"product-type-variable"},"_links":{"self":[{"href":"https:\/\/pesu24.ee\/en\/wp-json\/wp\/v2\/product\/17964","targetHints":{"allow":["GET"]}}],"collection":[{"href":"https:\/\/pesu24.ee\/en\/wp-json\/wp\/v2\/product"}],"about":[{"href":"https:\/\/pesu24.ee\/en\/wp-json\/wp\/v2\/types\/product"}],"replies":[{"embeddable":true,"href":"https:\/\/pesu24.ee\/en\/wp-json\/wp\/v2\/comments?post=17964"}],"wp:featuredmedia":[{"embeddable":true,"href":"https:\/\/pesu24.ee\/en\/wp-json\/wp\/v2\/media\/17062"}],"wp:attachment":[{"href":"https:\/\/pesu24.ee\/en\/wp-json\/wp\/v2\/media?parent=17964"}],"wp:term":[{"taxonomy":"product_brand","embeddable":true,"href":"https:\/\/pesu24.ee\/en\/wp-json\/wp\/v2\/product_brand?post=17964"},{"taxonomy":"product_cat","embeddable":true,"href":"https:\/\/pesu24.ee\/en\/wp-json\/wp\/v2\/product_cat?post=17964"},{"taxonomy":"product_tag","embeddable":true,"href":"https:\/\/pesu24.ee\/en\/wp-json\/wp\/v2\/product_tag?post=17964"}],"curies":[{"name":"wp","href":"https:\/\/api.w.org\/{rel}","templated":true}]}}