{"id":17965,"date":"2025-08-18T21:32:39","date_gmt":"2025-08-18T18:32:39","guid":{"rendered":"https:\/\/pesu24.ee\/?post_type=product&#038;p=17965"},"modified":"2026-03-23T11:38:50","modified_gmt":"2026-03-23T09:38:50","slug":"3-osaline-pesukomplekt-obsessive-astralya","status":"publish","type":"product","link":"https:\/\/pesu24.ee\/en\/pesukomplektid\/3-osaline-pesukomplekt-obsessive-astralya\/","title":{"rendered":"3-osaline pesukomplekt Obsessive Astralya"},"content":{"rendered":"<p><strong>Meil on v\u00e4ga hea meel tutvustada uut Obssesive seksikat kolmeosalist pesukomplekti Astralya. See on l\u00e4bimaistvast materjalist ja sensuaalsete t\u00e4hekeste mustriga komplekt, mis r\u00f5hutab naiselikku figuuri.<\/strong><\/p>\n<p>Materjal on meeldivalt pehme, siidine ja elastne, mida on v\u00e4ga mugav kanda ja \u00fclimalt meeldiv ning m\u00f5nus puudutada ja keha vastas tunda. Komplekti kuuluvad rinnahoidja, sukav\u00f6\u00f6 ja stringid. Sukad komplekti ei kuulu, aga saab osta samuti meie e-poest.<\/p>\n<p>Rinnahoidja tugikaartega ja \u00f5lapaeltest reguleeritav ning tagant astmelise kinnitusega. Sukav\u00f6\u00f6 sukapaelad samuti reguleeritavad. Veniv ja elastne materjal ning reguleeritavus loob ideaalse sobivuse.<\/p>\n<p><span style=\"color: #008000;\"><strong>KOMPLEKT SISALDAB:<\/strong><\/span><\/p>\n<ul>\n<li>rinnahoidja<\/li>\n<li>stringid<\/li>\n<li>sukav\u00f6\u00f6<\/li>\n<li>NB! sukad ei kuulu komplekti<\/li>\n<\/ul>\n<p><span style=\"color: #008000;\"><strong>DETAILS:<\/strong><\/span><\/p>\n<ul>\n<li>rinnahoidjal tugikaared, \u00f5lapaeltest reguleeritav ja tagant astmelise kinnitusega<\/li>\n<li>sukav\u00f6\u00f6l neli reguleeritavat sukapaela<\/li>\n<li>pehme ja elastne materjal<\/li>\n<li>mugav kanda ning m\u00f5nus katsuda ja keha vastas tunda<\/li>\n<\/ul>\n<p>Sukad ei kuulu komplekti, aga need saab samuti osta meie e-poest. Selleks tutvu <a href=\"https:\/\/pesu24.ee\/en\/sukad\/sukad-obsessive-s800\/\">S800 mustade sukkadega<\/a> ja muuda see pesukomplekt perfektseks. Lisaks kui antud stiil meeldib, siis kindlasti vaata ka sama pesukollektsiooni Astralya seksikat \u00f6\u00f6s\u00e4rki.<\/p>\n<p><span style=\"color: #008000;\"><strong>VIDEO<\/strong><\/span><\/p>\n<div class=\"video-container\"><iframe loading=\"lazy\" title=\"N\u011a\u017dN\u00dd SET ASTRALYA SET - OBSESSIVE\" width=\"500\" height=\"281\" src=\"https:\/\/www.youtube.com\/embed\/b2X0kiA2dYc?feature=oembed&#038;wmode=opaque\" frameborder=\"0\" allow=\"accelerometer; autoplay; clipboard-write; encrypted-media; gyroscope; picture-in-picture; web-share\" referrerpolicy=\"strict-origin-when-cross-origin\" allowfullscreen><\/iframe><\/div>","protected":false},"excerpt":{"rendered":"<p>&#46;&#46;&#46;<\/p>","protected":false},"featured_media":17068,"comment_status":"open","ping_status":"closed","template":"","meta":{"_glsr_average":0,"_glsr_ranking":0,"_glsr_reviews":0},"product_brand":[500],"product_cat":[16],"product_tag":[160],"class_list":{"0":"post-17965","1":"product","2":"type-product","3":"status-publish","4":"has-post-thumbnail","6":"product_brand-obsessive","7":"product_cat-pesukomplektid","8":"product_tag-obsessive","9":"pa_suurus-l-xl","10":"pa_suurus-s-m","12":"first","13":"instock","14":"sale","15":"sold-individually","16":"taxable","17":"shipping-taxable","18":"purchasable","19":"product-type-variable"},"_links":{"self":[{"href":"https:\/\/pesu24.ee\/en\/wp-json\/wp\/v2\/product\/17965","targetHints":{"allow":["GET"]}}],"collection":[{"href":"https:\/\/pesu24.ee\/en\/wp-json\/wp\/v2\/product"}],"about":[{"href":"https:\/\/pesu24.ee\/en\/wp-json\/wp\/v2\/types\/product"}],"replies":[{"embeddable":true,"href":"https:\/\/pesu24.ee\/en\/wp-json\/wp\/v2\/comments?post=17965"}],"wp:featuredmedia":[{"embeddable":true,"href":"https:\/\/pesu24.ee\/en\/wp-json\/wp\/v2\/media\/17068"}],"wp:attachment":[{"href":"https:\/\/pesu24.ee\/en\/wp-json\/wp\/v2\/media?parent=17965"}],"wp:term":[{"taxonomy":"product_brand","embeddable":true,"href":"https:\/\/pesu24.ee\/en\/wp-json\/wp\/v2\/product_brand?post=17965"},{"taxonomy":"product_cat","embeddable":true,"href":"https:\/\/pesu24.ee\/en\/wp-json\/wp\/v2\/product_cat?post=17965"},{"taxonomy":"product_tag","embeddable":true,"href":"https:\/\/pesu24.ee\/en\/wp-json\/wp\/v2\/product_tag?post=17965"}],"curies":[{"name":"wp","href":"https:\/\/api.w.org\/{rel}","templated":true}]}}