{"id":17970,"date":"2025-08-18T21:32:39","date_gmt":"2025-08-18T18:32:39","guid":{"rendered":"https:\/\/pesu24.ee\/?post_type=product&#038;p=17970"},"modified":"2025-08-21T14:17:27","modified_gmt":"2025-08-21T11:17:27","slug":"2-osaline-pesukomplekt-obsessive-laurise","status":"publish","type":"product","link":"https:\/\/pesu24.ee\/en\/pesukomplektid\/2-osaline-pesukomplekt-obsessive-laurise\/","title":{"rendered":"2-osaline pesukomplekt Obsessive Laurise"},"content":{"rendered":"<p><strong>2-osaline pesukomplekt Obsessive Laurise on traditsioonilise l\u00f5ikega pesukomplekt, mida on mugav kanda nii magamistoas kui ka igap\u00e4evatoimetusi tehes aluspesuna. Komplekti kuuluvad tugikaartega rinnahodija ja p\u00fcksikud.<\/strong><\/p>\n<p>Valmistatud \u00f5rnast ja venivast kangast (90% pol\u00fcamiid, 10% elastaan), mida on v\u00e4ga m\u00f5nus kanda ja meeldiv keha vastas tunda. Rinnahoidja tagant astmelise kinnitusega ja \u00f5lapaeltest reguleeritav, mis koos elastse kangaga tagab ideaalse sobivuse.<\/p>\n<p>Rinnahoidja l\u00f5ige kui ka rinnahoidjatel olev kaunistus r\u00f5hutab rindu. V\u00e4ga sobilik komplekt ka suurema rinnakorviga naisele. Saadaval nii suruses S\/M, L\/XL ja XXL.<\/p>\n<p><span style=\"color: #008000;\"><strong>KOMPLEKT SISALDAB:<\/strong><\/span><\/p>\n<ul>\n<li>stringid<\/li>\n<li>p\u00fcksikud<\/li>\n<\/ul>\n<p><span style=\"color: #008000;\"><strong>DETAILS:<\/strong><\/span><\/p>\n<ul>\n<li>2-osaline pesukomplekt<\/li>\n<li>komplektis rinnahoidja ja p\u00fcksikud<\/li>\n<li>rinnahoidja tugikaartega<\/li>\n<li>rinnahoidja tagant astmelise kinnitusega<\/li>\n<li>rinnahoidja \u00f5lapaeltest reguleeritav<\/li>\n<li>mugav ja elastne materjal<\/li>\n<li>kvaliteetsest kangast (90% pol\u00fcamiid, 10% elastaan)<\/li>\n<li>saadaval erinevad suurused<\/li>\n<\/ul>\n<p>Kui toode meeldib, siis samast Laurise pesukollektsioonist on saadaval ka naiselik Laurise babydoll koos stringidega ning kaunis ja seksikas <a href=\"https:\/\/pesu24.ee\/en\/korsetid\/korsett-obsessive-laurise\/\">Laurise korsett<\/a> koos sukapaeltega.<\/p>\n<p><span style=\"color: #008000;\"><strong>VIDEO<\/strong><\/span><\/p>\n<div class=\"video-container\"><iframe loading=\"lazy\" title=\"ELEGANTN\u00cd SET LAURISE SET - OBSESSIVE\" width=\"500\" height=\"281\" src=\"https:\/\/www.youtube.com\/embed\/BQCC7dWn63U?feature=oembed&#038;wmode=opaque\" frameborder=\"0\" allow=\"accelerometer; autoplay; clipboard-write; encrypted-media; gyroscope; picture-in-picture; web-share\" referrerpolicy=\"strict-origin-when-cross-origin\" allowfullscreen><\/iframe><\/div>","protected":false},"excerpt":{"rendered":"<p>&#46;&#46;&#46;<\/p>","protected":false},"featured_media":17110,"comment_status":"open","ping_status":"closed","template":"","meta":{"_glsr_average":0,"_glsr_ranking":0,"_glsr_reviews":0},"product_brand":[500],"product_cat":[16],"product_tag":[160],"class_list":{"0":"post-17970","1":"product","2":"type-product","3":"status-publish","4":"has-post-thumbnail","6":"product_brand-obsessive","7":"product_cat-pesukomplektid","8":"product_tag-obsessive","9":"pa_suurus-l-xl","10":"pa_suurus-s-m","11":"pa_suurus-xxl-xxxl","12":"pa_varvus-must","14":"first","15":"instock","16":"sold-individually","17":"taxable","18":"shipping-taxable","19":"purchasable","20":"product-type-variable"},"_links":{"self":[{"href":"https:\/\/pesu24.ee\/en\/wp-json\/wp\/v2\/product\/17970","targetHints":{"allow":["GET"]}}],"collection":[{"href":"https:\/\/pesu24.ee\/en\/wp-json\/wp\/v2\/product"}],"about":[{"href":"https:\/\/pesu24.ee\/en\/wp-json\/wp\/v2\/types\/product"}],"replies":[{"embeddable":true,"href":"https:\/\/pesu24.ee\/en\/wp-json\/wp\/v2\/comments?post=17970"}],"wp:featuredmedia":[{"embeddable":true,"href":"https:\/\/pesu24.ee\/en\/wp-json\/wp\/v2\/media\/17110"}],"wp:attachment":[{"href":"https:\/\/pesu24.ee\/en\/wp-json\/wp\/v2\/media?parent=17970"}],"wp:term":[{"taxonomy":"product_brand","embeddable":true,"href":"https:\/\/pesu24.ee\/en\/wp-json\/wp\/v2\/product_brand?post=17970"},{"taxonomy":"product_cat","embeddable":true,"href":"https:\/\/pesu24.ee\/en\/wp-json\/wp\/v2\/product_cat?post=17970"},{"taxonomy":"product_tag","embeddable":true,"href":"https:\/\/pesu24.ee\/en\/wp-json\/wp\/v2\/product_tag?post=17970"}],"curies":[{"name":"wp","href":"https:\/\/api.w.org\/{rel}","templated":true}]}}